{"id":6965,"date":"2026-03-20T15:26:50","date_gmt":"2026-03-20T14:26:50","guid":{"rendered":"https:\/\/www.aq-tech.fr\/fr\/?page_id=6965"},"modified":"2026-03-20T21:48:39","modified_gmt":"2026-03-20T20:48:39","slug":"clinatec","status":"publish","type":"page","link":"https:\/\/www.aq-tech.fr\/fr\/realisations\/clinatec\/","title":{"rendered":"Clinatec"},"content":{"rendered":"<div id=\"Realisations\">\r\n  <!-- BLOC 1 : TITRE -->\r\n  <div id=\"Bloc1Titre\" class=\"TroisQuart\">\r\n    <img decoding=\"async\" class=\"imagetitre\" src=\"\/wp-content\/themes\/ThemeAQTech2025-2\/_MediaTheme2025\/Image\/Realisations\/Clinatec\/clinatec-banniere.webp\" alt=\"Clinatec \u2013 Bonnet de photobiomodulation transcr\u00e2nienne\"\/>\r\n    <div class=\"video-overlay\"><\/div>\r\n    <div id=\"Bloc1TitreContent\">\r\n      <div class=\"container\">\r\n        <img decoding=\"async\" src=\"\/wp-content\/themes\/ThemeAQTech2025-2\/_MediaTheme2025\/Image\/All\/Fleche-Droite.webp\" alt=\"Fleche\" class=\"animate-slide-up\" \/>\r\n        <h1 class=\"animate-slide-up\">Clinatec \/ CEA<\/h1>\r\n        <h2 class=\"animate-slide-up\">Bonnet de photobiomodulation transcr\u00e2nienne<\/h2>\r\n      <\/div>\r\n    <\/div>\r\n  <\/div>\r\n\r\n  <!-- BLOC 2 : CONTEXTE -->\r\n  <div id=\"Bloc2Intro\" class=\"ImageTexte TroisQuart BlocGris20\">\r\n    <div class=\"container relative\">\r\n      <img decoding=\"async\" class=\"absolute\" src=\"\/wp-content\/themes\/ThemeAQTech2025-2\/_MediaTheme2025\/Image\/All\/Fleche-Haut.webp\" \/>\r\n      <div class=\"ImageTexteBlocImgContainer\" style=\"margin-top: 50px\">\r\n        <img decoding=\"async\" src=\"\/wp-content\/themes\/ThemeAQTech2025-2\/_MediaTheme2025\/Image\/Realisations\/Clinatec\/clinatec-vignette.webp\" alt=\"Bonnet Clinatec photobiomodulation\" \/>\r\n      <\/div>\r\n      <div id=\"Bloc2AccueilTextContainer\" class=\"ImageTexteBlocTextContainer animate-slide-right\">\r\n        <h2>Un dispositif m\u00e9dical innovant pour la stimulation c\u00e9r\u00e9brale<\/h2>\r\n        <div class=\"titre-underline\"><\/div>\r\n        <p>\r\n          Ce bonnet de photobiomodulation transcr\u00e2nienne est un <strong>dispositif m\u00e9dical non invasif<\/strong> utilisant une lumi\u00e8re proche infrarouge pour cibler les tissus c\u00e9r\u00e9braux.\r\n        <\/p>\r\n        <p>\r\n          D\u00e9velopp\u00e9 pour des applications en traitement de neurod\u00e9g\u00e9n\u00e9ratives, traumatismes c\u00e9r\u00e9braux, troubles psychiatriques, il int\u00e8gre une architecture textile permettant d&rsquo;accueillir un syst\u00e8me de diffusion homog\u00e8ne et contr\u00f4l\u00e9e de l\u2019\u00e9nergie lumineuse.\r\n        <\/p>\r\n        <p>\r\n          L\u2019objectif : concevoir un dispositif fiable, reproductible et compatible avec des protocoles cliniques exigeants.\r\n        <\/p>\r\n      <\/div>\r\n    <\/div>\r\n  <\/div>\r\n\r\n  <!-- BLOC 3 : APPROCHE AQ-TECH -->\r\n  <div id=\"Bloc3Detail\">\r\n    <div class=\"TitreCentre container\">\r\n      <h2>Notre approche technique<\/h2>\r\n      <div class=\"titre-underline\"><\/div>\r\n      <p class=\"black\">\r\n        <span class=\"bold\">Un accompagnement complet du prototype fonctionnel \u00e0 la production certifi\u00e9e.<\/span>\r\n      <\/p>\r\n    <\/div>\r\n\r\n    <div class=\"container\">\r\n\r\n      <!-- ARCHITECTURE -->\r\n      <div class=\"bloc_expertise expertise_debut animate-slide-left\">\r\n        <img loading=\"lazy\" decoding=\"async\" src=\"\/wp-content\/themes\/ThemeAQTech2025-2\/_MediaTheme2025\/Image\/All\/Fleche-Droite.webp\" alt=\"\" class=\"expertise_fleche\" \/>\r\n        <div class=\"bloc_expertise_img_container\">\r\n          <img loading=\"lazy\" decoding=\"async\" src=\"\/wp-content\/themes\/ThemeAQTech2025-2\/_MediaTheme2025\/Image\/Realisations\/Clinatec\/clinatec-architecture.webp\" alt=\"Architecture syst\u00e8me Clinatec\" \/>\r\n        <\/div>\r\n        <div class=\"bloc_expertise_text_container\">\r\n          <h2>Architecture &#038; prise en main<\/h2>\r\n          <div class=\"titre-underline\"><\/div>\r\n          <p class=\"bold black\">Structuration compl\u00e8te du syst\u00e8me.<\/p>\r\n          <ul class=\"black\">\r\n            <li>+ Analyse du prototype existant<\/li>\r\n            <li>+ D\u00e9finition de l\u2019architecture \u00e9lectronique, m\u00e9canique et textile<\/li>\r\n            <li>+ Int\u00e9gration des contraintes m\u00e9dicales et normatives<\/li>\r\n            <li>+ Gestion du contr\u00f4le pr\u00e9cis de la dose lumineuse<\/li>\r\n          <\/ul>\r\n        <\/div>\r\n      <\/div>\r\n\r\n      <!-- DEV -->\r\n      <div class=\"bloc_expertise expertise_gauche animate-slide-right\">\r\n        <img loading=\"lazy\" decoding=\"async\" src=\"\/wp-content\/themes\/ThemeAQTech2025-2\/_MediaTheme2025\/Image\/All\/Fleche-Haut.webp\" alt=\"\" class=\"expertise_fleche\" \/>\r\n        <div class=\"bloc_expertise_img_container\">\r\n          <img loading=\"lazy\" decoding=\"async\" src=\"\/wp-content\/themes\/ThemeAQTech2025-2\/_MediaTheme2025\/Image\/Realisations\/Clinatec\/clinatec-conception.webp\" alt=\"D\u00e9veloppement Clinatec\" \/>\r\n        <\/div>\r\n        <div class=\"bloc_expertise_text_container\">\r\n          <h2>Conception &#038; validation<\/h2>\r\n          <div class=\"titre-underline\"><\/div>\r\n          <p class=\"bold black\">D\u00e9veloppement d\u2019un dispositif fiable et reproductible.<\/p>\r\n          <ul class=\"black\">\r\n            <li>+ Int\u00e9gration \u00e9lectronique embarqu\u00e9e<\/li>\r\n            <li>+ Int\u00e9gration textile fonctionnelle<\/li>\r\n            <li>+ Tests fonctionnels et validation<\/li>\r\n            <li>+ Optimisation pour usage clinique<\/li>\r\n          <\/ul>\r\n        <\/div>\r\n      <\/div>\r\n\r\n      <!-- CERTIF & PROD -->\r\n      <div class=\"bloc_expertise expertise_droite animate-slide-left\">\r\n        <img loading=\"lazy\" decoding=\"async\" src=\"\/wp-content\/themes\/ThemeAQTech2025-2\/_MediaTheme2025\/Image\/All\/Fleche-Haut.webp\" alt=\"\" class=\"expertise_fleche\" \/>\r\n        <div class=\"bloc_expertise_img_container\">\r\n          <img loading=\"lazy\" decoding=\"async\" src=\"\/wp-content\/themes\/ThemeAQTech2025-2\/_MediaTheme2025\/Image\/Realisations\/Clinatec\/clinatec-production.webp\" alt=\"Production Clinatec\" \/>\r\n        <\/div>\r\n        <div class=\"bloc_expertise_text_container\">\r\n          <h2>Certification &#038; production<\/h2>\r\n          <div class=\"titre-underline\"><\/div>\r\n          <p class=\"bold black\">Passage au dispositif m\u00e9dical certifi\u00e9.<\/p>\r\n          <ul class=\"black\">\r\n            <li>+ Documentation pour certification DM classe IIa<\/li>\r\n            <li>+ Mise en place tra\u00e7abilit\u00e9 produit<\/li>\r\n            <li>+ Production petites s\u00e9ries et tests finaux<\/li>\r\n          <\/ul>\r\n        <\/div>\r\n      <\/div>\r\n\r\n    <\/div>\r\n  <\/div>\r\n\r\n  <!-- BLOC 4 : R\u00c9SULTATS -->\r\n  <div id=\"Bloc4Resultats\" class=\"BlocGris20\">\r\n    <div class=\"container TitreCentre\">\r\n      <h2>R\u00e9sultats &#038; impact<\/h2>\r\n      <div class=\"titre-underline\"><\/div>\r\n      <p>\r\n        Le dispositif est aujourd\u2019hui <strong>certifi\u00e9 dispositif m\u00e9dical classe IIa<\/strong> et produit en petites s\u00e9ries avec tra\u00e7abilit\u00e9 compl\u00e8te.\r\n      <\/p>\r\n      <p>\r\n        Il est actuellement utilis\u00e9 dans des <strong>essais cliniques<\/strong>, permettant l\u2019\u00e9valuation de la photobiomodulation dans diff\u00e9rents contextes neurologiques.\r\n      <\/p>\r\n      <p><strong>Statut :<\/strong> produit certifi\u00e9 \u2014 en essai clinique<\/p>\r\n    <\/div>\r\n  <\/div>\r\n\r\n  <!-- BLOC 5 -->\r\n  <div id=\"Bloc5Parcours\" class=\"MultiCol DeuxCol BlocNoir20 animate-slide-right\">\r\n    <div class=\"container\">\r\n      <div class=\"TitreCentre container\">\r\n        <h2>Des expertises compl\u00e9mentaires<\/h2>\r\n        <div class=\"titre-underline\"><\/div>\r\n        <h3>Une ma\u00eetrise compl\u00e8te des dispositifs m\u00e9dicaux<\/h3>\r\n        <p>\r\n          AQ-Tech combine ing\u00e9nierie produit, \u00e9lectronique embarqu\u00e9e et industrialisation pour transformer des prototypes en dispositifs m\u00e9dicaux certifi\u00e9s.\r\n        <\/p>\r\n      <\/div>\r\n\r\n      <div class=\"list_carre_container\">\r\n\r\n        <div class=\"list_carre_article\">\r\n          <div class=\"image-carre\">\r\n            <img loading=\"lazy\" decoding=\"async\" src=\"\/wp-content\/themes\/ThemeAQTech2025-2\/_MediaTheme2025\/Image\/Realisations\/T-Shirt Smart-Textile.webp\" alt=\"Expertise Smart Textile AQ-Tech\" \/>\r\n          <\/div>\r\n          <h3>Smart Textile<\/h3>\r\n          <div class=\"titre-underline\"><\/div>\r\n          <p>Int\u00e9gration de capteurs, conducteurs et modules connect\u00e9s dans les v\u00eatements.<\/p>\r\n          <div class=\"btn-orange liensection\">\r\n            <a href=\"\/fr\/poles\/smart-textile\/\">+ D\u00e9couvrir<\/a>\r\n          <\/div>\r\n        <\/div>\r\n\r\n        <div class=\"list_carre_article\">\r\n          <div class=\"image-carre\"><img loading=\"lazy\" decoding=\"async\" src=\"\/wp-content\/themes\/ThemeAQTech2025-2\/_MediaTheme2025\/Image\/Realisations\/bureau_d_etudes_mecanique.webp\" \/><\/div>\r\n          <h3>M\u00e9canique<\/h3>\r\n          <div class=\"titre-underline\"><\/div>\r\n          <p>Int\u00e9gration produit et conception adapt\u00e9e aux contraintes m\u00e9dicales.<\/p>\r\n          <div class=\"btn-orange liensection\">\r\n            <a href=\"\/fr\/expertises\/mecanique\/\">+ En savoir plus<\/a>\r\n          <\/div>\r\n        <\/div>\r\n\r\n      <\/div>\r\n    <\/div>\r\n  <\/div>\r\n\r\n  <!-- CTA -->\r\n  <div id=\"BlocCTA\" class=\"ImageTexte TroisQuart\">\r\n    <div class=\"container relative\">\r\n      <img loading=\"lazy\" decoding=\"async\" class=\"absolute\" src=\"\/wp-content\/themes\/ThemeAQTech2025-2\/_MediaTheme2025\/Image\/All\/Fleche-Haut.webp\" \/>\t\r\n      <div class=\"ImageTexteBlocImgContainer\">\r\n        <img loading=\"lazy\" decoding=\"async\" src=\"\/wp-content\/themes\/ThemeAQTech2025-2\/_MediaTheme2025\/Image\/Contact\/LienContact.webp\" \/>\r\n      <\/div>\r\n      <div id=\"Bloc2AccueilTextContainer\" class=\"ImageTexteBlocTextContainer animate-slide-right\">\r\n        <h2>Un projet m\u00e9dical ?<\/h2>\r\n        <div class=\"titre-underline\"><\/div>\r\n        <p>\r\n          AQ-Tech vous accompagne du prototype \u00e0 la certification et \u00e0 la production de vos dispositifs m\u00e9dicaux.\r\n        <\/p>\r\n        <div class=\"btn-orange\">\r\n          <a href=\"\/fr\/contact\/\">+ Nous contacter<\/a>\r\n        <\/div>\r\n      <\/div>\r\n    <\/div>\r\n  <\/div>\r\n\r\n<\/div>","protected":false},"excerpt":{"rendered":"<p>Clinatec \/ CEA Bonnet de photobiomodulation transcr\u00e2nienne Un dispositif m\u00e9dical innovant pour la stimulation c\u00e9r\u00e9brale Ce bonnet de photobiomodulation transcr\u00e2nienne est un dispositif m\u00e9dical non invasif utilisant une lumi\u00e8re proche infrarouge pour cibler les tissus c\u00e9r\u00e9braux. D\u00e9velopp\u00e9 pour des applications en traitement de neurod\u00e9g\u00e9n\u00e9ratives, traumatismes c\u00e9r\u00e9braux, troubles psychiatriques, il int\u00e8gre une architecture textile permettant d&rsquo;accueillir [&hellip;]<\/p>\n","protected":false},"author":1,"featured_media":0,"parent":6520,"menu_order":0,"comment_status":"closed","ping_status":"closed","template":"","meta":{"footnotes":""},"class_list":["post-6965","page","type-page","status-publish","hentry"],"yoast_head":"<!-- This site is optimized with the Yoast SEO plugin v26.2 - https:\/\/yoast.com\/wordpress\/plugins\/seo\/ -->\n<title>Clinatec \/ CEA \u2013 Bonnet de photobiomodulation transcr\u00e2nienne | AQ-Tech<\/title>\n<meta name=\"description\" content=\"AQ-Tech a d\u00e9velopp\u00e9 pour Clinatec\/CEA un bonnet de photobiomodulation transcr\u00e2nienne \u2014 du prototype au dispositif m\u00e9dical certifi\u00e9 classe IIa, aujourd&#039;hui en essai clinique.\" \/>\n<meta name=\"robots\" content=\"index, follow, max-snippet:-1, max-image-preview:large, max-video-preview:-1\" \/>\n<link rel=\"canonical\" href=\"https:\/\/www.aq-tech.fr\/fr\/realisations\/clinatec\/\" \/>\n<meta property=\"og:locale\" content=\"fr_FR\" \/>\n<meta property=\"og:type\" content=\"article\" \/>\n<meta property=\"og:title\" content=\"Clinatec \/ CEA \u2013 Bonnet de photobiomodulation transcr\u00e2nienne | AQ-Tech\" \/>\n<meta property=\"og:description\" content=\"AQ-Tech a d\u00e9velopp\u00e9 pour Clinatec\/CEA un bonnet de photobiomodulation transcr\u00e2nienne \u2014 du prototype au dispositif m\u00e9dical certifi\u00e9 classe IIa, aujourd&#039;hui en essai clinique.\" \/>\n<meta property=\"og:url\" content=\"https:\/\/www.aq-tech.fr\/fr\/realisations\/clinatec\/\" \/>\n<meta property=\"og:site_name\" content=\"AQ-Tech\" \/>\n<meta property=\"article:modified_time\" content=\"2026-03-20T20:48:39+00:00\" \/>\n<meta name=\"twitter:card\" content=\"summary_large_image\" \/>\n<meta name=\"twitter:label1\" content=\"Dur\u00e9e de lecture estim\u00e9e\" \/>\n\t<meta name=\"twitter:data1\" content=\"5 minutes\" \/>\n<script type=\"application\/ld+json\" class=\"yoast-schema-graph\">{\"@context\":\"https:\/\/schema.org\",\"@graph\":[{\"@type\":\"WebPage\",\"@id\":\"https:\/\/www.aq-tech.fr\/fr\/realisations\/clinatec\/\",\"url\":\"https:\/\/www.aq-tech.fr\/fr\/realisations\/clinatec\/\",\"name\":\"Clinatec \/ CEA \u2013 Bonnet de photobiomodulation transcr\u00e2nienne | AQ-Tech\",\"isPartOf\":{\"@id\":\"https:\/\/www.aq-tech.fr\/fr\/#website\"},\"datePublished\":\"2026-03-20T14:26:50+00:00\",\"dateModified\":\"2026-03-20T20:48:39+00:00\",\"description\":\"AQ-Tech a d\u00e9velopp\u00e9 pour Clinatec\/CEA un bonnet de photobiomodulation transcr\u00e2nienne \u2014 du prototype au dispositif m\u00e9dical certifi\u00e9 classe IIa, aujourd'hui en essai clinique.\",\"breadcrumb\":{\"@id\":\"https:\/\/www.aq-tech.fr\/fr\/realisations\/clinatec\/#breadcrumb\"},\"inLanguage\":\"fr-FR\",\"potentialAction\":[{\"@type\":\"ReadAction\",\"target\":[\"https:\/\/www.aq-tech.fr\/fr\/realisations\/clinatec\/\"]}]},{\"@type\":\"BreadcrumbList\",\"@id\":\"https:\/\/www.aq-tech.fr\/fr\/realisations\/clinatec\/#breadcrumb\",\"itemListElement\":[{\"@type\":\"ListItem\",\"position\":1,\"name\":\"Accueil\",\"item\":\"https:\/\/www.aq-tech.fr\/fr\/\"},{\"@type\":\"ListItem\",\"position\":2,\"name\":\"R\u00e9alisations\",\"item\":\"https:\/\/www.aq-tech.fr\/fr\/realisations\/\"},{\"@type\":\"ListItem\",\"position\":3,\"name\":\"Clinatec\"}]},{\"@type\":\"WebSite\",\"@id\":\"https:\/\/www.aq-tech.fr\/fr\/#website\",\"url\":\"https:\/\/www.aq-tech.fr\/fr\/\",\"name\":\"AQ-Tech\",\"description\":\"Bureau d&#039;Etude d&#039;Ing\u00e9nierie M\u00e9canique &amp; Electronique &amp; industrielle\",\"potentialAction\":[{\"@type\":\"SearchAction\",\"target\":{\"@type\":\"EntryPoint\",\"urlTemplate\":\"https:\/\/www.aq-tech.fr\/fr\/?s={search_term_string}\"},\"query-input\":{\"@type\":\"PropertyValueSpecification\",\"valueRequired\":true,\"valueName\":\"search_term_string\"}}],\"inLanguage\":\"fr-FR\"}]}<\/script>\n<!-- \/ Yoast SEO plugin. -->","yoast_head_json":{"title":"Clinatec \/ CEA \u2013 Bonnet de photobiomodulation transcr\u00e2nienne | AQ-Tech","description":"AQ-Tech a d\u00e9velopp\u00e9 pour Clinatec\/CEA un bonnet de photobiomodulation transcr\u00e2nienne \u2014 du prototype au dispositif m\u00e9dical certifi\u00e9 classe IIa, aujourd'hui en essai clinique.","robots":{"index":"index","follow":"follow","max-snippet":"max-snippet:-1","max-image-preview":"max-image-preview:large","max-video-preview":"max-video-preview:-1"},"canonical":"https:\/\/www.aq-tech.fr\/fr\/realisations\/clinatec\/","og_locale":"fr_FR","og_type":"article","og_title":"Clinatec \/ CEA \u2013 Bonnet de photobiomodulation transcr\u00e2nienne | AQ-Tech","og_description":"AQ-Tech a d\u00e9velopp\u00e9 pour Clinatec\/CEA un bonnet de photobiomodulation transcr\u00e2nienne \u2014 du prototype au dispositif m\u00e9dical certifi\u00e9 classe IIa, aujourd'hui en essai clinique.","og_url":"https:\/\/www.aq-tech.fr\/fr\/realisations\/clinatec\/","og_site_name":"AQ-Tech","article_modified_time":"2026-03-20T20:48:39+00:00","twitter_card":"summary_large_image","twitter_misc":{"Dur\u00e9e de lecture estim\u00e9e":"5 minutes"},"schema":{"@context":"https:\/\/schema.org","@graph":[{"@type":"WebPage","@id":"https:\/\/www.aq-tech.fr\/fr\/realisations\/clinatec\/","url":"https:\/\/www.aq-tech.fr\/fr\/realisations\/clinatec\/","name":"Clinatec \/ CEA \u2013 Bonnet de photobiomodulation transcr\u00e2nienne | AQ-Tech","isPartOf":{"@id":"https:\/\/www.aq-tech.fr\/fr\/#website"},"datePublished":"2026-03-20T14:26:50+00:00","dateModified":"2026-03-20T20:48:39+00:00","description":"AQ-Tech a d\u00e9velopp\u00e9 pour Clinatec\/CEA un bonnet de photobiomodulation transcr\u00e2nienne \u2014 du prototype au dispositif m\u00e9dical certifi\u00e9 classe IIa, aujourd'hui en essai clinique.","breadcrumb":{"@id":"https:\/\/www.aq-tech.fr\/fr\/realisations\/clinatec\/#breadcrumb"},"inLanguage":"fr-FR","potentialAction":[{"@type":"ReadAction","target":["https:\/\/www.aq-tech.fr\/fr\/realisations\/clinatec\/"]}]},{"@type":"BreadcrumbList","@id":"https:\/\/www.aq-tech.fr\/fr\/realisations\/clinatec\/#breadcrumb","itemListElement":[{"@type":"ListItem","position":1,"name":"Accueil","item":"https:\/\/www.aq-tech.fr\/fr\/"},{"@type":"ListItem","position":2,"name":"R\u00e9alisations","item":"https:\/\/www.aq-tech.fr\/fr\/realisations\/"},{"@type":"ListItem","position":3,"name":"Clinatec"}]},{"@type":"WebSite","@id":"https:\/\/www.aq-tech.fr\/fr\/#website","url":"https:\/\/www.aq-tech.fr\/fr\/","name":"AQ-Tech","description":"Bureau d&#039;Etude d&#039;Ing\u00e9nierie M\u00e9canique &amp; Electronique &amp; industrielle","potentialAction":[{"@type":"SearchAction","target":{"@type":"EntryPoint","urlTemplate":"https:\/\/www.aq-tech.fr\/fr\/?s={search_term_string}"},"query-input":{"@type":"PropertyValueSpecification","valueRequired":true,"valueName":"search_term_string"}}],"inLanguage":"fr-FR"}]}},"_links":{"self":[{"href":"https:\/\/www.aq-tech.fr\/fr\/wp-json\/wp\/v2\/pages\/6965","targetHints":{"allow":["GET"]}}],"collection":[{"href":"https:\/\/www.aq-tech.fr\/fr\/wp-json\/wp\/v2\/pages"}],"about":[{"href":"https:\/\/www.aq-tech.fr\/fr\/wp-json\/wp\/v2\/types\/page"}],"author":[{"embeddable":true,"href":"https:\/\/www.aq-tech.fr\/fr\/wp-json\/wp\/v2\/users\/1"}],"replies":[{"embeddable":true,"href":"https:\/\/www.aq-tech.fr\/fr\/wp-json\/wp\/v2\/comments?post=6965"}],"version-history":[{"count":4,"href":"https:\/\/www.aq-tech.fr\/fr\/wp-json\/wp\/v2\/pages\/6965\/revisions"}],"predecessor-version":[{"id":6970,"href":"https:\/\/www.aq-tech.fr\/fr\/wp-json\/wp\/v2\/pages\/6965\/revisions\/6970"}],"up":[{"embeddable":true,"href":"https:\/\/www.aq-tech.fr\/fr\/wp-json\/wp\/v2\/pages\/6520"}],"wp:attachment":[{"href":"https:\/\/www.aq-tech.fr\/fr\/wp-json\/wp\/v2\/media?parent=6965"}],"curies":[{"name":"wp","href":"https:\/\/api.w.org\/{rel}","templated":true}]}}