{"id":6674,"date":"2025-11-03T16:38:29","date_gmt":"2025-11-03T15:38:29","guid":{"rendered":"https:\/\/www.aq-tech.fr\/fr\/?page_id=6674"},"modified":"2025-11-04T09:43:24","modified_gmt":"2025-11-04T08:43:24","slug":"freecovery","status":"publish","type":"page","link":"https:\/\/www.aq-tech.fr\/fr\/realisations\/freecovery\/","title":{"rendered":"Freecovery"},"content":{"rendered":"<div id=\"Realisations\">\r\n\r\n  <!-- BLOC 1 : TITRE -->\r\n  <div id=\"Bloc1Titre\" class=\"TroisQuart\">\r\n    <img decoding=\"async\" class=\"imagetitre\" src=\"\/wp-content\/themes\/ThemeAQTech2025-2\/_MediaTheme2025\/Image\/Realisations\/Freecovery\/Freecovery-Banniere.webp\" alt=\"FREECOVERY \u2013 Cryoth\u00e9rapie portable pour sportif\"\/>\r\n    <div class=\"video-overlay\"><\/div>\r\n    <div id=\"Bloc1TitreContent\">\r\n      <div class=\"container\">\r\n        <img decoding=\"async\" src=\"\/wp-content\/themes\/ThemeAQTech2025-2\/_MediaTheme2025\/Image\/All\/Fleche-Droite.webp\" alt=\"Fleche\" class=\"animate-slide-up\" \/>\r\n        <h1 class=\"animate-slide-up\">FREECOVERY<\/h1>\r\n        <h2 class=\"animate-slide-up\">Solution portable de cryoth\u00e9rapie pour sportifs<\/h2>\r\n      <\/div>\r\n    <\/div>\r\n  <\/div>\r\n\r\n  <!-- BLOC 2 : CONTEXTE -->\r\n  <div id=\"Bloc2Intro\" class=\"ImageTexte TroisQuart BlocGris20\">\r\n    <div class=\"container relative\">\r\n      <img decoding=\"async\" class=\"absolute\" src=\"\/wp-content\/themes\/ThemeAQTech2025-2\/_MediaTheme2025\/Image\/All\/Fleche-Haut.webp\" \/>\r\n      <div class=\"ImageTexteBlocImgContainer\" style=\"margin-top: 50px\">\r\n        <img decoding=\"async\" src=\"\/wp-content\/themes\/ThemeAQTech2025-2\/_MediaTheme2025\/Image\/Realisations\/Freecovery\/Freecovery-Vignette.webp\" alt=\"Cryoth\u00e9rapie portable Freecovery\" \/>\r\n      <\/div>\r\n      <div id=\"Bloc2AccueilTextContainer\" class=\"ImageTexteBlocTextContainer animate-slide-right\">\r\n        <h2>La cryoth\u00e9rapie nomade pour rester au sommet<\/h2>\r\n        <div class=\"titre-underline\"><\/div>\r\n        <p>\r\n          Avec <strong>FREECOVERY<\/strong>, AQ-Tech a accompagn\u00e9 la conception d\u2019un dispositif de cryoth\u00e9rapie portatif et sportif, pens\u00e9 pour les athl\u00e8tes en mobilit\u00e9.  \r\n          Objectif : fournir une solution efficace de r\u00e9cup\u00e9ration musculaire, simple \u00e0 transporter, rapide \u00e0 mettre en \u0153uvre.\r\n        <\/p>\r\n        <p>\r\n          Le d\u00e9fi technique : int\u00e9grer le syst\u00e8me de refroidissement, la r\u00e9gulation thermique et la s\u00e9curit\u00e9 \u00e9lectrique dans un ch\u00e2ssis compact tout en garantissant performance et usage terrain.\r\n        <\/p>\r\n      <\/div>\r\n    <\/div>\r\n  <\/div>\r\n\r\n  <!-- BLOC 3 : APPROCHE AQ-TECH -->\r\n  <div id=\"Bloc3Detail\">\r\n    <div class=\"TitreCentre container\">\r\n      <h2>Notre approche technique<\/h2>\r\n      <div class=\"titre-underline\"><\/div>\r\n      <p class=\"black\">\r\n        <span class=\"bold\">Une int\u00e9gration compl\u00e8te entre thermodynamique, \u00e9lectronique embarqu\u00e9e et ergonomie sportive.<\/span>\r\n      <\/p>\r\n    <\/div>\r\n\r\n    <div class=\"container\">\r\n\r\n      <!-- THERMODYNAMIQUE & REFROIDISSEMENT -->\r\n      <div class=\"bloc_expertise expertise_debut animate-slide-left\">\r\n        <img loading=\"lazy\" decoding=\"async\" src=\"\/wp-content\/themes\/ThemeAQTech2025-2\/_MediaTheme2025\/Image\/All\/Fleche-Droite.webp\" alt=\"\" class=\"expertise_fleche\" \/>\r\n        <div class=\"bloc_expertise_img_container\">\r\n          <img loading=\"lazy\" decoding=\"async\" src=\"\/wp-content\/themes\/ThemeAQTech2025-2\/_MediaTheme2025\/Image\/Realisations\/Freecovery\/Freecovery-Thermodynamique.webp\" alt=\"Syst\u00e8me de refroidissement Freecovery\" \/>\r\n        <\/div>\r\n        <div class=\"bloc_expertise_text_container\">\r\n          <h2>Refroidissement &#038; fluide caloporteur<\/h2>\r\n          <div class=\"titre-underline\"><\/div>\r\n          <p class=\"bold black\">Garantir un froid cibl\u00e9 et rapide.<\/p>\r\n          <ul class=\"black\">\r\n            <li>+ G\u00e9n\u00e9rateur de froid haute performance<\/li>\r\n            <li>+ Circuits fluide \u00e0 changement de phase optimis\u00e9s pour usage sportif<\/li>\r\n            <li>+ Gestion thermique et s\u00e9curisation des surfaces<\/li>\r\n          <\/ul>\r\n        <\/div>\r\n      <\/div>\r\n\r\n      <!-- \u00c9LECTRONIQUE & S\u00c9CURIT\u00c9 -->\r\n      <div class=\"bloc_expertise expertise_gauche animate-slide-right\">\r\n        <img loading=\"lazy\" decoding=\"async\" src=\"\/wp-content\/themes\/ThemeAQTech2025-2\/_MediaTheme2025\/Image\/All\/Fleche-Haut.webp\" alt=\"\" class=\"expertise_fleche\" \/>\r\n        <div class=\"bloc_expertise_img_container\">\r\n          <img loading=\"lazy\" decoding=\"async\" src=\"\/wp-content\/themes\/ThemeAQTech2025-2\/_MediaTheme2025\/Image\/Realisations\/Freecovery\/Freecovery-Electronique.webp\" alt=\"\u00c9lectronique embarqu\u00e9e Freecovery\" \/>\r\n        <\/div>\r\n        <div class=\"bloc_expertise_text_container\">\r\n          <h2>\u00c9lectronique embarqu\u00e9e &#038; contr\u00f4le utilisateur<\/h2>\r\n          <div class=\"titre-underline\"><\/div>\r\n          <p class=\"bold black\">Un contr\u00f4le pr\u00e9cis pour une r\u00e9cup\u00e9ration optimale.<\/p>\r\n          <ul class=\"black\">\r\n            <li>+ Module embarqu\u00e9 pour contr\u00f4le temp\u00e9rature et temps<\/li>\r\n            <li>+ Interface utilisateur intuitive (bouton, appli mobile)<\/li>\r\n            <li>+ S\u00e9curit\u00e9 \u00e9lectrique int\u00e9gr\u00e9e et conformit\u00e9 CE<\/li>\r\n          <\/ul>\r\n        <\/div>\r\n      <\/div>\r\n\r\n      <!-- DESIGN & ERGONOMIE -->\r\n      <div class=\"bloc_expertise expertise_droite animate-slide-left\">\r\n        <img loading=\"lazy\" decoding=\"async\" src=\"\/wp-content\/themes\/ThemeAQTech2025-2\/_MediaTheme2025\/Image\/All\/Fleche-Haut.webp\" alt=\"\" class=\"expertise_fleche\" \/>\r\n        <div class=\"bloc_expertise_img_container\">\r\n          <img loading=\"lazy\" decoding=\"async\" src=\"\/wp-content\/themes\/ThemeAQTech2025-2\/_MediaTheme2025\/Image\/Realisations\/Freecovery\/Freecovery-Design.webp\" alt=\"Design Freecovery\" \/>\r\n        <\/div>\r\n        <div class=\"bloc_expertise_text_container\">\r\n          <h2>Ergonomie &#038; mobilit\u00e9<\/h2>\r\n          <div a class=\"titre-underline\"><\/div>\r\n          <p class=\"bold black\">Un appareil pens\u00e9 pour le terrain et le transport.<\/p>\r\n          <ul class=\"black\">\r\n            <li>+ Produit compact et d\u00e9montable pour transport<\/li>\r\n            <li>+ Conception modulaire pour diff\u00e9rents usage<\/li>\r\n            <li>+ Rechargement rapide et intuitif<\/li>\r\n          <\/ul>\r\n        <\/div>\r\n      <\/div>\r\n\r\n    <\/div>\r\n  <\/div>\r\n\r\n  <!-- BLOC 4 : R\u00c9SULTATS -->\r\n  <div id=\"Bloc4Resultats\" class=\"BlocGris20\">\r\n    <div class=\"container TitreCentre\">\r\n      <h2>R\u00e9sultats &#038; impact<\/h2>\r\n      <div class=\"titre-underline\"><\/div>\r\n      <p>\r\n        FREECOVERY permet aujourd\u2019hui aux clubs, centres de performance et athl\u00e8tes nomades de profiter de la cryoth\u00e9rapie sans les contraintes logistiques habituelles.  \r\n        Un gain de temps, de mobilit\u00e9 et de r\u00e9cup\u00e9ration.\r\n      <\/p>\r\n      <p><strong>Statut :<\/strong> prototype valid\u00e9 \u2013 lancement commercial imminent<\/p>\r\n    <\/div>\r\n  <\/div>\r\n\r\n  <!-- BLOC 5 : EXPERTISES ASSOCI\u00c9ES -->\r\n  <div id=\"Bloc5Parcours\" class=\"MultiCol DeuxCol BlocNoir20 animate-slide-right\">\r\n    <div class=\"container\">\r\n      <div class=\"TitreCentre container\">\r\n        <h2>Des expertises au service de la performance &#038; r\u00e9cup\u00e9ration<\/h2>\r\n        <div class=\"titre-underline\"><\/div>\r\n        <h3>Thermodynamique, \u00e9lectronique et usage sportif<\/h3>\r\n        <p>\r\n          Le projet FREECOVERY mobilise les comp\u00e9tences d\u2019AQ-Tech en m\u00e9canique thermique, \u00e9lectronique embarqu\u00e9e et design produit pour un dispositif innovant de r\u00e9cup\u00e9ration sportive.\r\n        <\/p>\r\n      <\/div>\r\n\r\n      <div class=\"list_carre_container\">\r\n        <div class=\"list_carre_article\">\r\n          <div class=\"image-carre\"><img loading=\"lazy\" decoding=\"async\" src=\"\/wp-content\/themes\/ThemeAQTech2025-2\/_MediaTheme2025\/Image\/Realisations\/bureau_d_etudes_mecanique.webp\" alt=\"Thermodynamique AQ-Tech\" \/><\/div>\r\n          <h3>M\u00e9canique et Design<\/h3>\r\n          <div class=\"titre-underline\"><\/div>\r\n          <p>Conception des syst\u00e8mes complexes et innovants pour usage sportif.<\/p>\r\n          <div class=\"btn-orange liensection\">\r\n            <a href=\"\/fr\/expertises\/mecanique\/\">+ D\u00e9couvrir<\/a>\r\n          <\/div>\r\n        <\/div>\r\n\r\n        <div class=\"list_carre_article\">\r\n          <div class=\"image-carre\"><img loading=\"lazy\" decoding=\"async\" src=\"\/wp-content\/themes\/ThemeAQTech2025-2\/_MediaTheme2025\/Image\/Realisations\/Conception Electronique.webp\" alt=\"\u00c9lectronique contr\u00f4le AQ-Tech\" \/><\/div>\r\n          <h3>\u00c9lectronique &#038; contr\u00f4le<\/h3>\r\n          <div class=\"titre-underline\"><\/div>\r\n          <p>Modules embarqu\u00e9s, capteurs, interfaces utilisateur pour \u00e9quipements de r\u00e9cup\u00e9ration.<\/p>\r\n          <div class=\"btn-orange liensection\">\r\n            <a href=\"\/fr\/expertises\/electronique-logiciel\/\">+ En savoir plus<\/a>\r\n          <\/div>\r\n        <\/div>\r\n      <\/div>\r\n    <\/div>\r\n  <\/div>\r\n\r\n  <!-- SLIDER CLIENTS -->\r\n  <div class=\"SliderLogoClient\"><\/div>\r\n\r\n  <!-- CTA FINAL -->\r\n  <div id=\"BlocCTA\" class=\"ImageTexte TroisQuart\">\r\n    <div class=\"container relative\">\r\n      <img loading=\"lazy\" decoding=\"async\" class=\"absolute\" src=\"\/wp-content\/themes\/ThemeAQTech2025-2\/_MediaTheme2025\/Image\/All\/Fleche-Haut.webp\" \/>  \r\n      <div class=\"ImageTexteBlocImgContainer\">\r\n        <img loading=\"lazy\" decoding=\"async\" src=\"\/wp-content\/themes\/ThemeAQTech2025-2\/_MediaTheme2025\/Image\/Contact\/LienContact.webp\" alt=\"Contact AQ-Tech\" \/>\r\n      <\/div>\r\n      <div id=\"Bloc2AccueilTextContainer\" class=\"ImageTexteBlocTextContainer animate-slide-right\">\r\n        <h2>Vous voulez d\u00e9velopper une solution de r\u00e9cup\u00e9ration intelligente ?<\/h2>\r\n        <div class=\"titre-underline\"><\/div>\r\n        <p>\r\n          AQ-Tech vous accompagne dans le d\u00e9veloppement de dispositifs de performance et r\u00e9cup\u00e9ration : conception, prototypage, production.  \r\n          Parlons de votre projet.\r\n        <\/p>\r\n        <div class=\"btn-orange\">\r\n          <a href=\"\/fr\/contact\/\">+ Nous contacter<\/a>\r\n        <\/div>\r\n      <\/div>\r\n    <\/div>\r\n  <\/div>\r\n\r\n<\/div>\r\n","protected":false},"excerpt":{"rendered":"<p>FREECOVERY Solution portable de cryoth\u00e9rapie pour sportifs La cryoth\u00e9rapie nomade pour rester au sommet Avec FREECOVERY, AQ-Tech a accompagn\u00e9 la conception d\u2019un dispositif de cryoth\u00e9rapie portatif et sportif, pens\u00e9 pour les athl\u00e8tes en mobilit\u00e9. Objectif : fournir une solution efficace de r\u00e9cup\u00e9ration musculaire, simple \u00e0 transporter, rapide \u00e0 mettre en \u0153uvre. Le d\u00e9fi technique : [&hellip;]<\/p>\n","protected":false},"author":1,"featured_media":0,"parent":6520,"menu_order":0,"comment_status":"closed","ping_status":"closed","template":"","meta":{"footnotes":""},"class_list":["post-6674","page","type-page","status-publish","hentry"],"yoast_head":"<!-- This site is optimized with the Yoast SEO plugin v26.2 - https:\/\/yoast.com\/wordpress\/plugins\/seo\/ -->\n<title>Freecovery - AQ-Tech<\/title>\n<meta name=\"description\" content=\"FREECOVERY est une solution portable de cryoth\u00e9rapie d\u00e9velopp\u00e9e par AQ-Tech pour la r\u00e9cup\u00e9ration musculaire des sportifs. Compacte, performante et mobile, elle associe refroidissement thermique, \u00e9lectronique embarqu\u00e9e et ergonomie terrain.\" \/>\n<meta name=\"robots\" content=\"index, follow, max-snippet:-1, max-image-preview:large, max-video-preview:-1\" \/>\n<link rel=\"canonical\" href=\"https:\/\/www.aq-tech.fr\/fr\/realisations\/freecovery\/\" \/>\n<meta property=\"og:locale\" content=\"fr_FR\" \/>\n<meta property=\"og:type\" content=\"article\" \/>\n<meta property=\"og:title\" content=\"Freecovery - AQ-Tech\" \/>\n<meta property=\"og:description\" content=\"FREECOVERY est une solution portable de cryoth\u00e9rapie d\u00e9velopp\u00e9e par AQ-Tech pour la r\u00e9cup\u00e9ration musculaire des sportifs. Compacte, performante et mobile, elle associe refroidissement thermique, \u00e9lectronique embarqu\u00e9e et ergonomie terrain.\" \/>\n<meta property=\"og:url\" content=\"https:\/\/www.aq-tech.fr\/fr\/realisations\/freecovery\/\" \/>\n<meta property=\"og:site_name\" content=\"AQ-Tech\" \/>\n<meta property=\"article:modified_time\" content=\"2025-11-04T08:43:24+00:00\" \/>\n<meta name=\"twitter:card\" content=\"summary_large_image\" \/>\n<meta name=\"twitter:label1\" content=\"Dur\u00e9e de lecture estim\u00e9e\" \/>\n\t<meta name=\"twitter:data1\" content=\"5 minutes\" \/>\n<script type=\"application\/ld+json\" class=\"yoast-schema-graph\">{\"@context\":\"https:\/\/schema.org\",\"@graph\":[{\"@type\":\"WebPage\",\"@id\":\"https:\/\/www.aq-tech.fr\/fr\/realisations\/freecovery\/\",\"url\":\"https:\/\/www.aq-tech.fr\/fr\/realisations\/freecovery\/\",\"name\":\"Freecovery - AQ-Tech\",\"isPartOf\":{\"@id\":\"https:\/\/www.aq-tech.fr\/fr\/#website\"},\"datePublished\":\"2025-11-03T15:38:29+00:00\",\"dateModified\":\"2025-11-04T08:43:24+00:00\",\"description\":\"FREECOVERY est une solution portable de cryoth\u00e9rapie d\u00e9velopp\u00e9e par AQ-Tech pour la r\u00e9cup\u00e9ration musculaire des sportifs. Compacte, performante et mobile, elle associe refroidissement thermique, \u00e9lectronique embarqu\u00e9e et ergonomie terrain.\",\"breadcrumb\":{\"@id\":\"https:\/\/www.aq-tech.fr\/fr\/realisations\/freecovery\/#breadcrumb\"},\"inLanguage\":\"fr-FR\",\"potentialAction\":[{\"@type\":\"ReadAction\",\"target\":[\"https:\/\/www.aq-tech.fr\/fr\/realisations\/freecovery\/\"]}]},{\"@type\":\"BreadcrumbList\",\"@id\":\"https:\/\/www.aq-tech.fr\/fr\/realisations\/freecovery\/#breadcrumb\",\"itemListElement\":[{\"@type\":\"ListItem\",\"position\":1,\"name\":\"Accueil\",\"item\":\"https:\/\/www.aq-tech.fr\/fr\/\"},{\"@type\":\"ListItem\",\"position\":2,\"name\":\"R\u00e9alisations\",\"item\":\"https:\/\/www.aq-tech.fr\/fr\/realisations\/\"},{\"@type\":\"ListItem\",\"position\":3,\"name\":\"Freecovery\"}]},{\"@type\":\"WebSite\",\"@id\":\"https:\/\/www.aq-tech.fr\/fr\/#website\",\"url\":\"https:\/\/www.aq-tech.fr\/fr\/\",\"name\":\"AQ-Tech\",\"description\":\"Bureau d&#039;Etude d&#039;Ing\u00e9nierie M\u00e9canique &amp; Electronique &amp; industrielle\",\"potentialAction\":[{\"@type\":\"SearchAction\",\"target\":{\"@type\":\"EntryPoint\",\"urlTemplate\":\"https:\/\/www.aq-tech.fr\/fr\/?s={search_term_string}\"},\"query-input\":{\"@type\":\"PropertyValueSpecification\",\"valueRequired\":true,\"valueName\":\"search_term_string\"}}],\"inLanguage\":\"fr-FR\"}]}<\/script>\n<!-- \/ Yoast SEO plugin. -->","yoast_head_json":{"title":"Freecovery - AQ-Tech","description":"FREECOVERY est une solution portable de cryoth\u00e9rapie d\u00e9velopp\u00e9e par AQ-Tech pour la r\u00e9cup\u00e9ration musculaire des sportifs. Compacte, performante et mobile, elle associe refroidissement thermique, \u00e9lectronique embarqu\u00e9e et ergonomie terrain.","robots":{"index":"index","follow":"follow","max-snippet":"max-snippet:-1","max-image-preview":"max-image-preview:large","max-video-preview":"max-video-preview:-1"},"canonical":"https:\/\/www.aq-tech.fr\/fr\/realisations\/freecovery\/","og_locale":"fr_FR","og_type":"article","og_title":"Freecovery - AQ-Tech","og_description":"FREECOVERY est une solution portable de cryoth\u00e9rapie d\u00e9velopp\u00e9e par AQ-Tech pour la r\u00e9cup\u00e9ration musculaire des sportifs. Compacte, performante et mobile, elle associe refroidissement thermique, \u00e9lectronique embarqu\u00e9e et ergonomie terrain.","og_url":"https:\/\/www.aq-tech.fr\/fr\/realisations\/freecovery\/","og_site_name":"AQ-Tech","article_modified_time":"2025-11-04T08:43:24+00:00","twitter_card":"summary_large_image","twitter_misc":{"Dur\u00e9e de lecture estim\u00e9e":"5 minutes"},"schema":{"@context":"https:\/\/schema.org","@graph":[{"@type":"WebPage","@id":"https:\/\/www.aq-tech.fr\/fr\/realisations\/freecovery\/","url":"https:\/\/www.aq-tech.fr\/fr\/realisations\/freecovery\/","name":"Freecovery - AQ-Tech","isPartOf":{"@id":"https:\/\/www.aq-tech.fr\/fr\/#website"},"datePublished":"2025-11-03T15:38:29+00:00","dateModified":"2025-11-04T08:43:24+00:00","description":"FREECOVERY est une solution portable de cryoth\u00e9rapie d\u00e9velopp\u00e9e par AQ-Tech pour la r\u00e9cup\u00e9ration musculaire des sportifs. Compacte, performante et mobile, elle associe refroidissement thermique, \u00e9lectronique embarqu\u00e9e et ergonomie terrain.","breadcrumb":{"@id":"https:\/\/www.aq-tech.fr\/fr\/realisations\/freecovery\/#breadcrumb"},"inLanguage":"fr-FR","potentialAction":[{"@type":"ReadAction","target":["https:\/\/www.aq-tech.fr\/fr\/realisations\/freecovery\/"]}]},{"@type":"BreadcrumbList","@id":"https:\/\/www.aq-tech.fr\/fr\/realisations\/freecovery\/#breadcrumb","itemListElement":[{"@type":"ListItem","position":1,"name":"Accueil","item":"https:\/\/www.aq-tech.fr\/fr\/"},{"@type":"ListItem","position":2,"name":"R\u00e9alisations","item":"https:\/\/www.aq-tech.fr\/fr\/realisations\/"},{"@type":"ListItem","position":3,"name":"Freecovery"}]},{"@type":"WebSite","@id":"https:\/\/www.aq-tech.fr\/fr\/#website","url":"https:\/\/www.aq-tech.fr\/fr\/","name":"AQ-Tech","description":"Bureau d&#039;Etude d&#039;Ing\u00e9nierie M\u00e9canique &amp; Electronique &amp; industrielle","potentialAction":[{"@type":"SearchAction","target":{"@type":"EntryPoint","urlTemplate":"https:\/\/www.aq-tech.fr\/fr\/?s={search_term_string}"},"query-input":{"@type":"PropertyValueSpecification","valueRequired":true,"valueName":"search_term_string"}}],"inLanguage":"fr-FR"}]}},"_links":{"self":[{"href":"https:\/\/www.aq-tech.fr\/fr\/wp-json\/wp\/v2\/pages\/6674","targetHints":{"allow":["GET"]}}],"collection":[{"href":"https:\/\/www.aq-tech.fr\/fr\/wp-json\/wp\/v2\/pages"}],"about":[{"href":"https:\/\/www.aq-tech.fr\/fr\/wp-json\/wp\/v2\/types\/page"}],"author":[{"embeddable":true,"href":"https:\/\/www.aq-tech.fr\/fr\/wp-json\/wp\/v2\/users\/1"}],"replies":[{"embeddable":true,"href":"https:\/\/www.aq-tech.fr\/fr\/wp-json\/wp\/v2\/comments?post=6674"}],"version-history":[{"count":3,"href":"https:\/\/www.aq-tech.fr\/fr\/wp-json\/wp\/v2\/pages\/6674\/revisions"}],"predecessor-version":[{"id":6682,"href":"https:\/\/www.aq-tech.fr\/fr\/wp-json\/wp\/v2\/pages\/6674\/revisions\/6682"}],"up":[{"embeddable":true,"href":"https:\/\/www.aq-tech.fr\/fr\/wp-json\/wp\/v2\/pages\/6520"}],"wp:attachment":[{"href":"https:\/\/www.aq-tech.fr\/fr\/wp-json\/wp\/v2\/media?parent=6674"}],"curies":[{"name":"wp","href":"https:\/\/api.w.org\/{rel}","templated":true}]}}