{"id":6666,"date":"2025-11-03T15:32:36","date_gmt":"2025-11-03T14:32:36","guid":{"rendered":"https:\/\/www.aq-tech.fr\/fr\/?page_id=6666"},"modified":"2025-11-04T09:44:58","modified_gmt":"2025-11-04T08:44:58","slug":"t-shirt-monitoring","status":"publish","type":"page","link":"https:\/\/www.aq-tech.fr\/fr\/realisations\/t-shirt-monitoring\/","title":{"rendered":"T-shirt-monitoring"},"content":{"rendered":"<div id=\"Realisations\">\r\n\r\n  <!-- BLOC 1 : TITRE -->\r\n  <div id=\"Bloc1Titre\" class=\"TroisQuart\">\r\n    <img decoding=\"async\" class=\"imagetitre\" src=\"\/wp-content\/themes\/ThemeAQTech2025-2\/_MediaTheme2025\/Image\/Realisations\/T-Shirt\/Analyse-Donnees.webp\" alt=\"T-Shirt Monitoring \u2013 Textile connect\u00e9 pour biomarqueurs et mouvements\"\/>\r\n    <div class=\"video-overlay\"><\/div>\r\n    <div id=\"Bloc1TitreContent\">\r\n      <div class=\"container\">\r\n        <img decoding=\"async\" src=\"\/wp-content\/themes\/ThemeAQTech2025-2\/_MediaTheme2025\/Image\/All\/Fleche-Droite.webp\" alt=\"Fleche\" class=\"animate-slide-up\" \/>\r\n        <h1 class=\"animate-slide-up\">T-Shirt Monitoring<\/h1>\r\n        <h2 class=\"animate-slide-up\">Textile connect\u00e9 pour suivi biomarqueurs et mouvements<\/h2>\r\n      <\/div>\r\n    <\/div>\r\n  <\/div>\r\n\r\n  <!-- BLOC 2 : CONTEXTE -->\r\n  <div id=\"Bloc2Intro\" class=\"ImageTexte TroisQuart BlocGris20\">\r\n    <div class=\"container relative\">\r\n      <img decoding=\"async\" class=\"absolute\" src=\"\/wp-content\/themes\/ThemeAQTech2025-2\/_MediaTheme2025\/Image\/All\/Fleche-Haut.webp\" \/>\r\n      <div class=\"ImageTexteBlocImgContainer\" style=\"margin-top: 50px\">\r\n        <img decoding=\"async\" src=\"\/wp-content\/themes\/ThemeAQTech2025-2\/_MediaTheme2025\/Image\/Realisations\/T-Shirt\/T-Shirt Vignette.webp\" alt=\"T-Shirt connect\u00e9 AQ-Tech\" \/>\r\n      <\/div>\r\n      <div id=\"Bloc2AccueilTextContainer\" class=\"ImageTexteBlocTextContainer animate-slide-right\">\r\n        <h2>Un v\u00eatement connect\u00e9 pour capter vos donn\u00e9es physiologiques<\/h2>\r\n        <div class=\"titre-underline\"><\/div>\r\n        <p>\r\n          Le projet <strong>T-Shirt Monitoring<\/strong> d\u00e9velopp\u00e9 par AQ-tech est un textile instrument\u00e9 capable de suivre les biomarqueurs et les mouvements du corps, en temps r\u00e9el, sans g\u00eaner le porteur.\r\n        <\/p>\r\n        <p>\r\n          L\u2019objectif : concevoir un v\u00eatement ergonomique, lavable, confortable et fiable, int\u00e9grant capteurs conducteurs, connectique textile et \u00e9lectronique embarqu\u00e9e pour applications sportives, m\u00e9dicales ou industrielles.\r\n        <\/p>\r\n      <\/div>\r\n    <\/div>\r\n  <\/div>\r\n\r\n  <!-- BLOC 3 : APPROCHE AQ-TECH -->\r\n  <div id=\"Bloc3Detail\">\r\n    <div class=\"TitreCentre container\">\r\n      <h2>Notre approche technique<\/h2>\r\n      <div class=\"titre-underline\"><\/div>\r\n      <p class=\"black\">\r\n        <span class=\"bold\">Int\u00e9gration textile-\u00e9lectronique compl\u00e8te pour des donn\u00e9es en usage r\u00e9el.<\/span>\r\n      <\/p>\r\n    <\/div>\r\n\r\n    <div class=\"container\">\r\n\r\n      <!-- TEXTILE INSTRUMENT\u00c9 -->\r\n      <div class=\"bloc_expertise expertise_debut animate-slide-left\">\r\n        <img loading=\"lazy\" decoding=\"async\" src=\"\/wp-content\/themes\/ThemeAQTech2025-2\/_MediaTheme2025\/Image\/All\/Fleche-Droite.webp\" alt=\"\" class=\"expertise_fleche\" \/>\r\n        <div class=\"bloc_expertise_img_container\">\r\n          <img loading=\"lazy\" decoding=\"async\" src=\"\/wp-content\/themes\/ThemeAQTech2025-2\/_MediaTheme2025\/Image\/Realisations\/T-Shirt\/TShirt-Textile.webp\" alt=\"Textile capteur T-Shirt Monitoring\" \/>\r\n        <\/div>\r\n        <div class=\"bloc_expertise_text_container\">\r\n          <h2>Textile &#038; capteurs int\u00e9gr\u00e9s<\/h2>\r\n          <div class=\"titre-underline\"><\/div>\r\n          <p class=\"bold black\">Des \u00e9lectrodes et conducteurs invisibles dans le tissu.<\/p>\r\n          <ul class=\"black\">\r\n            <li>+ Conducteurs plats tiss\u00e9s\/soud\u00e9s int\u00e9gr\u00e9s au v\u00eatement<\/li>\r\n            <li>+ Placement strat\u00e9gique des capteurs biomarqueurs (ECG, EMG, temp\u00e9rature, mouvement)<\/li>\r\n            <li>+ Lavabilit\u00e9, durabilit\u00e9 et confort assur\u00e9s<\/li>\r\n          <\/ul>\r\n        <\/div>\r\n      <\/div>\r\n\r\n      <!-- \u00c9LECTRONIQUE & CONNECTIVIT\u00c9 -->\r\n      <div class=\"bloc_expertise expertise_gauche animate-slide-right\">\r\n        <img loading=\"lazy\" decoding=\"async\" src=\"\/wp-content\/themes\/ThemeAQTech2025-2\/_MediaTheme2025\/Image\/All\/Fleche-Haut.webp\" alt=\"\" class=\"expertise_fleche\" \/>\r\n        <div class=\"bloc_expertise_img_container\">\r\n          <img loading=\"lazy\" decoding=\"async\" src=\"\/wp-content\/themes\/ThemeAQTech2025-2\/_MediaTheme2025\/Image\/Realisations\/T-Shirt\/TShirt-Elec.webp\" alt=\"\u00c9lectronique embarqu\u00e9e T-Shirt Monitoring\" \/>\r\n        <\/div>\r\n        <div class=\"bloc_expertise_text_container\">\r\n          <h2>\u00c9lectronique &#038; transmission<\/h2>\r\n          <div class=\"titre-underline\"><\/div>\r\n          <p class=\"bold black\">Module embarqu\u00e9 ultra-l\u00e9ger et connect\u00e9.<\/p>\r\n          <ul class=\"black\">\r\n            <li>+ Carte \u00e9lectronique miniature avec acquisition signal<\/li>\r\n            <li>+ Transmission Bluetooth Low Energy ou Wi-Fi selon usage<\/li>\r\n            <li>+ Batterie int\u00e9gr\u00e9e, rechargement rapide, usage s\u00e9curis\u00e9<\/li>\r\n          <\/ul>\r\n        <\/div>\r\n      <\/div>\r\n\r\n      <!-- TRAITEMENT & LOGICIEL -->\r\n      <div class=\"bloc_expertise expertise_droite animate-slide-left\">\r\n        <img loading=\"lazy\" decoding=\"async\" src=\"\/wp-content\/themes\/ThemeAQTech2025-2\/_MediaTheme2025\/Image\/All\/Fleche-Haut.webp\" alt=\"\" class=\"expertise_fleche\" \/>\r\n        <div class=\"bloc_expertise_img_container\">\r\n          <img loading=\"lazy\" decoding=\"async\" src=\"\/wp-content\/themes\/ThemeAQTech2025-2\/_MediaTheme2025\/Image\/Realisations\/T-Shirt\/TShirt-App.webp\" alt=\"Application T-Shirt Monitoring\" \/>\r\n        <\/div>\r\n        <div class=\"bloc_expertise_text_container\">\r\n          <h2>Logiciel &#038; interpr\u00e9tation<\/h2>\r\n          <div class=\"titre-underline\"><\/div>\r\n          <p class=\"bold black\">Des donn\u00e9es brutes aux insights exploitables.<\/p>\r\n          <ul class=\"black\">\r\n            <li>+ Application mobile\/web pour visualisation temps r\u00e9el<\/li>\r\n            <li>+ Algorithmes de traitement des signaux et alertes<\/li>\r\n            <li>+ Exportation des donn\u00e9es pour analyses sportives ou m\u00e9dicales<\/li>\r\n          <\/ul>\r\n        <\/div>\r\n      <\/div>\r\n\r\n    <\/div>\r\n  <\/div>\r\n\r\n  <!-- BLOC 4 : R\u00c9SULTATS -->\r\n  <div id=\"Bloc4Resultats\" class=\"BlocGris20\">\r\n    <div class=\"container TitreCentre\">\r\n      <h2>R\u00e9sultats &#038; impact<\/h2>\r\n      <div class=\"titre-underline\"><\/div>\r\n      <p>\r\n        Gr\u00e2ce au T-Shirt Monitoring, AQ-Tech a permis de rendre accessibles les capteurs corporels dans un v\u00eatement quotidien.  \r\n        Le produit est aujourd\u2019hui test\u00e9 avec des athl\u00e8tes, des \u00e9quipes de sport et des programmes de bien-\u00eatre\/industrie pour suivre biomarqueurs et mouvement avec un minimum d\u2019intrusion.\r\n      <\/p>\r\n      <p><strong>Statut :<\/strong> prototype fonctionnel \u2013 test terrain en cours<\/p>\r\n    <\/div>\r\n  <\/div>\r\n\r\n  <!-- BLOC 5 : EXPERTISES ASSOCI\u00c9ES -->\r\n  <div id=\"Bloc5Parcours\" class=\"MultiCol DeuxCol BlocNoir20 animate-slide-right\">\r\n    <div class=\"container\">\r\n      <div class=\"TitreCentre container\">\r\n        <h2>Des expertises au service du v\u00eatement connect\u00e9<\/h2>\r\n        <div class=\"titre-underline\"><\/div>\r\n        <h3>Textile, \u00e9lectronique et design produit r\u00e9unis<\/h3>\r\n        <p>\r\n          Le projet T-Shirt Monitoring combine les savoir-faire d\u2019AQ-Tech en <strong>Smart Textile<\/strong>, <strong>\u00c9lectronique &#038; logiciel<\/strong> et <strong>Design produit<\/strong> pour une solution compl\u00e8te et performante.\r\n        <\/p>\r\n      <\/div>\r\n\r\n      <div class=\"list_carre_container\">\r\n        <div class=\"list_carre_article\">\r\n          <div class=\"image-carre\"><img loading=\"lazy\" decoding=\"async\" src=\"\/wp-content\/themes\/ThemeAQTech2025-2\/_MediaTheme2025\/Image\/Realisations\/T-Shirt Smart-Textile.webp\" alt=\"Smart Textile AQ-Tech\" \/><\/div>\r\n          <h3>Smart Textile<\/h3>\r\n          <div class=\"titre-underline\"><\/div>\r\n          <p>Capteurs int\u00e9gr\u00e9s, conducteurs, connectique dans textile technique.<\/p>\r\n          <div class=\"btn-orange liensection\">\r\n            <a href=\"\/fr\/poles\/smart-textile\/\">+ D\u00e9couvrir<\/a>\r\n          <\/div>\r\n        <\/div>\r\n\r\n        <div class=\"list_carre_article\">\r\n          <div class=\"image-carre\"><img loading=\"lazy\" decoding=\"async\" src=\"\/wp-content\/themes\/ThemeAQTech2025-2\/_MediaTheme2025\/Image\/Realisations\/Conception Electronique.webp\" alt=\"\u00c9lectronique &#038; module AQ-Tech\" \/><\/div>\r\n          <h3>\u00c9lectronique &#038; logiciel<\/h3>\r\n          <div class=\"titre-underline\"><\/div>\r\n          <p>D\u00e9veloppement de modules connect\u00e9s, acquisition de signaux et traitement de donn\u00e9es.<\/p>\r\n          <div class=\"btn-orange liensection\">\r\n            <a href=\"\/fr\/expertises\/electronique-logiciel\/\">+ En savoir plus<\/a>\r\n          <\/div>\r\n        <\/div>\r\n      <\/div>\r\n    <\/div>\r\n  <\/div>\r\n\r\n  <!-- SLIDER CLIENTS -->\r\n  <div class=\"SliderLogoClient\"><\/div>\r\n\r\n  <!-- CTA FINAL -->\r\n  <div id=\"BlocCTA\" class=\"ImageTexte TroisQuart\">\r\n    <div class=\"container relative\">\r\n      <img loading=\"lazy\" decoding=\"async\" class=\"absolute\" src=\"\/wp-content\/themes\/ThemeAQTech2025-2\/_MediaTheme2025\/Image\/All\/Fleche-Haut.webp\" \/>  \r\n      <div class=\"ImageTexteBlocImgContainer\">\r\n        <img loading=\"lazy\" decoding=\"async\" src=\"\/wp-content\/themes\/ThemeAQTech2025-2\/_MediaTheme2025\/Image\/Contact\/LienContact.webp\" alt=\"Contact AQ-Tech\" \/>\r\n      <\/div>\r\n      <div id=\"Bloc2AccueilTextContainer\" class=\"ImageTexteBlocTextContainer animate-slide-right\">\r\n        <h2>Vous d\u00e9veloppez un v\u00eatement connect\u00e9 ?<\/h2>\r\n        <div class=\"titre-underline\"><\/div>\r\n        <p>\r\n          AQ-Tech con\u00e7oit des solutions compl\u00e8tes de v\u00eatement instrument\u00e9 : du textile \u00e0 l\u2019\u00e9lectronique, en passant par l\u2019application.  \r\n          Discutons de votre projet.\r\n        <\/p>\r\n        <div class=\"btn-orange\">\r\n          <a href=\"\/fr\/contact\/\">+ Nous contacter<\/a>\r\n        <\/div>\r\n      <\/div>\r\n    <\/div>\r\n  <\/div>\r\n\r\n<\/div>\r\n","protected":false},"excerpt":{"rendered":"<p>T-Shirt Monitoring Textile connect\u00e9 pour suivi biomarqueurs et mouvements Un v\u00eatement connect\u00e9 pour capter vos donn\u00e9es physiologiques Le projet T-Shirt Monitoring d\u00e9velopp\u00e9 par AQ-tech est un textile instrument\u00e9 capable de suivre les biomarqueurs et les mouvements du corps, en temps r\u00e9el, sans g\u00eaner le porteur. L\u2019objectif : concevoir un v\u00eatement ergonomique, lavable, confortable et fiable, [&hellip;]<\/p>\n","protected":false},"author":1,"featured_media":0,"parent":6520,"menu_order":0,"comment_status":"closed","ping_status":"closed","template":"","meta":{"footnotes":""},"class_list":["post-6666","page","type-page","status-publish","hentry"],"yoast_head":"<!-- This site is optimized with the Yoast SEO plugin v26.2 - https:\/\/yoast.com\/wordpress\/plugins\/seo\/ -->\n<title>T-shirt-monitoring - AQ-Tech<\/title>\n<meta name=\"description\" content=\"T-Shirt Monitoring est un textile connect\u00e9 d\u00e9velopp\u00e9 par AQ-Tech pour mesurer les biomarqueurs et mouvements du corps en temps r\u00e9el. Confortable, lavable et pr\u00e9cis, il associe capteurs textiles, \u00e9lectronique embarqu\u00e9e et application de suivi.\" \/>\n<meta name=\"robots\" content=\"index, follow, max-snippet:-1, max-image-preview:large, max-video-preview:-1\" \/>\n<link rel=\"canonical\" href=\"https:\/\/www.aq-tech.fr\/fr\/realisations\/t-shirt-monitoring\/\" \/>\n<meta property=\"og:locale\" content=\"fr_FR\" \/>\n<meta property=\"og:type\" content=\"article\" \/>\n<meta property=\"og:title\" content=\"T-shirt-monitoring - AQ-Tech\" \/>\n<meta property=\"og:description\" content=\"T-Shirt Monitoring est un textile connect\u00e9 d\u00e9velopp\u00e9 par AQ-Tech pour mesurer les biomarqueurs et mouvements du corps en temps r\u00e9el. Confortable, lavable et pr\u00e9cis, il associe capteurs textiles, \u00e9lectronique embarqu\u00e9e et application de suivi.\" \/>\n<meta property=\"og:url\" content=\"https:\/\/www.aq-tech.fr\/fr\/realisations\/t-shirt-monitoring\/\" \/>\n<meta property=\"og:site_name\" content=\"AQ-Tech\" \/>\n<meta property=\"article:modified_time\" content=\"2025-11-04T08:44:58+00:00\" \/>\n<meta name=\"twitter:card\" content=\"summary_large_image\" \/>\n<meta name=\"twitter:label1\" content=\"Dur\u00e9e de lecture estim\u00e9e\" \/>\n\t<meta name=\"twitter:data1\" content=\"5 minutes\" \/>\n<script type=\"application\/ld+json\" class=\"yoast-schema-graph\">{\"@context\":\"https:\/\/schema.org\",\"@graph\":[{\"@type\":\"WebPage\",\"@id\":\"https:\/\/www.aq-tech.fr\/fr\/realisations\/t-shirt-monitoring\/\",\"url\":\"https:\/\/www.aq-tech.fr\/fr\/realisations\/t-shirt-monitoring\/\",\"name\":\"T-shirt-monitoring - AQ-Tech\",\"isPartOf\":{\"@id\":\"https:\/\/www.aq-tech.fr\/fr\/#website\"},\"datePublished\":\"2025-11-03T14:32:36+00:00\",\"dateModified\":\"2025-11-04T08:44:58+00:00\",\"description\":\"T-Shirt Monitoring est un textile connect\u00e9 d\u00e9velopp\u00e9 par AQ-Tech pour mesurer les biomarqueurs et mouvements du corps en temps r\u00e9el. Confortable, lavable et pr\u00e9cis, il associe capteurs textiles, \u00e9lectronique embarqu\u00e9e et application de suivi.\",\"breadcrumb\":{\"@id\":\"https:\/\/www.aq-tech.fr\/fr\/realisations\/t-shirt-monitoring\/#breadcrumb\"},\"inLanguage\":\"fr-FR\",\"potentialAction\":[{\"@type\":\"ReadAction\",\"target\":[\"https:\/\/www.aq-tech.fr\/fr\/realisations\/t-shirt-monitoring\/\"]}]},{\"@type\":\"BreadcrumbList\",\"@id\":\"https:\/\/www.aq-tech.fr\/fr\/realisations\/t-shirt-monitoring\/#breadcrumb\",\"itemListElement\":[{\"@type\":\"ListItem\",\"position\":1,\"name\":\"Accueil\",\"item\":\"https:\/\/www.aq-tech.fr\/fr\/\"},{\"@type\":\"ListItem\",\"position\":2,\"name\":\"R\u00e9alisations\",\"item\":\"https:\/\/www.aq-tech.fr\/fr\/realisations\/\"},{\"@type\":\"ListItem\",\"position\":3,\"name\":\"T-shirt-monitoring\"}]},{\"@type\":\"WebSite\",\"@id\":\"https:\/\/www.aq-tech.fr\/fr\/#website\",\"url\":\"https:\/\/www.aq-tech.fr\/fr\/\",\"name\":\"AQ-Tech\",\"description\":\"Bureau d&#039;Etude d&#039;Ing\u00e9nierie M\u00e9canique &amp; Electronique &amp; industrielle\",\"potentialAction\":[{\"@type\":\"SearchAction\",\"target\":{\"@type\":\"EntryPoint\",\"urlTemplate\":\"https:\/\/www.aq-tech.fr\/fr\/?s={search_term_string}\"},\"query-input\":{\"@type\":\"PropertyValueSpecification\",\"valueRequired\":true,\"valueName\":\"search_term_string\"}}],\"inLanguage\":\"fr-FR\"}]}<\/script>\n<!-- \/ Yoast SEO plugin. -->","yoast_head_json":{"title":"T-shirt-monitoring - AQ-Tech","description":"T-Shirt Monitoring est un textile connect\u00e9 d\u00e9velopp\u00e9 par AQ-Tech pour mesurer les biomarqueurs et mouvements du corps en temps r\u00e9el. Confortable, lavable et pr\u00e9cis, il associe capteurs textiles, \u00e9lectronique embarqu\u00e9e et application de suivi.","robots":{"index":"index","follow":"follow","max-snippet":"max-snippet:-1","max-image-preview":"max-image-preview:large","max-video-preview":"max-video-preview:-1"},"canonical":"https:\/\/www.aq-tech.fr\/fr\/realisations\/t-shirt-monitoring\/","og_locale":"fr_FR","og_type":"article","og_title":"T-shirt-monitoring - AQ-Tech","og_description":"T-Shirt Monitoring est un textile connect\u00e9 d\u00e9velopp\u00e9 par AQ-Tech pour mesurer les biomarqueurs et mouvements du corps en temps r\u00e9el. Confortable, lavable et pr\u00e9cis, il associe capteurs textiles, \u00e9lectronique embarqu\u00e9e et application de suivi.","og_url":"https:\/\/www.aq-tech.fr\/fr\/realisations\/t-shirt-monitoring\/","og_site_name":"AQ-Tech","article_modified_time":"2025-11-04T08:44:58+00:00","twitter_card":"summary_large_image","twitter_misc":{"Dur\u00e9e de lecture estim\u00e9e":"5 minutes"},"schema":{"@context":"https:\/\/schema.org","@graph":[{"@type":"WebPage","@id":"https:\/\/www.aq-tech.fr\/fr\/realisations\/t-shirt-monitoring\/","url":"https:\/\/www.aq-tech.fr\/fr\/realisations\/t-shirt-monitoring\/","name":"T-shirt-monitoring - AQ-Tech","isPartOf":{"@id":"https:\/\/www.aq-tech.fr\/fr\/#website"},"datePublished":"2025-11-03T14:32:36+00:00","dateModified":"2025-11-04T08:44:58+00:00","description":"T-Shirt Monitoring est un textile connect\u00e9 d\u00e9velopp\u00e9 par AQ-Tech pour mesurer les biomarqueurs et mouvements du corps en temps r\u00e9el. Confortable, lavable et pr\u00e9cis, il associe capteurs textiles, \u00e9lectronique embarqu\u00e9e et application de suivi.","breadcrumb":{"@id":"https:\/\/www.aq-tech.fr\/fr\/realisations\/t-shirt-monitoring\/#breadcrumb"},"inLanguage":"fr-FR","potentialAction":[{"@type":"ReadAction","target":["https:\/\/www.aq-tech.fr\/fr\/realisations\/t-shirt-monitoring\/"]}]},{"@type":"BreadcrumbList","@id":"https:\/\/www.aq-tech.fr\/fr\/realisations\/t-shirt-monitoring\/#breadcrumb","itemListElement":[{"@type":"ListItem","position":1,"name":"Accueil","item":"https:\/\/www.aq-tech.fr\/fr\/"},{"@type":"ListItem","position":2,"name":"R\u00e9alisations","item":"https:\/\/www.aq-tech.fr\/fr\/realisations\/"},{"@type":"ListItem","position":3,"name":"T-shirt-monitoring"}]},{"@type":"WebSite","@id":"https:\/\/www.aq-tech.fr\/fr\/#website","url":"https:\/\/www.aq-tech.fr\/fr\/","name":"AQ-Tech","description":"Bureau d&#039;Etude d&#039;Ing\u00e9nierie M\u00e9canique &amp; Electronique &amp; industrielle","potentialAction":[{"@type":"SearchAction","target":{"@type":"EntryPoint","urlTemplate":"https:\/\/www.aq-tech.fr\/fr\/?s={search_term_string}"},"query-input":{"@type":"PropertyValueSpecification","valueRequired":true,"valueName":"search_term_string"}}],"inLanguage":"fr-FR"}]}},"_links":{"self":[{"href":"https:\/\/www.aq-tech.fr\/fr\/wp-json\/wp\/v2\/pages\/6666","targetHints":{"allow":["GET"]}}],"collection":[{"href":"https:\/\/www.aq-tech.fr\/fr\/wp-json\/wp\/v2\/pages"}],"about":[{"href":"https:\/\/www.aq-tech.fr\/fr\/wp-json\/wp\/v2\/types\/page"}],"author":[{"embeddable":true,"href":"https:\/\/www.aq-tech.fr\/fr\/wp-json\/wp\/v2\/users\/1"}],"replies":[{"embeddable":true,"href":"https:\/\/www.aq-tech.fr\/fr\/wp-json\/wp\/v2\/comments?post=6666"}],"version-history":[{"count":3,"href":"https:\/\/www.aq-tech.fr\/fr\/wp-json\/wp\/v2\/pages\/6666\/revisions"}],"predecessor-version":[{"id":6672,"href":"https:\/\/www.aq-tech.fr\/fr\/wp-json\/wp\/v2\/pages\/6666\/revisions\/6672"}],"up":[{"embeddable":true,"href":"https:\/\/www.aq-tech.fr\/fr\/wp-json\/wp\/v2\/pages\/6520"}],"wp:attachment":[{"href":"https:\/\/www.aq-tech.fr\/fr\/wp-json\/wp\/v2\/media?parent=6666"}],"curies":[{"name":"wp","href":"https:\/\/api.w.org\/{rel}","templated":true}]}}