{"id":6663,"date":"2025-11-03T15:19:16","date_gmt":"2025-11-03T14:19:16","guid":{"rendered":"https:\/\/www.aq-tech.fr\/fr\/?page_id=6663"},"modified":"2025-11-04T09:41:40","modified_gmt":"2025-11-04T08:41:40","slug":"clp","status":"publish","type":"page","link":"https:\/\/www.aq-tech.fr\/fr\/realisations\/clp\/","title":{"rendered":"CLP"},"content":{"rendered":"<div id=\"Realisations\">\r\n\r\n  <!-- BLOC 1 : TITRE -->\r\n  <div id=\"Bloc1Titre\" class=\"TroisQuart\">\r\n    <img decoding=\"async\" class=\"imagetitre\" src=\"\/wp-content\/themes\/ThemeAQTech2025-2\/_MediaTheme2025\/Image\/Realisations\/CLP\/CLP-Banniere.webp\" alt=\"CLP \u2013 P\u00e9diluve connect\u00e9 GEYSER\"\/>\r\n    <div class=\"video-overlay\"><\/div>\r\n    <div id=\"Bloc1TitreContent\">\r\n      <div class=\"container\">\r\n        <img decoding=\"async\" src=\"\/wp-content\/themes\/ThemeAQTech2025-2\/_MediaTheme2025\/Image\/All\/Fleche-Droite.webp\" alt=\"Fleche\" class=\"animate-slide-up\" \/>\r\n        <h1 class=\"animate-slide-up\">CLP<\/h1>\r\n        <h2 class=\"animate-slide-up\">P\u00e9diluve connect\u00e9 \u00ab GEYSER \u00bb<\/h2>\r\n      <\/div>\r\n    <\/div>\r\n  <\/div>\r\n\r\n  <!-- BLOC 2 : CONTEXTE -->\r\n  <div id=\"Bloc2Intro\" class=\"ImageTexte TroisQuart BlocGris20\">\r\n    <div class=\"container relative\">\r\n      <img decoding=\"async\" class=\"absolute\" src=\"\/wp-content\/themes\/ThemeAQTech2025-2\/_MediaTheme2025\/Image\/All\/Fleche-Haut.webp\" \/>\r\n      <div class=\"ImageTexteBlocImgContainer\" style=\"margin-top: 50px\">\r\n        <img decoding=\"async\" src=\"\/wp-content\/themes\/ThemeAQTech2025-2\/_MediaTheme2025\/Image\/Realisations\/CLP\/CLP-Vignette.webp\" alt=\"P\u00e9diluve connect\u00e9 GEYSER CLP\" \/>\r\n      <\/div>\r\n      <div id=\"Bloc2AccueilTextContainer\" class=\"ImageTexteBlocTextContainer animate-slide-right\">\r\n        <h2>Une exp\u00e9rience de p\u00e9diluve sans entretien, fluide et connect\u00e9e<\/h2>\r\n        <div class=\"titre-underline\"><\/div>\r\n        <p>\r\n          Le projet <strong>GEYSER by CLP<\/strong> a \u00e9t\u00e9 lanc\u00e9 par une entreprise sp\u00e9cialis\u00e9e dans la gestion de l\u2019eau et de l\u2019\u00e9nergie.  \r\n          L\u2019ambition : concevoir un <strong>p\u00e9diluve intelligent<\/strong> capable d\u2019\u00e9liminer toute op\u00e9ration de nettoyage ou maintenance, et d\u2019offrir une exp\u00e9rience optimale aux utilisateurs.\r\n        <\/p>\r\n        <p>\r\n          Le d\u00e9fi : d\u00e9velopper un produitesth\u00e9tique et performant respectant un design audacieux (cr\u00e9\u00e9 par La Cime Design), tout en int\u00e9grant m\u00e9caniquement, \u00e9lectroniquement et esth\u00e9tiquement un syst\u00e8me modulaire, fiable et connect\u00e9.\r\n        <\/p>\r\n      <\/div>\r\n    <\/div>\r\n  <\/div>\r\n\r\n  <!-- BLOC 3 : APPROCHE AQ-Tech -->\r\n  <div id=\"Bloc3Detail\">\r\n    <div class=\"TitreCentre container\">\r\n      <h2>Notre approche technique<\/h2>\r\n      <div class=\"titre-underline\"><\/div>\r\n      <p class=\"black\">\r\n        <span class=\"bold\">Du premier prototype \u00e0 la production : ing\u00e9nierie m\u00e9canique, \u00e9lectronique, connectivit\u00e9 et validation terrain.<\/span>\r\n      <\/p>\r\n    <\/div>\r\n\r\n    <div class=\"container\">\r\n\r\n      <!-- Prototype initial -->\r\n      <div class=\"bloc_expertise expertise_debut animate-slide-left\">\r\n        <img loading=\"lazy\" decoding=\"async\" src=\"\/wp-content\/themes\/ThemeAQTech2025-2\/_MediaTheme2025\/Image\/All\/Fleche-Droite.webp\" alt=\"\" class=\"expertise_fleche\" \/>\r\n        <div class=\"bloc_expertise_img_container\">\r\n          <img loading=\"lazy\" decoding=\"async\" src=\"\/wp-content\/themes\/ThemeAQTech2025-2\/_MediaTheme2025\/Image\/Realisations\/CLP\/CLP-Prototype.webp\" alt=\"Prototype p\u00e9diluve CLP\" \/>\r\n        <\/div>\r\n        <div class=\"bloc_expertise_text_container\">\r\n          <h2>Prototype fonctionnel<\/h2>\r\n          <div class=\"titre-underline\"><\/div>\r\n          <p class=\"bold black\">Premi\u00e8re version testable sur base technique.<\/p>\r\n          <ul class=\"black\">\r\n            <li>+ Choix des technologies de n\u00e9bulisation et traitement eau<\/li>\r\n            <li>+ D\u00e9veloppement \u00e9lectronique embarqu\u00e9 et connectivit\u00e9 IoT<\/li>\r\n            <li>+ Fabrication m\u00e9canique t\u00f4lerie\/plasturgie &#038; premier tests<\/li>\r\n          <\/ul>\r\n        <\/div>\r\n      <\/div>\r\n\r\n      <!-- Optimisation & pr\u00e9-s\u00e9rie -->\r\n      <div class=\"bloc_expertise expertise_gauche animate-slide-right\">\r\n        <img loading=\"lazy\" decoding=\"async\" src=\"\/wp-content\/themes\/ThemeAQTech2025-2\/_MediaTheme2025\/Image\/All\/Fleche-Haut.webp\" alt=\"\" class=\"expertise_fleche\" \/>\r\n        <div class=\"bloc_expertise_img_container\">\r\n          <img loading=\"lazy\" decoding=\"async\" src=\"\/wp-content\/themes\/ThemeAQTech2025-2\/_MediaTheme2025\/Image\/Realisations\/CLP\/CLP-Optimisation.webp\" alt=\"Optimisation p\u00e9diluve CLP\" \/>\r\n        <\/div>\r\n        <div class=\"bloc_expertise_text_container\">\r\n          <h2>Optimisation &#038; pr\u00e9-s\u00e9rie<\/h2>\r\n          <div class=\"titre-underline\"><\/div>\r\n          <p class=\"bold black\">It\u00e9rations de prototypage et validation technique.<\/p>\r\n          <ul class=\"black\">\r\n            <li>+ Retours utilisateurs et ajustements m\u00e9caniques \/ \u00e9lectroniques<\/li>\r\n            <li>+ Pilotage hardware\/software finalis\u00e9<\/li>\r\n            <li>+ Fabrication de pr\u00e9-s\u00e9rie avec finition couleur et vraie forme produit<\/li>\r\n          <\/ul>\r\n        <\/div>\r\n      <\/div>\r\n\r\n      <!-- Validation terrain & industrialisation -->\r\n      <div class=\"bloc_expertise expertise_droite animate-slide-left\">\r\n        <img loading=\"lazy\" decoding=\"async\" src=\"\/wp-content\/themes\/ThemeAQTech2025-2\/_MediaTheme2025\/Image\/All\/Fleche-Haut.webp\" alt=\"\" class=\"expertise_fleche\" \/>\r\n        <div class=\"bloc_expertise_img_container\">\r\n          <img loading=\"lazy\" decoding=\"async\" src=\"\/wp-content\/themes\/ThemeAQTech2025-2\/_MediaTheme2025\/Image\/Realisations\/CLP\/CLP-Industrialisation.webp\" alt=\"Industrialisation p\u00e9diluve CLP\" \/>\r\n        <\/div>\r\n        <div class=\"bloc_expertise_text_container\">\r\n          <h2>Validation terrain &#038; industrialisation<\/h2>\r\n          <div class=\"titre-underline\"><\/div>\r\n          <p class=\"bold black\">Mise en production avec tests intensifs en milieu r\u00e9el.<\/p>\r\n          <ul class=\"black\">\r\n            <li>+ Essais intensifs dans piscines publiques<\/li>\r\n            <li>+ Robustesse, r\u00e9parabilit\u00e9 et suivi connect\u00e9<\/li>\r\n            <li>+ Passage au process s\u00e9rie, contr\u00f4le qualit\u00e9 fin<\/li>\r\n          <\/ul>\r\n        <\/div>\r\n      <\/div>\r\n\r\n    <\/div>\r\n  <\/div>\r\n\r\n  <!-- BLOC 4 : R\u00c9SULTATS -->\r\n  <div id=\"Bloc4Resultats\" class=\"BlocGris20\">\r\n    <div class=\"container TitreCentre\">\r\n      <h2>R\u00e9sultats &#038; impact<\/h2>\r\n      <div class=\"titre-underline\"><\/div>\r\n      <p>\r\n        Gr\u00e2ce \u00e0 ce projet, CLP dispose d\u00e9sormais d\u2019un produit innovant **sans maintenance manuelle**, offrant une r\u00e9elle valeur ajout\u00e9e dans le secteur aquatique.  \r\n        La solution connect\u00e9e am\u00e9liore l\u2019exp\u00e9rience utilisateur, r\u00e9duit les co\u00fbts de gestion et permet un suivi intelligent.\r\n      <\/p>\r\n      <p><strong>Statut :<\/strong> prototype valid\u00e9 \u2013 production s\u00e9rie sur demande<\/p>\r\n    <\/div>\r\n  <\/div>\r\n\r\n  <!-- BLOC 5 : EXPERTISES ASSOCI\u00c9ES -->\r\n  <div id=\"Bloc5Parcours\" class=\"MultiCol DeuxCol BlocNoir20 animate-slide-right\">\r\n    <div class=\"container\">\r\n      <div class=\"TitreCentre container\">\r\n        <h2>Des expertises compl\u00e9mentaires<\/h2>\r\n        <div class=\"titre-underline\"><\/div>\r\n        <h3>De l\u2019eau \u00e0 l\u2019\u00e9lectronique, tout est int\u00e9gr\u00e9<\/h3>\r\n        <p>\r\n          Le projet GEYSER by CLP met en \u0153uvre les comp\u00e9tences d\u2019AQ-Tech en <strong>m\u00e9canique<\/strong>, <strong>\u00e9lectronique &#038; logiciel<\/strong>, ainsi qu\u2019en <strong>ing\u00e9nierie de fluides<\/strong> et connectivit\u00e9.\r\n        <\/p>\r\n      <\/div>\r\n\r\n      <div class=\"list_carre_container\">\r\n        <div class=\"list_carre_article\">\r\n          <div class=\"image-carre\"><img loading=\"lazy\" decoding=\"async\" src=\"\/wp-content\/themes\/ThemeAQTech2025-2\/_MediaTheme2025\/Image\/Realisations\/bureau_d_etudes_mecanique.webp\" alt=\"Expertise m\u00e9canique aquatique AQ-Tech\" \/><\/div>\r\n          <h3>M\u00e9canique &#038; fluides<\/h3>\r\n          <div class=\"titre-underline\"><\/div>\r\n          <p>Conception de structures \u00e9tanches, gestion de l\u2019eau, tuyauterie et modules pneumatiques.<\/p>\r\n          <div class=\"btn-orange liensection\">\r\n            <a href=\"\/fr\/expertises\/mecanique\/\">+ D\u00e9couvrir<\/a>\r\n          <\/div>\r\n        <\/div>\r\n\r\n        <div class=\"list_carre_article\">\r\n          <div class=\"image-carre\"><img loading=\"lazy\" decoding=\"async\" src=\"\/wp-content\/themes\/ThemeAQTech2025-2\/_MediaTheme2025\/Image\/Realisations\/Conception Electronique.webp\" alt=\"Expertise \u00e9lectronique AQ-Tech\" \/><\/div>\r\n          <h3>\u00c9lectronique &#038; logiciel<\/h3>\r\n          <div class=\"titre-underline\"><\/div>\r\n          <p>D\u00e9veloppement de cartes \u00e9lectroniques, logiciels embarqu\u00e9s et connectivit\u00e9 IoT pour \u00e9quipements aquatiques.<\/p>\r\n          <div class=\"btn-orange liensection\">\r\n            <a href=\"\/fr\/expertises\/electronique-logiciel\/\">+ En savoir plus<\/a>\r\n          <\/div>\r\n        <\/div>\r\n      <\/div>\r\n    <\/div>\r\n  <\/div>\r\n\r\n  <!-- SLIDER CLIENTS -->\r\n  <div class=\"SliderLogoClient\"><\/div>\r\n\r\n  <!-- CTA FINAL -->\r\n  <div id=\"BlocCTA\" class=\"ImageTexte TroisQuart\">\r\n    <div class=\"container relative\">\r\n      <img loading=\"lazy\" decoding=\"async\" class=\"absolute\" src=\"\/wp-content\/themes\/ThemeAQTech2025-2\/_MediaTheme2025\/Image\/All\/Fleche-Haut.webp\" \/>  \r\n      <div class=\"ImageTexteBlocImgContainer\">\r\n        <img loading=\"lazy\" decoding=\"async\" src=\"\/wp-content\/themes\/ThemeAQTech2025-2\/_MediaTheme2025\/Image\/Contact\/LienContact.webp\" alt=\"Contact AQ-Tech\" \/>\r\n      <\/div>\r\n      <div id=\"Bloc2AccueilTextContainer\" class=\"ImageTexteBlocTextContainer animate-slide-right\">\r\n        <h2>Vous concevez un \u00e9quipement connect\u00e9 pour le secteur aquatique ?<\/h2>\r\n        <div class=\"titre-underline\"><\/div>\r\n        <p>\r\n          AQ-Tech vous accompagne dans le d\u00e9veloppement de solutions aquatiques innovantes : de la R&#038;D \u00e0 la production s\u00e9rie.\r\n        <\/p>\r\n        <div class=\"btn-orange\">\r\n          <a href=\"\/fr\/contact\/\">+ Nous contacter<\/a>\r\n        <\/div>\r\n      <\/div>\r\n    <\/div>\r\n  <\/div>\r\n\r\n<\/div>\r\n","protected":false},"excerpt":{"rendered":"<p>CLP P\u00e9diluve connect\u00e9 \u00ab GEYSER \u00bb Une exp\u00e9rience de p\u00e9diluve sans entretien, fluide et connect\u00e9e Le projet GEYSER by CLP a \u00e9t\u00e9 lanc\u00e9 par une entreprise sp\u00e9cialis\u00e9e dans la gestion de l\u2019eau et de l\u2019\u00e9nergie. L\u2019ambition : concevoir un p\u00e9diluve intelligent capable d\u2019\u00e9liminer toute op\u00e9ration de nettoyage ou maintenance, et d\u2019offrir une exp\u00e9rience optimale aux [&hellip;]<\/p>\n","protected":false},"author":1,"featured_media":0,"parent":6520,"menu_order":0,"comment_status":"closed","ping_status":"closed","template":"","meta":{"footnotes":""},"class_list":["post-6663","page","type-page","status-publish","hentry"],"yoast_head":"<!-- This site is optimized with the Yoast SEO plugin v26.2 - https:\/\/yoast.com\/wordpress\/plugins\/seo\/ -->\n<title>CLP - AQ-Tech<\/title>\n<meta name=\"description\" content=\"Le p\u00e9diluve connect\u00e9 GEYSER d\u00e9velopp\u00e9 pour CLP par AQ-Tech associe m\u00e9canique, \u00e9lectronique et gestion de l\u2019eau dans une solution innovante, sans entretien, connect\u00e9e et pens\u00e9e pour les piscines et environnements aquatiques professionnels.\" \/>\n<meta name=\"robots\" content=\"index, follow, max-snippet:-1, max-image-preview:large, max-video-preview:-1\" \/>\n<link rel=\"canonical\" href=\"https:\/\/www.aq-tech.fr\/fr\/realisations\/clp\/\" \/>\n<meta property=\"og:locale\" content=\"fr_FR\" \/>\n<meta property=\"og:type\" content=\"article\" \/>\n<meta property=\"og:title\" content=\"CLP - AQ-Tech\" \/>\n<meta property=\"og:description\" content=\"Le p\u00e9diluve connect\u00e9 GEYSER d\u00e9velopp\u00e9 pour CLP par AQ-Tech associe m\u00e9canique, \u00e9lectronique et gestion de l\u2019eau dans une solution innovante, sans entretien, connect\u00e9e et pens\u00e9e pour les piscines et environnements aquatiques professionnels.\" \/>\n<meta property=\"og:url\" content=\"https:\/\/www.aq-tech.fr\/fr\/realisations\/clp\/\" \/>\n<meta property=\"og:site_name\" content=\"AQ-Tech\" \/>\n<meta property=\"article:modified_time\" content=\"2025-11-04T08:41:40+00:00\" \/>\n<meta name=\"twitter:card\" content=\"summary_large_image\" \/>\n<meta name=\"twitter:label1\" content=\"Dur\u00e9e de lecture estim\u00e9e\" \/>\n\t<meta name=\"twitter:data1\" content=\"5 minutes\" \/>\n<script type=\"application\/ld+json\" class=\"yoast-schema-graph\">{\"@context\":\"https:\/\/schema.org\",\"@graph\":[{\"@type\":\"WebPage\",\"@id\":\"https:\/\/www.aq-tech.fr\/fr\/realisations\/clp\/\",\"url\":\"https:\/\/www.aq-tech.fr\/fr\/realisations\/clp\/\",\"name\":\"CLP - AQ-Tech\",\"isPartOf\":{\"@id\":\"https:\/\/www.aq-tech.fr\/fr\/#website\"},\"datePublished\":\"2025-11-03T14:19:16+00:00\",\"dateModified\":\"2025-11-04T08:41:40+00:00\",\"description\":\"Le p\u00e9diluve connect\u00e9 GEYSER d\u00e9velopp\u00e9 pour CLP par AQ-Tech associe m\u00e9canique, \u00e9lectronique et gestion de l\u2019eau dans une solution innovante, sans entretien, connect\u00e9e et pens\u00e9e pour les piscines et environnements aquatiques professionnels.\",\"breadcrumb\":{\"@id\":\"https:\/\/www.aq-tech.fr\/fr\/realisations\/clp\/#breadcrumb\"},\"inLanguage\":\"fr-FR\",\"potentialAction\":[{\"@type\":\"ReadAction\",\"target\":[\"https:\/\/www.aq-tech.fr\/fr\/realisations\/clp\/\"]}]},{\"@type\":\"BreadcrumbList\",\"@id\":\"https:\/\/www.aq-tech.fr\/fr\/realisations\/clp\/#breadcrumb\",\"itemListElement\":[{\"@type\":\"ListItem\",\"position\":1,\"name\":\"Accueil\",\"item\":\"https:\/\/www.aq-tech.fr\/fr\/\"},{\"@type\":\"ListItem\",\"position\":2,\"name\":\"R\u00e9alisations\",\"item\":\"https:\/\/www.aq-tech.fr\/fr\/realisations\/\"},{\"@type\":\"ListItem\",\"position\":3,\"name\":\"CLP\"}]},{\"@type\":\"WebSite\",\"@id\":\"https:\/\/www.aq-tech.fr\/fr\/#website\",\"url\":\"https:\/\/www.aq-tech.fr\/fr\/\",\"name\":\"AQ-Tech\",\"description\":\"Bureau d&#039;Etude d&#039;Ing\u00e9nierie M\u00e9canique &amp; Electronique &amp; industrielle\",\"potentialAction\":[{\"@type\":\"SearchAction\",\"target\":{\"@type\":\"EntryPoint\",\"urlTemplate\":\"https:\/\/www.aq-tech.fr\/fr\/?s={search_term_string}\"},\"query-input\":{\"@type\":\"PropertyValueSpecification\",\"valueRequired\":true,\"valueName\":\"search_term_string\"}}],\"inLanguage\":\"fr-FR\"}]}<\/script>\n<!-- \/ Yoast SEO plugin. -->","yoast_head_json":{"title":"CLP - AQ-Tech","description":"Le p\u00e9diluve connect\u00e9 GEYSER d\u00e9velopp\u00e9 pour CLP par AQ-Tech associe m\u00e9canique, \u00e9lectronique et gestion de l\u2019eau dans une solution innovante, sans entretien, connect\u00e9e et pens\u00e9e pour les piscines et environnements aquatiques professionnels.","robots":{"index":"index","follow":"follow","max-snippet":"max-snippet:-1","max-image-preview":"max-image-preview:large","max-video-preview":"max-video-preview:-1"},"canonical":"https:\/\/www.aq-tech.fr\/fr\/realisations\/clp\/","og_locale":"fr_FR","og_type":"article","og_title":"CLP - AQ-Tech","og_description":"Le p\u00e9diluve connect\u00e9 GEYSER d\u00e9velopp\u00e9 pour CLP par AQ-Tech associe m\u00e9canique, \u00e9lectronique et gestion de l\u2019eau dans une solution innovante, sans entretien, connect\u00e9e et pens\u00e9e pour les piscines et environnements aquatiques professionnels.","og_url":"https:\/\/www.aq-tech.fr\/fr\/realisations\/clp\/","og_site_name":"AQ-Tech","article_modified_time":"2025-11-04T08:41:40+00:00","twitter_card":"summary_large_image","twitter_misc":{"Dur\u00e9e de lecture estim\u00e9e":"5 minutes"},"schema":{"@context":"https:\/\/schema.org","@graph":[{"@type":"WebPage","@id":"https:\/\/www.aq-tech.fr\/fr\/realisations\/clp\/","url":"https:\/\/www.aq-tech.fr\/fr\/realisations\/clp\/","name":"CLP - AQ-Tech","isPartOf":{"@id":"https:\/\/www.aq-tech.fr\/fr\/#website"},"datePublished":"2025-11-03T14:19:16+00:00","dateModified":"2025-11-04T08:41:40+00:00","description":"Le p\u00e9diluve connect\u00e9 GEYSER d\u00e9velopp\u00e9 pour CLP par AQ-Tech associe m\u00e9canique, \u00e9lectronique et gestion de l\u2019eau dans une solution innovante, sans entretien, connect\u00e9e et pens\u00e9e pour les piscines et environnements aquatiques professionnels.","breadcrumb":{"@id":"https:\/\/www.aq-tech.fr\/fr\/realisations\/clp\/#breadcrumb"},"inLanguage":"fr-FR","potentialAction":[{"@type":"ReadAction","target":["https:\/\/www.aq-tech.fr\/fr\/realisations\/clp\/"]}]},{"@type":"BreadcrumbList","@id":"https:\/\/www.aq-tech.fr\/fr\/realisations\/clp\/#breadcrumb","itemListElement":[{"@type":"ListItem","position":1,"name":"Accueil","item":"https:\/\/www.aq-tech.fr\/fr\/"},{"@type":"ListItem","position":2,"name":"R\u00e9alisations","item":"https:\/\/www.aq-tech.fr\/fr\/realisations\/"},{"@type":"ListItem","position":3,"name":"CLP"}]},{"@type":"WebSite","@id":"https:\/\/www.aq-tech.fr\/fr\/#website","url":"https:\/\/www.aq-tech.fr\/fr\/","name":"AQ-Tech","description":"Bureau d&#039;Etude d&#039;Ing\u00e9nierie M\u00e9canique &amp; Electronique &amp; industrielle","potentialAction":[{"@type":"SearchAction","target":{"@type":"EntryPoint","urlTemplate":"https:\/\/www.aq-tech.fr\/fr\/?s={search_term_string}"},"query-input":{"@type":"PropertyValueSpecification","valueRequired":true,"valueName":"search_term_string"}}],"inLanguage":"fr-FR"}]}},"_links":{"self":[{"href":"https:\/\/www.aq-tech.fr\/fr\/wp-json\/wp\/v2\/pages\/6663","targetHints":{"allow":["GET"]}}],"collection":[{"href":"https:\/\/www.aq-tech.fr\/fr\/wp-json\/wp\/v2\/pages"}],"about":[{"href":"https:\/\/www.aq-tech.fr\/fr\/wp-json\/wp\/v2\/types\/page"}],"author":[{"embeddable":true,"href":"https:\/\/www.aq-tech.fr\/fr\/wp-json\/wp\/v2\/users\/1"}],"replies":[{"embeddable":true,"href":"https:\/\/www.aq-tech.fr\/fr\/wp-json\/wp\/v2\/comments?post=6663"}],"version-history":[{"count":2,"href":"https:\/\/www.aq-tech.fr\/fr\/wp-json\/wp\/v2\/pages\/6663\/revisions"}],"predecessor-version":[{"id":6687,"href":"https:\/\/www.aq-tech.fr\/fr\/wp-json\/wp\/v2\/pages\/6663\/revisions\/6687"}],"up":[{"embeddable":true,"href":"https:\/\/www.aq-tech.fr\/fr\/wp-json\/wp\/v2\/pages\/6520"}],"wp:attachment":[{"href":"https:\/\/www.aq-tech.fr\/fr\/wp-json\/wp\/v2\/media?parent=6663"}],"curies":[{"name":"wp","href":"https:\/\/api.w.org\/{rel}","templated":true}]}}