{"id":6654,"date":"2025-11-03T14:33:10","date_gmt":"2025-11-03T13:33:10","guid":{"rendered":"https:\/\/www.aq-tech.fr\/fr\/?page_id=6654"},"modified":"2025-11-04T09:44:08","modified_gmt":"2025-11-04T08:44:08","slug":"optimergo","status":"publish","type":"page","link":"https:\/\/www.aq-tech.fr\/fr\/realisations\/optimergo\/","title":{"rendered":"Optimergo"},"content":{"rendered":"<div id=\"Realisations\">\r\n\r\n  <!-- BLOC 1 : TITRE -->\r\n  <div id=\"Bloc1Titre\" class=\"TroisQuart\">\r\n    <img decoding=\"async\" class=\"imagetitre\" src=\"\/wp-content\/themes\/ThemeAQTech2025-2\/_MediaTheme2025\/Image\/Realisations\/Optimergo\/Optimergo-Banniere.webp\" alt=\"Optimergo \u2013 Capteur EMG pour sport et industrie\"\/>\r\n    <div class=\"video-overlay\"><\/div>\r\n    <div id=\"Bloc1TitreContent\">\r\n      <div class=\"container\">\r\n        <img decoding=\"async\" src=\"\/wp-content\/themes\/ThemeAQTech2025-2\/_MediaTheme2025\/Image\/All\/Fleche-Droite.webp\" alt=\"Fleche\" class=\"animate-slide-up\" \/>\r\n        <h1 class=\"animate-slide-up\">Optimergo<\/h1>\r\n        <h2 class=\"animate-slide-up\">Capteur EMG miniature pour le sport et l\u2019industrie<\/h2>\r\n      <\/div>\r\n    <\/div>\r\n  <\/div>\r\n\r\n  <!-- BLOC 2 : CONTEXTE -->\r\n  <div id=\"Bloc2Intro\" class=\"ImageTexte TroisQuart BlocGris20\">\r\n    <div class=\"container relative\">\r\n      <img decoding=\"async\" class=\"absolute\" src=\"\/wp-content\/themes\/ThemeAQTech2025-2\/_MediaTheme2025\/Image\/All\/Fleche-Haut.webp\" \/>\r\n      <div class=\"ImageTexteBlocImgContainer\" style=\"margin-top: 50px\">\r\n        <img decoding=\"async\" src=\"\/wp-content\/themes\/ThemeAQTech2025-2\/_MediaTheme2025\/Image\/Realisations\/Optimergo\/Optimergo prototype fonctionnel.Webp\" alt=\"Capteur EMG Optimergo\" \/>\r\n      <\/div>\r\n      <div id=\"Bloc2AccueilTextContainer\" class=\"ImageTexteBlocTextContainer animate-slide-right\">\r\n        <h2>Analyser l\u2019activit\u00e9 musculaire en conditions r\u00e9elles<\/h2>\r\n        <div class=\"titre-underline\"><\/div>\r\n        <p>\r\n          <strong>Optimergo<\/strong> est un dispositif miniature de mesure EMG (\u00e9lectromyographie) con\u00e7u pour le suivi de l\u2019activit\u00e9 musculaire dans le sport et l\u2019industrie.  \r\n          Ce syst\u00e8me portable permet d\u2019\u00e9valuer la fatigue, la posture et la sollicitation musculaire en temps r\u00e9el, sans g\u00eaner le mouvement.\r\n        <\/p>\r\n        <p>\r\n          L\u2019objectif du projet : concevoir une solution int\u00e9gr\u00e9e et robuste alliant <strong>texile capteur, \u00e9lectronique embarqu\u00e9e et traitement du signal<\/strong> dans un format l\u00e9ger et confortable.\r\n        <\/p>\r\n      <\/div>\r\n    <\/div>\r\n  <\/div>\r\n\r\n  <!-- BLOC 3 : APPROCHE AQ-TECH -->\r\n  <div id=\"Bloc3Detail\">\r\n    <div class=\"TitreCentre container\">\r\n      <h2>Notre approche technique<\/h2>\r\n      <div class=\"titre-underline\"><\/div>\r\n      <p class=\"black\">\r\n        <span class=\"bold\">Une int\u00e9gration compl\u00e8te entre m\u00e9canique, \u00e9lectronique et algorithmes de traitement du signal.<\/span>\r\n      <\/p>\r\n    <\/div>\r\n\r\n    <div class=\"container\">\r\n\r\n      <!-- EMG INTELLIGENT -->\r\n      <div class=\"bloc_expertise expertise_debut animate-slide-left\">\r\n        <img loading=\"lazy\" decoding=\"async\" src=\"\/wp-content\/themes\/ThemeAQTech2025-2\/_MediaTheme2025\/Image\/All\/Fleche-Droite.webp\" alt=\"\" class=\"expertise_fleche\" \/>\r\n        <div class=\"bloc_expertise_img_container\">\r\n          <img loading=\"lazy\" decoding=\"async\" src=\"\/wp-content\/themes\/ThemeAQTech2025-2\/_MediaTheme2025\/Image\/Realisations\/Optimergo\/Optimergo-eclate.webp\" alt=\"Eclat\u00e9 capteur Optimergo\" \/>\r\n        <\/div>\r\n        <div class=\"bloc_expertise_text_container\">\r\n          <h2>Capteur EMG embarqu\u00e9<\/h2>\r\n          <div class=\"titre-underline\"><\/div>\r\n          <p class=\"bold black\">Un boitier optimis\u00e9 pour le quotidien.<\/p>\r\n          <ul class=\"black\">\r\n            <li>+ Int\u00e9gration multipoints pour mesure EMG localis\u00e9e<\/li>\r\n            <li>+ Conception m\u00e9canique optimis\u00e9 pour le poids et l&rsquo;encombrement<\/li>\r\n            <li>+ Industrialisation anticip\u00e9<\/li>\r\n          <\/ul>\r\n        <\/div>\r\n      <\/div>\r\n\r\n      <!-- \u00c9LECTRONIQUE & TRAITEMENT -->\r\n      <div class=\"bloc_expertise expertise_gauche animate-slide-right\">\r\n        <img loading=\"lazy\" decoding=\"async\" src=\"\/wp-content\/themes\/ThemeAQTech2025-2\/_MediaTheme2025\/Image\/All\/Fleche-Haut.webp\" alt=\"\" class=\"expertise_fleche\" \/>\r\n        <div class=\"bloc_expertise_img_container\">\r\n          <img loading=\"lazy\" decoding=\"async\" src=\"\/wp-content\/themes\/ThemeAQTech2025-2\/_MediaTheme2025\/Image\/Realisations\/Optimergo\/Conception Electronique.webp\" alt=\"\u00c9lectronique Optimergo\" \/>\r\n        <\/div>\r\n        <div class=\"bloc_expertise_text_container\">\r\n          <h2>\u00c9lectronique embarqu\u00e9e<\/h2>\r\n          <div class=\"titre-underline\"><\/div>\r\n          <p class=\"bold black\">Une acquisition haute pr\u00e9cision dans un format miniature.<\/p>\r\n          <ul class=\"black\">\r\n            <li>+ Carte PCB d\u00e9di\u00e9e \u00e0 faible bruit et haute imp\u00e9dance<\/li>\r\n            <li>+ Filtrage analogique et num\u00e9rique temps r\u00e9el<\/li>\r\n            <li>+ Transmission Bluetooth Low Energy (BLE)<\/li>\r\n            <li>+ Batterie int\u00e9gr\u00e9e rechargeable via USB-C<\/li>\r\n          <\/ul>\r\n        <\/div>\r\n      <\/div>\r\n\r\n      <!-- LOGICIEL ET ANALYSE -->\r\n      <div class=\"bloc_expertise expertise_droite animate-slide-left\">\r\n        <img loading=\"lazy\" decoding=\"async\" src=\"\/wp-content\/themes\/ThemeAQTech2025-2\/_MediaTheme2025\/Image\/All\/Fleche-Haut.webp\" alt=\"\" class=\"expertise_fleche\" \/>\r\n        <div class=\"bloc_expertise_img_container\">\r\n          <img loading=\"lazy\" decoding=\"async\" src=\"\/wp-content\/themes\/ThemeAQTech2025-2\/_MediaTheme2025\/Image\/Realisations\/Optimergo\/Optimergo-IHM.webp\" alt=\"Application logicielle Optimergo\" \/>\r\n        <\/div>\r\n        <div class=\"bloc_expertise_text_container\">\r\n          <h2>Logiciel<\/h2>\r\n          <div class=\"titre-underline\"><\/div>\r\n          <p class=\"bold black\">Des outils intuitifs pour interpr\u00e9ter les donn\u00e9es physiologiques.<\/p>\r\n          <ul class=\"black\">\r\n            <li>+ Remont\u00e9e des signaux via BLE<\/li>\r\n            <li>+ Pr\u00e9-Data processing pour optimisation ressource<\/li>\r\n            <li>+ Int\u00e9gration IMU<\/li>\r\n          <\/ul>\r\n        <\/div>\r\n      <\/div>\r\n\r\n    <\/div>\r\n  <\/div>\r\n\r\n  <!-- BLOC 4 : R\u00c9SULTATS -->\r\n  <div id=\"Bloc4Resultats\" class=\"BlocGris20\">\r\n    <div class=\"container TitreCentre\">\r\n      <h2>R\u00e9sultats &#038; impact<\/h2>\r\n      <div class=\"titre-underline\"><\/div>\r\n      <p>\r\n        <strong>Optimergo<\/strong> a permis de d\u00e9mocratiser l\u2019usage de l\u2019EMG dans les environnements r\u00e9els.  \r\n        Le syst\u00e8me est aujourd\u2019hui utilis\u00e9 dans des <strong>programmes de pr\u00e9vention des TMS<\/strong> en industrie et pour l\u2019<strong>optimisation des performances musculaires<\/strong> chez les sportifs.\r\n      <\/p>\r\n      <p><strong>Statut :<\/strong> produit en pr\u00e9-s\u00e9rie \u2013 d\u00e9ploiement pilote en entreprises et clubs sportifs<\/p>\r\n    <\/div>\r\n  <\/div>\r\n\r\n\r\n  <!-- BLOC 5 : LIENS EXPERTISES Associ\u00e9es -->\r\n  <div id=\"Bloc5Parcours\" class=\"MultiCol DeuxCol BlocNoir20 animate-slide-right\">\r\n    <div class=\"container\">\r\n      <div class=\"TitreCentre container\">\r\n        <h2>Des expertises compl\u00e9mentaires<\/h2>\r\n        <div class=\"titre-underline\"><\/div>\r\n        <h3>Une approche int\u00e9gr\u00e9e pour des produits complets<\/h3>\r\n        <p>\r\n          Nos projets textiles s\u2019appuient sur les autres p\u00f4les d\u2019AQ-Tech pour int\u00e9grer m\u00e9catronique, design et industrialisation :\r\n          <strong>\u00e9lectronique<\/strong>, <strong>m\u00e9canique<\/strong> et <strong>innovation produit<\/strong>.\r\n        <\/p>\r\n      <\/div>\r\n\r\n      <div class=\"list_carre_container\">\r\n        <div class=\"list_carre_article\">\r\n          <div class=\"image-carre\"><img loading=\"lazy\" decoding=\"async\" src=\"\/wp-content\/themes\/ThemeAQTech2025-2\/_MediaTheme2025\/Image\/Realisations\/Conception Electronique.webp\" alt=\"Expertise \u00e9lectronique AQ-Tech\" \/><\/div>\r\n          <h3>\u00c9lectronique &#038; firmware<\/h3>\r\n          <div class=\"titre-underline\"><\/div>\r\n          <p>Conception de cartes, capteurs et firmwares pour syst\u00e8mes connect\u00e9s textiles.<\/p>\r\n          <div class=\"btn-orange liensection\">\r\n            <a href=\"\/fr\/expertises\/electronique-logiciel\/\">+ D\u00e9couvrir<\/a>\r\n          <\/div>\r\n        <\/div>\r\n\r\n        <div class=\"list_carre_article\">\r\n          <div class=\"image-carre\"><img loading=\"lazy\" decoding=\"async\" src=\"\/wp-content\/themes\/ThemeAQTech2025-2\/_MediaTheme2025\/Image\/Realisations\/bureau_d_etudes_mecanique.webp\" alt=\"Expertise m\u00e9canique AQ-Tech\" \/><\/div>\r\n          <h3>M\u00e9canique<\/h3>\r\n          <div class=\"titre-underline\"><\/div>\r\n          <p>Conception structurelle et int\u00e9gration m\u00e9canique de syst\u00e8mes souples ou rigides.<\/p>\r\n          <div class=\"btn-orange liensection\">\r\n            <a href=\"\/fr\/expertises\/mecanique\/\">+ En savoir plus<\/a>\r\n          <\/div>\r\n        <\/div>\r\n      <\/div>\r\n    <\/div>\r\n  <\/div>\r\n  <!-- SLIDER CLIENTS -->\r\n  <div class=\"SliderLogoClient\"><\/div>\r\n\r\n  <!-- CTA FINAL -->\r\n  <div id=\"BlocCTA\" class=\"ImageTexte TroisQuart\">\r\n    <div class=\"container relative\">\r\n      <img loading=\"lazy\" decoding=\"async\" class=\"absolute\" src=\"\/wp-content\/themes\/ThemeAQTech2025-2\/_MediaTheme2025\/Image\/All\/Fleche-Haut.webp\" \/>\t\r\n      <div class=\"ImageTexteBlocImgContainer\">\r\n        <img loading=\"lazy\" decoding=\"async\" src=\"\/wp-content\/themes\/ThemeAQTech2025-2\/_MediaTheme2025\/Image\/Contact\/LienContact.webp\" alt=\"Contact AQ-Tech\" \/>\r\n      <\/div>\r\n      <div id=\"Bloc2AccueilTextContainer\" class=\"ImageTexteBlocTextContainer animate-slide-right\">\r\n        <h2>Un projet de textile capteur ?<\/h2>\r\n        <div class=\"titre-underline\"><\/div>\r\n        <p>\r\n          AQ-Tech con\u00e7oit des solutions Smart Textile sur mesure pour le suivi musculaire, physiologique ou postural.  \r\n          Discutons de votre projet de capteur textile intelligent.\r\n        <\/p>\r\n        <div class=\"btn-orange\">\r\n          <a href=\"\/fr\/contact\/\">+ Nous contacter<\/a>\r\n        <\/div>\r\n      <\/div>\r\n    <\/div>\r\n  <\/div>\r\n\r\n<\/div>\r\n","protected":false},"excerpt":{"rendered":"<p>Optimergo Capteur EMG miniature pour le sport et l\u2019industrie Analyser l\u2019activit\u00e9 musculaire en conditions r\u00e9elles Optimergo est un dispositif miniature de mesure EMG (\u00e9lectromyographie) con\u00e7u pour le suivi de l\u2019activit\u00e9 musculaire dans le sport et l\u2019industrie. Ce syst\u00e8me portable permet d\u2019\u00e9valuer la fatigue, la posture et la sollicitation musculaire en temps r\u00e9el, sans g\u00eaner le [&hellip;]<\/p>\n","protected":false},"author":1,"featured_media":0,"parent":6520,"menu_order":0,"comment_status":"closed","ping_status":"closed","template":"","meta":{"footnotes":""},"class_list":["post-6654","page","type-page","status-publish","hentry"],"yoast_head":"<!-- This site is optimized with the Yoast SEO plugin v26.2 - https:\/\/yoast.com\/wordpress\/plugins\/seo\/ -->\n<title>Optimergo - AQ-Tech<\/title>\n<meta name=\"description\" content=\"Optimergo est un capteur EMG miniature d\u00e9velopp\u00e9 par AQ-Tech pour mesurer l\u2019activit\u00e9 musculaire en temps r\u00e9el dans le sport et l\u2019industrie. Alliant textile capteur, \u00e9lectronique embarqu\u00e9e et traitement du signal, il permet d\u2019analyser fatigue, posture et performance en conditions r\u00e9elles.\" \/>\n<meta name=\"robots\" content=\"index, follow, max-snippet:-1, max-image-preview:large, max-video-preview:-1\" \/>\n<link rel=\"canonical\" href=\"https:\/\/www.aq-tech.fr\/fr\/realisations\/optimergo\/\" \/>\n<meta property=\"og:locale\" content=\"fr_FR\" \/>\n<meta property=\"og:type\" content=\"article\" \/>\n<meta property=\"og:title\" content=\"Optimergo - AQ-Tech\" \/>\n<meta property=\"og:description\" content=\"Optimergo est un capteur EMG miniature d\u00e9velopp\u00e9 par AQ-Tech pour mesurer l\u2019activit\u00e9 musculaire en temps r\u00e9el dans le sport et l\u2019industrie. Alliant textile capteur, \u00e9lectronique embarqu\u00e9e et traitement du signal, il permet d\u2019analyser fatigue, posture et performance en conditions r\u00e9elles.\" \/>\n<meta property=\"og:url\" content=\"https:\/\/www.aq-tech.fr\/fr\/realisations\/optimergo\/\" \/>\n<meta property=\"og:site_name\" content=\"AQ-Tech\" \/>\n<meta property=\"article:modified_time\" content=\"2025-11-04T08:44:08+00:00\" \/>\n<meta name=\"twitter:card\" content=\"summary_large_image\" \/>\n<meta name=\"twitter:label1\" content=\"Dur\u00e9e de lecture estim\u00e9e\" \/>\n\t<meta name=\"twitter:data1\" content=\"5 minutes\" \/>\n<script type=\"application\/ld+json\" class=\"yoast-schema-graph\">{\"@context\":\"https:\/\/schema.org\",\"@graph\":[{\"@type\":\"WebPage\",\"@id\":\"https:\/\/www.aq-tech.fr\/fr\/realisations\/optimergo\/\",\"url\":\"https:\/\/www.aq-tech.fr\/fr\/realisations\/optimergo\/\",\"name\":\"Optimergo - AQ-Tech\",\"isPartOf\":{\"@id\":\"https:\/\/www.aq-tech.fr\/fr\/#website\"},\"datePublished\":\"2025-11-03T13:33:10+00:00\",\"dateModified\":\"2025-11-04T08:44:08+00:00\",\"description\":\"Optimergo est un capteur EMG miniature d\u00e9velopp\u00e9 par AQ-Tech pour mesurer l\u2019activit\u00e9 musculaire en temps r\u00e9el dans le sport et l\u2019industrie. Alliant textile capteur, \u00e9lectronique embarqu\u00e9e et traitement du signal, il permet d\u2019analyser fatigue, posture et performance en conditions r\u00e9elles.\",\"breadcrumb\":{\"@id\":\"https:\/\/www.aq-tech.fr\/fr\/realisations\/optimergo\/#breadcrumb\"},\"inLanguage\":\"fr-FR\",\"potentialAction\":[{\"@type\":\"ReadAction\",\"target\":[\"https:\/\/www.aq-tech.fr\/fr\/realisations\/optimergo\/\"]}]},{\"@type\":\"BreadcrumbList\",\"@id\":\"https:\/\/www.aq-tech.fr\/fr\/realisations\/optimergo\/#breadcrumb\",\"itemListElement\":[{\"@type\":\"ListItem\",\"position\":1,\"name\":\"Accueil\",\"item\":\"https:\/\/www.aq-tech.fr\/fr\/\"},{\"@type\":\"ListItem\",\"position\":2,\"name\":\"R\u00e9alisations\",\"item\":\"https:\/\/www.aq-tech.fr\/fr\/realisations\/\"},{\"@type\":\"ListItem\",\"position\":3,\"name\":\"Optimergo\"}]},{\"@type\":\"WebSite\",\"@id\":\"https:\/\/www.aq-tech.fr\/fr\/#website\",\"url\":\"https:\/\/www.aq-tech.fr\/fr\/\",\"name\":\"AQ-Tech\",\"description\":\"Bureau d&#039;Etude d&#039;Ing\u00e9nierie M\u00e9canique &amp; Electronique &amp; industrielle\",\"potentialAction\":[{\"@type\":\"SearchAction\",\"target\":{\"@type\":\"EntryPoint\",\"urlTemplate\":\"https:\/\/www.aq-tech.fr\/fr\/?s={search_term_string}\"},\"query-input\":{\"@type\":\"PropertyValueSpecification\",\"valueRequired\":true,\"valueName\":\"search_term_string\"}}],\"inLanguage\":\"fr-FR\"}]}<\/script>\n<!-- \/ Yoast SEO plugin. -->","yoast_head_json":{"title":"Optimergo - AQ-Tech","description":"Optimergo est un capteur EMG miniature d\u00e9velopp\u00e9 par AQ-Tech pour mesurer l\u2019activit\u00e9 musculaire en temps r\u00e9el dans le sport et l\u2019industrie. Alliant textile capteur, \u00e9lectronique embarqu\u00e9e et traitement du signal, il permet d\u2019analyser fatigue, posture et performance en conditions r\u00e9elles.","robots":{"index":"index","follow":"follow","max-snippet":"max-snippet:-1","max-image-preview":"max-image-preview:large","max-video-preview":"max-video-preview:-1"},"canonical":"https:\/\/www.aq-tech.fr\/fr\/realisations\/optimergo\/","og_locale":"fr_FR","og_type":"article","og_title":"Optimergo - AQ-Tech","og_description":"Optimergo est un capteur EMG miniature d\u00e9velopp\u00e9 par AQ-Tech pour mesurer l\u2019activit\u00e9 musculaire en temps r\u00e9el dans le sport et l\u2019industrie. Alliant textile capteur, \u00e9lectronique embarqu\u00e9e et traitement du signal, il permet d\u2019analyser fatigue, posture et performance en conditions r\u00e9elles.","og_url":"https:\/\/www.aq-tech.fr\/fr\/realisations\/optimergo\/","og_site_name":"AQ-Tech","article_modified_time":"2025-11-04T08:44:08+00:00","twitter_card":"summary_large_image","twitter_misc":{"Dur\u00e9e de lecture estim\u00e9e":"5 minutes"},"schema":{"@context":"https:\/\/schema.org","@graph":[{"@type":"WebPage","@id":"https:\/\/www.aq-tech.fr\/fr\/realisations\/optimergo\/","url":"https:\/\/www.aq-tech.fr\/fr\/realisations\/optimergo\/","name":"Optimergo - AQ-Tech","isPartOf":{"@id":"https:\/\/www.aq-tech.fr\/fr\/#website"},"datePublished":"2025-11-03T13:33:10+00:00","dateModified":"2025-11-04T08:44:08+00:00","description":"Optimergo est un capteur EMG miniature d\u00e9velopp\u00e9 par AQ-Tech pour mesurer l\u2019activit\u00e9 musculaire en temps r\u00e9el dans le sport et l\u2019industrie. Alliant textile capteur, \u00e9lectronique embarqu\u00e9e et traitement du signal, il permet d\u2019analyser fatigue, posture et performance en conditions r\u00e9elles.","breadcrumb":{"@id":"https:\/\/www.aq-tech.fr\/fr\/realisations\/optimergo\/#breadcrumb"},"inLanguage":"fr-FR","potentialAction":[{"@type":"ReadAction","target":["https:\/\/www.aq-tech.fr\/fr\/realisations\/optimergo\/"]}]},{"@type":"BreadcrumbList","@id":"https:\/\/www.aq-tech.fr\/fr\/realisations\/optimergo\/#breadcrumb","itemListElement":[{"@type":"ListItem","position":1,"name":"Accueil","item":"https:\/\/www.aq-tech.fr\/fr\/"},{"@type":"ListItem","position":2,"name":"R\u00e9alisations","item":"https:\/\/www.aq-tech.fr\/fr\/realisations\/"},{"@type":"ListItem","position":3,"name":"Optimergo"}]},{"@type":"WebSite","@id":"https:\/\/www.aq-tech.fr\/fr\/#website","url":"https:\/\/www.aq-tech.fr\/fr\/","name":"AQ-Tech","description":"Bureau d&#039;Etude d&#039;Ing\u00e9nierie M\u00e9canique &amp; Electronique &amp; industrielle","potentialAction":[{"@type":"SearchAction","target":{"@type":"EntryPoint","urlTemplate":"https:\/\/www.aq-tech.fr\/fr\/?s={search_term_string}"},"query-input":{"@type":"PropertyValueSpecification","valueRequired":true,"valueName":"search_term_string"}}],"inLanguage":"fr-FR"}]}},"_links":{"self":[{"href":"https:\/\/www.aq-tech.fr\/fr\/wp-json\/wp\/v2\/pages\/6654","targetHints":{"allow":["GET"]}}],"collection":[{"href":"https:\/\/www.aq-tech.fr\/fr\/wp-json\/wp\/v2\/pages"}],"about":[{"href":"https:\/\/www.aq-tech.fr\/fr\/wp-json\/wp\/v2\/types\/page"}],"author":[{"embeddable":true,"href":"https:\/\/www.aq-tech.fr\/fr\/wp-json\/wp\/v2\/users\/1"}],"replies":[{"embeddable":true,"href":"https:\/\/www.aq-tech.fr\/fr\/wp-json\/wp\/v2\/comments?post=6654"}],"version-history":[{"count":3,"href":"https:\/\/www.aq-tech.fr\/fr\/wp-json\/wp\/v2\/pages\/6654\/revisions"}],"predecessor-version":[{"id":6657,"href":"https:\/\/www.aq-tech.fr\/fr\/wp-json\/wp\/v2\/pages\/6654\/revisions\/6657"}],"up":[{"embeddable":true,"href":"https:\/\/www.aq-tech.fr\/fr\/wp-json\/wp\/v2\/pages\/6520"}],"wp:attachment":[{"href":"https:\/\/www.aq-tech.fr\/fr\/wp-json\/wp\/v2\/media?parent=6654"}],"curies":[{"name":"wp","href":"https:\/\/api.w.org\/{rel}","templated":true}]}}