{"id":6649,"date":"2025-11-03T14:01:30","date_gmt":"2025-11-03T13:01:30","guid":{"rendered":"https:\/\/www.aq-tech.fr\/fr\/?page_id=6649"},"modified":"2025-11-04T09:43:45","modified_gmt":"2025-11-04T08:43:45","slug":"freejump","status":"publish","type":"page","link":"https:\/\/www.aq-tech.fr\/fr\/realisations\/freejump\/","title":{"rendered":"Freejump"},"content":{"rendered":"<div id=\"Realisations\">\r\n\r\n  <!-- BLOC 1 : TITRE -->\r\n  <div id=\"Bloc1Titre\" class=\"TroisQuart\">\r\n    <img decoding=\"async\" class=\"imagetitre\" src=\"\/wp-content\/themes\/ThemeAQTech2025-2\/_MediaTheme2025\/Image\/Realisations\/Freejump\/Freejump-Banniere.webp\" alt=\"FREEJUMP \u2013 Gilet airbag connect\u00e9 pour cavaliers\"\/>\r\n    <div class=\"video-overlay\"><\/div>\r\n    <div id=\"Bloc1TitreContent\">\r\n      <div class=\"container\">\r\n        <img decoding=\"async\" src=\"\/wp-content\/themes\/ThemeAQTech2025-2\/_MediaTheme2025\/Image\/All\/Fleche-Droite.webp\" alt=\"Fleche\" class=\"animate-slide-up\" \/>\r\n        <h1 class=\"animate-slide-up\">FREEJUMP<\/h1>\r\n        <h2 class=\"animate-slide-up\">Gilet airbag performant pour cavaliers<\/h2>\r\n      <\/div>\r\n    <\/div>\r\n  <\/div>\r\n\r\n  <!-- BLOC 2 : CONTEXTE -->\r\n  <div id=\"Bloc2Intro\" class=\"ImageTexte TroisQuart BlocGris20\">\r\n    <div class=\"container relative\">\r\n      <img decoding=\"async\" class=\"absolute\" src=\"\/wp-content\/themes\/ThemeAQTech2025-2\/_MediaTheme2025\/Image\/All\/Fleche-Haut.webp\" \/>\r\n      <div class=\"ImageTexteBlocImgContainer\" style=\"margin-top: 50px\">\r\n        <img decoding=\"async\" src=\"\/wp-content\/themes\/ThemeAQTech2025-2\/_MediaTheme2025\/Image\/Realisations\/Freejump\/Freejump Vignette-2.webp\" alt=\"Gilet airbag Freejump\" \/>\r\n      <\/div>\r\n      <div id=\"Bloc2AccueilTextContainer\" class=\"ImageTexteBlocTextContainer animate-slide-right\">\r\n        <h2>Prot\u00e9ger les cavaliers avec une technologie textile et gonflable<\/h2>\r\n        <div class=\"titre-underline\"><\/div>\r\n        <p>\r\n          <strong>FREEJUMP<\/strong> est un gilet airbag de nouvelle g\u00e9n\u00e9ration, con\u00e7u pour offrir une protection optimale aux cavaliers en cas de chute.  \r\n          Le dispositif associe un <strong>airbag ultra performant<\/strong> \u00e0 un <strong>gonflage instantan\u00e9<\/strong> par cartouche de gaz.\r\n        <\/p>\r\n        <p>\r\n          L\u2019objectif du projet : d\u00e9velopper un <strong>produit s\u00fbr, l\u00e9ger et confortable<\/strong>, int\u00e9grant toute la technologie de d\u00e9clenchement dans un gilet textile ergonomique et homologable.\r\n        <\/p>\r\n      <\/div>\r\n    <\/div>\r\n  <\/div>\r\n\r\n  <!-- BLOC 3 : APPROCHE AQ-TECH -->\r\n  <div id=\"Bloc3Detail\">\r\n    <div class=\"TitreCentre container\">\r\n      <h2>Notre approche technique<\/h2>\r\n      <div class=\"titre-underline\"><\/div>\r\n      <p class=\"black\">\r\n        <span class=\"bold\">Une int\u00e9gration compl\u00e8te entre membrane airbag, textile technique et g\u00e9n\u00e9rateur de gaz.<\/span>\r\n      <\/p>\r\n    <\/div>\r\n\r\n    <div class=\"container\">\r\n\r\n      <!-- Airbag -->\r\n      <div class=\"bloc_expertise expertise_debut animate-slide-left\">\r\n        <img loading=\"lazy\" decoding=\"async\" src=\"\/wp-content\/themes\/ThemeAQTech2025-2\/_MediaTheme2025\/Image\/All\/Fleche-Droite.webp\" alt=\"\" class=\"expertise_fleche\" \/>\r\n        <div class=\"bloc_expertise_img_container\">\r\n          <img loading=\"lazy\" decoding=\"async\" src=\"\/wp-content\/themes\/ThemeAQTech2025-2\/_MediaTheme2025\/Image\/Realisations\/Freejump\/Freejump-Airbag.webp\" alt=\"Airbag Freejump\" \/>\r\n        <\/div>\r\n        <div class=\"bloc_expertise_text_container\">\r\n          <h2>Airbag et Absoption<\/h2>\r\n          <div class=\"titre-underline\"><\/div>\r\n          <p class=\"bold black\">Un syst\u00e8me de protection \u00e0 toute \u00e9preuve.<\/p>\r\n          <ul class=\"black\">\r\n            <li>+ Membrane PU sur mesure<\/li>\r\n            <li>+ D\u00e9finition des zones et volumes de protection<\/li>\r\n            <li>+ Validation des pressions de gonflage<\/li>\r\n            <li>+ Test des niveaux d&rsquo;absoption de choc<\/li>\r\n          <\/ul>\r\n        <\/div>\r\n      <\/div>\r\n\r\n      <!-- TEXTILE TECHNIQUE -->\r\n      <div class=\"bloc_expertise expertise_gauche animate-slide-right\">\r\n        <img loading=\"lazy\" decoding=\"async\" src=\"\/wp-content\/themes\/ThemeAQTech2025-2\/_MediaTheme2025\/Image\/All\/Fleche-Haut.webp\" alt=\"\" class=\"expertise_fleche\" \/>\r\n        <div class=\"bloc_expertise_img_container\">\r\n          <img loading=\"lazy\" decoding=\"async\" src=\"\/wp-content\/themes\/ThemeAQTech2025-2\/_MediaTheme2025\/Image\/Realisations\/Freejump\/Freejump-Textile.webp\" alt=\"Textile technique Freejump\" \/>\r\n        <\/div>\r\n        <div class=\"bloc_expertise_text_container\">\r\n          <h2>Textile &#038; ergonomie<\/h2>\r\n          <div class=\"titre-underline\"><\/div>\r\n          <p class=\"bold black\">Un gilet confortable et discret, con\u00e7u pour la pratique sportive.<\/p>\r\n          <ul class=\"black\">\r\n            <li>+ Int\u00e9gration textile des chambres gonflables<\/li>\r\n            <li>+ Mat\u00e9riaux l\u00e9gers et respirants<\/li>\r\n            <li>+ Assemblage couture et soudure HF<\/li>\r\n            <li>+ Adaptation morphologique et confort dynamique<\/li>\r\n          <\/ul>\r\n        <\/div>\r\n      <\/div>\r\n\r\n      <!-- STRUCTURE GONFLABLE -->\r\n      <div class=\"bloc_expertise expertise_droite animate-slide-left\">\r\n        <img loading=\"lazy\" decoding=\"async\" src=\"\/wp-content\/themes\/ThemeAQTech2025-2\/_MediaTheme2025\/Image\/All\/Fleche-Haut.webp\" alt=\"\" class=\"expertise_fleche\" \/>\r\n        <div class=\"bloc_expertise_img_container\">\r\n          <img loading=\"lazy\" decoding=\"async\" src=\"\/wp-content\/themes\/ThemeAQTech2025-2\/_MediaTheme2025\/Image\/Realisations\/Freejump\/Freejump-Generateur-de-gaz.webp\" alt=\"Syst\u00e8me gonflable Freejump\" \/>\r\n        <\/div>\r\n        <div class=\"bloc_expertise_text_container\">\r\n          <h2>G\u00e9n\u00e9rateur de gaz<\/h2>\r\n          <div class=\"titre-underline\"><\/div>\r\n          <p class=\"bold black\">Un gonflage ultra-rapide pour une protection maximale.<\/p>\r\n          <ul class=\"black\">\r\n            <li>+ Gonflage complet moins de 100 ms<\/li>\r\n            <li>+ Cartouche de CO\u2082 interchangeable<\/li>\r\n            <li>+ Tests de d\u00e9clenchement et r\u00e9sistance m\u00e9canique<\/li>\r\n            <li>+ Validation CE EPI de cat\u00e9gorie II<\/li>\r\n          <\/ul>\r\n        <\/div>\r\n      <\/div>\r\n\r\n    <\/div>\r\n  <\/div>\r\n\r\n  <!-- BLOC 4 : R\u00c9SULTATS -->\r\n  <div id=\"Bloc4Resultats\" class=\"BlocGris20\">\r\n    <div class=\"container TitreCentre\">\r\n      <h2>R\u00e9sultats &#038; impact<\/h2>\r\n      <div class=\"titre-underline\"><\/div>\r\n      <p>\r\n        Ce projet a conduit \u00e0 la mise sur le march\u00e9 du  gilet airbag pour cavaliers <strong>le plus performant du march\u00e9<\/strong>, aujourd\u2019hui utilis\u00e9 par des milliers d\u2019athl\u00e8tes \u00e0 travers le monde.  \r\n        AQ-Tech a accompagn\u00e9 Freejump de la R&#038;D \u00e0 la pr\u00e9-s\u00e9rie, assurant robustesse, s\u00e9curit\u00e9 et industrialisation ma\u00eetris\u00e9e.\r\n      <\/p>\r\n      <p><strong>Statut :<\/strong> produit commercialis\u00e9 \u2013 homologu\u00e9 CE<\/p>\r\n    <\/div>\r\n  <\/div>\r\n\r\n  <!-- BLOC 5 : EXPERTISES ASSOCI\u00c9ES -->\r\n  <div id=\"Bloc5Parcours\" class=\"MultiCol DeuxCol BlocNoir20 animate-slide-right\">\r\n    <div class=\"container\">\r\n      <div class=\"TitreCentre container\">\r\n        <h2>Des expertises au service de la s\u00e9curit\u00e9<\/h2>\r\n        <div class=\"titre-underline\"><\/div>\r\n        <h3>Une synergie textile, \u00e9lectronique et gonflable<\/h3>\r\n        <p>\r\n          Le projet FREEJUMP illustre la convergence entre les p\u00f4les <strong>Smart Textile<\/strong>, <strong>Syst\u00e8mes Gonflables<\/strong> et <strong>\u00c9lectronique<\/strong> d\u2019AQ-Tech.  \r\n          Une approche compl\u00e8te du design au produit fini.\r\n        <\/p>\r\n      <\/div>\r\n\r\n      <div class=\"list_carre_container\">\r\n        <div class=\"list_carre_article\">\r\n          <div class=\"image-carre\"><img loading=\"lazy\" decoding=\"async\" src=\"\/wp-content\/themes\/ThemeAQTech2025-2\/_MediaTheme2025\/Image\/Realisations\/T-Shirt Smart-Textile.webp\" alt=\"Smart Textile AQ-Tech\" \/><\/div>\r\n          <h3>Smart Textile<\/h3>\r\n          <div class=\"titre-underline\"><\/div>\r\n          <p>Int\u00e9gration textile et connectique pour produits EPI intelligents.<\/p>\r\n          <div class=\"btn-orange liensection\">\r\n            <a href=\"\/fr\/poles\/smart-textile\/\">+ D\u00e9couvrir<\/a>\r\n          <\/div>\r\n        <\/div>\r\n\r\n        <div class=\"list_carre_article\">\r\n          <div class=\"image-carre\"><img loading=\"lazy\" decoding=\"async\" src=\"\/wp-content\/themes\/ThemeAQTech2025-2\/_MediaTheme2025\/Image\/Realisations\/Airbag.webp\" alt=\"Syst\u00e8mes gonflables AQ-Tech\" \/><\/div>\r\n          <h3>Syst\u00e8mes gonflables<\/h3>\r\n          <div class=\"titre-underline\"><\/div>\r\n          <p>Structures l\u00e9g\u00e8res et r\u00e9actives pour la protection et la s\u00e9curit\u00e9.<\/p>\r\n          <div class=\"btn-orange liensection\">\r\n            <a href=\"\/fr\/poles\/systemes-gonflables\/\">+ En savoir plus<\/a>\r\n          <\/div>\r\n        <\/div>\r\n      <\/div>\r\n    <\/div>\r\n  <\/div>\r\n\r\n  <!-- SLIDER CLIENTS -->\r\n  <div class=\"SliderLogoClient\"><\/div>\r\n\r\n  <!-- CTA FINAL -->\r\n  <div id=\"BlocCTA\" class=\"ImageTexte TroisQuart\">\r\n    <div class=\"container relative\">\r\n      <img loading=\"lazy\" decoding=\"async\" class=\"absolute\" src=\"\/wp-content\/themes\/ThemeAQTech2025-2\/_MediaTheme2025\/Image\/All\/Fleche-Haut.webp\" \/>\t\r\n      <div class=\"ImageTexteBlocImgContainer\">\r\n        <img loading=\"lazy\" decoding=\"async\" src=\"\/wp-content\/themes\/ThemeAQTech2025-2\/_MediaTheme2025\/Image\/Contact\/LienContact.webp\" alt=\"Contact AQ-Tech\" \/>\r\n      <\/div>\r\n      <div id=\"Bloc2AccueilTextContainer\" class=\"ImageTexteBlocTextContainer animate-slide-right\">\r\n        <h2>Vous d\u00e9veloppez un EPI intelligent ?<\/h2>\r\n        <div class=\"titre-underline\"><\/div>\r\n        <p>\r\n          AQ-Tech accompagne vos projets de s\u00e9curit\u00e9 connect\u00e9e, de l\u2019\u00e9tude technique \u00e0 la certification CE.  \r\n          Ensemble, concevons la prochaine g\u00e9n\u00e9ration d\u2019\u00e9quipements intelligents.\r\n        <\/p>\r\n        <div class=\"btn-orange\">\r\n          <a href=\"\/fr\/contact\/\">+ Nous contacter<\/a>\r\n        <\/div>\r\n      <\/div>\r\n    <\/div>\r\n  <\/div>\r\n\r\n<\/div>\r\n","protected":false},"excerpt":{"rendered":"<p>FREEJUMP Gilet airbag performant pour cavaliers Prot\u00e9ger les cavaliers avec une technologie textile et gonflable FREEJUMP est un gilet airbag de nouvelle g\u00e9n\u00e9ration, con\u00e7u pour offrir une protection optimale aux cavaliers en cas de chute. Le dispositif associe un airbag ultra performant \u00e0 un gonflage instantan\u00e9 par cartouche de gaz. L\u2019objectif du projet : d\u00e9velopper [&hellip;]<\/p>\n","protected":false},"author":1,"featured_media":0,"parent":6520,"menu_order":0,"comment_status":"closed","ping_status":"closed","template":"","meta":{"footnotes":""},"class_list":["post-6649","page","type-page","status-publish","hentry"],"yoast_head":"<!-- This site is optimized with the Yoast SEO plugin v26.2 - https:\/\/yoast.com\/wordpress\/plugins\/seo\/ -->\n<title>Freejump - AQ-Tech<\/title>\n<meta name=\"description\" content=\"D\u00e9couvrez le gilet airbag Freejump, d\u00e9velopp\u00e9 avec l\u2019expertise d\u2019AQ-Tech. Con\u00e7u pour la s\u00e9curit\u00e9 des cavaliers, il allie textile technique, membrane gonflable haute performance et g\u00e9n\u00e9rateur de gaz ultra-rapide pour une protection optimale et un confort in\u00e9gal\u00e9.\" \/>\n<meta name=\"robots\" content=\"index, follow, max-snippet:-1, max-image-preview:large, max-video-preview:-1\" \/>\n<link rel=\"canonical\" href=\"https:\/\/www.aq-tech.fr\/fr\/realisations\/freejump\/\" \/>\n<meta property=\"og:locale\" content=\"fr_FR\" \/>\n<meta property=\"og:type\" content=\"article\" \/>\n<meta property=\"og:title\" content=\"Freejump - AQ-Tech\" \/>\n<meta property=\"og:description\" content=\"D\u00e9couvrez le gilet airbag Freejump, d\u00e9velopp\u00e9 avec l\u2019expertise d\u2019AQ-Tech. Con\u00e7u pour la s\u00e9curit\u00e9 des cavaliers, il allie textile technique, membrane gonflable haute performance et g\u00e9n\u00e9rateur de gaz ultra-rapide pour une protection optimale et un confort in\u00e9gal\u00e9.\" \/>\n<meta property=\"og:url\" content=\"https:\/\/www.aq-tech.fr\/fr\/realisations\/freejump\/\" \/>\n<meta property=\"og:site_name\" content=\"AQ-Tech\" \/>\n<meta property=\"article:modified_time\" content=\"2025-11-04T08:43:45+00:00\" \/>\n<meta name=\"twitter:card\" content=\"summary_large_image\" \/>\n<meta name=\"twitter:label1\" content=\"Dur\u00e9e de lecture estim\u00e9e\" \/>\n\t<meta name=\"twitter:data1\" content=\"5 minutes\" \/>\n<script type=\"application\/ld+json\" class=\"yoast-schema-graph\">{\"@context\":\"https:\/\/schema.org\",\"@graph\":[{\"@type\":\"WebPage\",\"@id\":\"https:\/\/www.aq-tech.fr\/fr\/realisations\/freejump\/\",\"url\":\"https:\/\/www.aq-tech.fr\/fr\/realisations\/freejump\/\",\"name\":\"Freejump - AQ-Tech\",\"isPartOf\":{\"@id\":\"https:\/\/www.aq-tech.fr\/fr\/#website\"},\"datePublished\":\"2025-11-03T13:01:30+00:00\",\"dateModified\":\"2025-11-04T08:43:45+00:00\",\"description\":\"D\u00e9couvrez le gilet airbag Freejump, d\u00e9velopp\u00e9 avec l\u2019expertise d\u2019AQ-Tech. Con\u00e7u pour la s\u00e9curit\u00e9 des cavaliers, il allie textile technique, membrane gonflable haute performance et g\u00e9n\u00e9rateur de gaz ultra-rapide pour une protection optimale et un confort in\u00e9gal\u00e9.\",\"breadcrumb\":{\"@id\":\"https:\/\/www.aq-tech.fr\/fr\/realisations\/freejump\/#breadcrumb\"},\"inLanguage\":\"fr-FR\",\"potentialAction\":[{\"@type\":\"ReadAction\",\"target\":[\"https:\/\/www.aq-tech.fr\/fr\/realisations\/freejump\/\"]}]},{\"@type\":\"BreadcrumbList\",\"@id\":\"https:\/\/www.aq-tech.fr\/fr\/realisations\/freejump\/#breadcrumb\",\"itemListElement\":[{\"@type\":\"ListItem\",\"position\":1,\"name\":\"Accueil\",\"item\":\"https:\/\/www.aq-tech.fr\/fr\/\"},{\"@type\":\"ListItem\",\"position\":2,\"name\":\"R\u00e9alisations\",\"item\":\"https:\/\/www.aq-tech.fr\/fr\/realisations\/\"},{\"@type\":\"ListItem\",\"position\":3,\"name\":\"Freejump\"}]},{\"@type\":\"WebSite\",\"@id\":\"https:\/\/www.aq-tech.fr\/fr\/#website\",\"url\":\"https:\/\/www.aq-tech.fr\/fr\/\",\"name\":\"AQ-Tech\",\"description\":\"Bureau d&#039;Etude d&#039;Ing\u00e9nierie M\u00e9canique &amp; Electronique &amp; industrielle\",\"potentialAction\":[{\"@type\":\"SearchAction\",\"target\":{\"@type\":\"EntryPoint\",\"urlTemplate\":\"https:\/\/www.aq-tech.fr\/fr\/?s={search_term_string}\"},\"query-input\":{\"@type\":\"PropertyValueSpecification\",\"valueRequired\":true,\"valueName\":\"search_term_string\"}}],\"inLanguage\":\"fr-FR\"}]}<\/script>\n<!-- \/ Yoast SEO plugin. -->","yoast_head_json":{"title":"Freejump - AQ-Tech","description":"D\u00e9couvrez le gilet airbag Freejump, d\u00e9velopp\u00e9 avec l\u2019expertise d\u2019AQ-Tech. Con\u00e7u pour la s\u00e9curit\u00e9 des cavaliers, il allie textile technique, membrane gonflable haute performance et g\u00e9n\u00e9rateur de gaz ultra-rapide pour une protection optimale et un confort in\u00e9gal\u00e9.","robots":{"index":"index","follow":"follow","max-snippet":"max-snippet:-1","max-image-preview":"max-image-preview:large","max-video-preview":"max-video-preview:-1"},"canonical":"https:\/\/www.aq-tech.fr\/fr\/realisations\/freejump\/","og_locale":"fr_FR","og_type":"article","og_title":"Freejump - AQ-Tech","og_description":"D\u00e9couvrez le gilet airbag Freejump, d\u00e9velopp\u00e9 avec l\u2019expertise d\u2019AQ-Tech. Con\u00e7u pour la s\u00e9curit\u00e9 des cavaliers, il allie textile technique, membrane gonflable haute performance et g\u00e9n\u00e9rateur de gaz ultra-rapide pour une protection optimale et un confort in\u00e9gal\u00e9.","og_url":"https:\/\/www.aq-tech.fr\/fr\/realisations\/freejump\/","og_site_name":"AQ-Tech","article_modified_time":"2025-11-04T08:43:45+00:00","twitter_card":"summary_large_image","twitter_misc":{"Dur\u00e9e de lecture estim\u00e9e":"5 minutes"},"schema":{"@context":"https:\/\/schema.org","@graph":[{"@type":"WebPage","@id":"https:\/\/www.aq-tech.fr\/fr\/realisations\/freejump\/","url":"https:\/\/www.aq-tech.fr\/fr\/realisations\/freejump\/","name":"Freejump - AQ-Tech","isPartOf":{"@id":"https:\/\/www.aq-tech.fr\/fr\/#website"},"datePublished":"2025-11-03T13:01:30+00:00","dateModified":"2025-11-04T08:43:45+00:00","description":"D\u00e9couvrez le gilet airbag Freejump, d\u00e9velopp\u00e9 avec l\u2019expertise d\u2019AQ-Tech. Con\u00e7u pour la s\u00e9curit\u00e9 des cavaliers, il allie textile technique, membrane gonflable haute performance et g\u00e9n\u00e9rateur de gaz ultra-rapide pour une protection optimale et un confort in\u00e9gal\u00e9.","breadcrumb":{"@id":"https:\/\/www.aq-tech.fr\/fr\/realisations\/freejump\/#breadcrumb"},"inLanguage":"fr-FR","potentialAction":[{"@type":"ReadAction","target":["https:\/\/www.aq-tech.fr\/fr\/realisations\/freejump\/"]}]},{"@type":"BreadcrumbList","@id":"https:\/\/www.aq-tech.fr\/fr\/realisations\/freejump\/#breadcrumb","itemListElement":[{"@type":"ListItem","position":1,"name":"Accueil","item":"https:\/\/www.aq-tech.fr\/fr\/"},{"@type":"ListItem","position":2,"name":"R\u00e9alisations","item":"https:\/\/www.aq-tech.fr\/fr\/realisations\/"},{"@type":"ListItem","position":3,"name":"Freejump"}]},{"@type":"WebSite","@id":"https:\/\/www.aq-tech.fr\/fr\/#website","url":"https:\/\/www.aq-tech.fr\/fr\/","name":"AQ-Tech","description":"Bureau d&#039;Etude d&#039;Ing\u00e9nierie M\u00e9canique &amp; Electronique &amp; industrielle","potentialAction":[{"@type":"SearchAction","target":{"@type":"EntryPoint","urlTemplate":"https:\/\/www.aq-tech.fr\/fr\/?s={search_term_string}"},"query-input":{"@type":"PropertyValueSpecification","valueRequired":true,"valueName":"search_term_string"}}],"inLanguage":"fr-FR"}]}},"_links":{"self":[{"href":"https:\/\/www.aq-tech.fr\/fr\/wp-json\/wp\/v2\/pages\/6649","targetHints":{"allow":["GET"]}}],"collection":[{"href":"https:\/\/www.aq-tech.fr\/fr\/wp-json\/wp\/v2\/pages"}],"about":[{"href":"https:\/\/www.aq-tech.fr\/fr\/wp-json\/wp\/v2\/types\/page"}],"author":[{"embeddable":true,"href":"https:\/\/www.aq-tech.fr\/fr\/wp-json\/wp\/v2\/users\/1"}],"replies":[{"embeddable":true,"href":"https:\/\/www.aq-tech.fr\/fr\/wp-json\/wp\/v2\/comments?post=6649"}],"version-history":[{"count":1,"href":"https:\/\/www.aq-tech.fr\/fr\/wp-json\/wp\/v2\/pages\/6649\/revisions"}],"predecessor-version":[{"id":6650,"href":"https:\/\/www.aq-tech.fr\/fr\/wp-json\/wp\/v2\/pages\/6649\/revisions\/6650"}],"up":[{"embeddable":true,"href":"https:\/\/www.aq-tech.fr\/fr\/wp-json\/wp\/v2\/pages\/6520"}],"wp:attachment":[{"href":"https:\/\/www.aq-tech.fr\/fr\/wp-json\/wp\/v2\/media?parent=6649"}],"curies":[{"name":"wp","href":"https:\/\/api.w.org\/{rel}","templated":true}]}}