{"id":6527,"date":"2025-10-31T09:22:14","date_gmt":"2025-10-31T08:22:14","guid":{"rendered":"https:\/\/www.aq-tech.fr\/fr\/?page_id=6527"},"modified":"2025-12-10T11:03:23","modified_gmt":"2025-12-10T10:03:23","slug":"aq-tech","status":"publish","type":"page","link":"https:\/\/www.aq-tech.fr\/fr\/autres\/aq-tech\/","title":{"rendered":"AQ-Tech"},"content":{"rendered":"<div id=\"Autres\">\r\n\r\n  <!-- BLOC 1 : TITRE -->\r\n  <div id=\"Bloc1Titre\" class=\"TroisQuart\">\r\n    <img decoding=\"async\" class=\"imagetitre\" src=\"\/wp-content\/themes\/ThemeAQTech2025-2\/_MediaTheme2025\/Image\/Autres\/AQTech\/Batiment-AQ-Tech.webp\" alt=\"Bureau d\u2019\u00e9tudes AQ-Tech Ing\u00e9nierie Multidisciplinaire\" \/>\r\n    <div class=\"video-overlay\"><\/div>\r\n    <div id=\"Bloc1TitreContent\">\r\n      <div class=\"container\">\r\n        <img decoding=\"async\" src=\"\/wp-content\/themes\/ThemeAQTech2025-2\/_MediaTheme2025\/Image\/All\/Fleche-Droite.webp\" alt=\"fleche\" class=\"animate-slide-up\" \/>\r\n        <h1 class=\"\">AQ-Tech<\/h1>\r\n        <h2 class=\"animate-slide-up\">L\u2019ing\u00e9nierie au service de l\u2019innovation produit<\/h2>\r\n      <\/div>\r\n    <\/div>\r\n  <\/div>\r\n\r\n  <!-- BLOC 2 : INTRO -->\r\n  <div id=\"Bloc2Intro\" class=\"ImageTexte TroisQuart BlocGris20\">\r\n    <div class=\"container relative\">\r\n      <img decoding=\"async\" class=\"absolute\" src=\"\/wp-content\/themes\/ThemeAQTech2025-2\/_MediaTheme2025\/Image\/All\/Fleche-Haut.webp\" \/>\t\r\n      <div class=\"ImageTexteBlocImgContainer\" style=\"margin-top: 50px\">\r\n        <img decoding=\"async\" src=\"\/wp-content\/themes\/ThemeAQTech2025-2\/_MediaTheme2025\/Image\/Autres\/AQTech\/equipe-technique-aqtech.webp\" alt=\"\u00c9quipe AQ-Tech\" \/>\r\n      <\/div>\r\n      <div id=\"Bloc2AccueilTextContainer\" class=\"ImageTexteBlocTextContainer animate-slide-right\">\r\n        <h2>Un bureau d\u2019\u00e9tudes \u00e0 360\u00b0<\/h2>\r\n        <div class=\"titre-underline\"><\/div>\r\n\r\n        <p>\r\n          <strong>AQ-Tech<\/strong> est un <strong>bureau d\u2019ing\u00e9nierie multidisciplinaire<\/strong> qui con\u00e7oit, d\u00e9veloppe et industrialise des produits innovants,  \r\n          en int\u00e9grant <strong>m\u00e9canique, \u00e9lectronique, textile et logiciel<\/strong> dans une m\u00eame d\u00e9marche coh\u00e9rente.\r\n        <\/p>\r\n\r\n        <p class=\"bold black\">\r\n          Notre mission : transformer des id\u00e9es ambitieuses en produits concrets, performants et industrialisables \u2014  \r\n          du concept jusqu\u2019\u00e0 la production.\r\n        <\/p>\r\n\r\n        <p>\r\n          Nous travaillons pour les <strong>startups, PME et grands groupes<\/strong> qui cherchent un partenaire fiable,  \r\n          agile et capable de <strong>r\u00e9unir toutes les comp\u00e9tences techniques au m\u00eame endroit<\/strong>.\r\n        <\/p>\r\n      <\/div>\r\n    <\/div>\r\n  <\/div>\r\n\r\n  <!-- BLOC 3 : HISTOIRE & ADN -->\r\n  <div id=\"Bloc3Detail\">\r\n    <div class=\"TitreCentre container\">\r\n      <h2>Notre histoire et notre ADN<\/h2>\r\n      <div class=\"titre-underline\"><\/div>\r\n      <p class=\"black\">\r\n        <span class=\"bold\">\r\n          N\u00e9e de la passion pour la conception et la fabrication, AQ-Tech a \u00e9t\u00e9 fond\u00e9e avec une conviction simple :  \r\n          l\u2019innovation doit \u00eatre \u00e0 la fois intelligente, efficace et concr\u00e8te.\r\n        <\/span>\r\n      <\/p>\r\n    <\/div>\r\n\r\n    <div class=\"container\">\r\n      <div class=\"bloc_expertise expertise_debut animate-slide-left\">\r\n        <img loading=\"lazy\" decoding=\"async\" src=\"\/wp-content\/themes\/ThemeAQTech2025-2\/_MediaTheme2025\/Image\/All\/Fleche-Droite.webp\" alt=\"\" class=\"expertise_fleche\" \/>\r\n        <div class=\"bloc_expertise_img_container\">\r\n          <img loading=\"lazy\" decoding=\"async\" src=\"\/wp-content\/themes\/ThemeAQTech2025-2\/_MediaTheme2025\/Image\/Autres\/AQTech\/Alexandre_Quarrey.webp\" alt=\"Histoire AQ-Tech\" \/>\r\n        <\/div>\r\n        <div class=\"bloc_expertise_text_container\">\r\n          <h2>Une approche n\u00e9e sur le terrain<\/h2>\r\n          <div class=\"titre-underline\"><\/div>\r\n          <p class=\"bold black\">De l\u2019ing\u00e9nierie de prototypage \u00e0 la ma\u00eetrise industrielle.<\/p>\r\n          <ul class=\"black\">\r\n            <li>+ Fond\u00e9e en 2019 par Alexandre QUARREY, expert en airbag nomade pour motards et cavaliers<\/li>\r\n            <li>+ Haute-Savoie, au c\u0153ur de l\u2019\u00e9cosyst\u00e8me de l\u2019innovation alpine<\/li>\r\n            <li>+ D\u00e9veloppement de centaines de produits : du m\u00e9dical au sport<\/li>\r\n            <li>+ Croissance continue port\u00e9e par la qualit\u00e9 technique et la confiance clients<\/li>\r\n            <li>+ Une \u00e9quipe passionn\u00e9e, unie autour d\u2019un m\u00eame objectif : cr\u00e9er de la valeur par l\u2019innovation<\/li>\r\n          <\/ul>\r\n        <\/div>\r\n      <\/div>\r\n\r\n      <div class=\"bloc_expertise expertise_gauche animate-slide-right\">\r\n        <img loading=\"lazy\" decoding=\"async\" src=\"\/wp-content\/themes\/ThemeAQTech2025-2\/_MediaTheme2025\/Image\/All\/Fleche-Haut.webp\" alt=\"\" class=\"expertise_fleche\" \/>\r\n        <div class=\"bloc_expertise_img_container\">\r\n          <img loading=\"lazy\" decoding=\"async\" src=\"\/wp-content\/themes\/ThemeAQTech2025-2\/_MediaTheme2025\/Image\/Autres\/AQTech\/valeurs-aqtech.webp\" alt=\"Valeurs AQ-Tech\" \/>\r\n        <\/div>\r\n        <div class=\"bloc_expertise_text_container\">\r\n          <h2>Nos valeurs<\/h2>\r\n          <div class=\"titre-underline\"><\/div>\r\n          <p class=\"bold black\">Simplicit\u00e9, exigence et ing\u00e9niosit\u00e9.<\/p>\r\n          <ul class=\"black\">\r\n            <li>+ <strong>Agilit\u00e9 :<\/strong> avancer vite, sans sacrifier la qualit\u00e9<\/li>\r\n            <li>+ <strong>Collectif :<\/strong> co-construire chaque projet avec nos clients<\/li>\r\n            <li>+ <strong>Pragmatisme :<\/strong> proposer des solutions simples et efficaces<\/li>\r\n            <li>+ <strong>Excellence technique :<\/strong> rigueur et pr\u00e9cision dans chaque r\u00e9alisation<\/li>\r\n          <\/ul>\r\n        <\/div>\r\n      <\/div>\r\n    <\/div>\r\n  <\/div>\r\n\r\n  <!-- BLOC 4 : MOYENS -->\r\n  <div id=\"Bloc4Methdologie\" class=\"ImageTexte Demi BlocGris20\">\r\n    <div class=\"container relative\">\r\n      <img loading=\"lazy\" decoding=\"async\" class=\"absolute\" src=\"\/wp-content\/themes\/ThemeAQTech2025-2\/_MediaTheme2025\/Image\/All\/Fleche-Haut.webp\" \/>\r\n      <div class=\"Image4Cartes\">\r\n        <div class=\"icone-pilier\">\r\n          <i class=\"fa-solid fa-gears\"><\/i>\r\n          <h4>Atelier &#038; FabLab<\/h4>\r\n          <p>500 m\u00b2 d\u2019espaces d\u00e9di\u00e9s \u00e0 la conception, au prototypage et aux essais.<\/p>\r\n        <\/div>\r\n        <div class=\"icone-pilier\">\r\n          <i class=\"fa-solid fa-microchip\"><\/i>\r\n          <h4>\u00c9lectronique &#038; Firmware<\/h4>\r\n          <p>Conception de cartes, capteurs, firmware embarqu\u00e9 et bancs de test.<\/p>\r\n        <\/div>\r\n        <div class=\"icone-pilier\">\r\n          <i class=\"fa-solid fa-scissors\"><\/i>\r\n          <h4>Textile technique<\/h4>\r\n          <p>Assemblage, couture, soudure HF, surmoulage et connectique textile.<\/p>\r\n        <\/div>\r\n        <div class=\"icone-pilier\">\r\n          <i class=\"fa-solid fa-industry\"><\/i>\r\n          <h4>Production &#038; tra\u00e7abilit\u00e9<\/h4>\r\n          <p>Pr\u00e9-s\u00e9ries internes, contr\u00f4le qualit\u00e9 et suivi via AQ-Link.<\/p>\r\n        <\/div>\r\n      <\/div>\r\n      <div id=\"ImageTexteBlocTextContainer\" class=\"ImageTexteBlocTextContainer animate-slide-right\">\r\n        <h2>Nos moyens techniques<\/h2>\r\n        <div class=\"titre-underline\"><\/div>\r\n        <p>\r\n          AQ-Tech dispose d\u2019un environnement complet pour <strong>concevoir, tester et produire<\/strong> des prototypes et s\u00e9ries limit\u00e9es.  \r\n          Cette autonomie garantit une ma\u00eetrise totale du d\u00e9veloppement produit et de sa qualit\u00e9.\r\n        <\/p>\r\n        <div class=\"btn-orange\">\r\n          <a href=\"\/fr\/services\/\">+ D\u00e9couvrir nos services<\/a>\r\n        <\/div>\r\n      <\/div>\r\n    <\/div>\r\n  <\/div>\r\n\r\n  <!-- BLOC 5 : \u00c9COSYST\u00c8ME -->\r\n  <div id=\"Bloc5Parcours\" class=\"MultiCol DeuxCol BlocNoir20 animate-slide-right\">\r\n    <div class=\"container\">\r\n      <div class=\"TitreCentre container\">\r\n        <h2>Un \u00e9cosyst\u00e8me tourn\u00e9 vers l\u2019innovation<\/h2>\r\n        <div class=\"titre-underline\"><\/div>\r\n        <p>\r\n          AQ-Tech fait partie de <strong>AQ-Group<\/strong>, un \u00e9cosyst\u00e8me structur\u00e9 autour de la R&#038;D, de la production et de la formation.  \r\n          Ensemble, nous b\u00e2tissons un environnement complet d\u00e9di\u00e9 \u00e0 la conception et \u00e0 la fabrication des innovations de demain.\r\n        <\/p>\r\n      <\/div>\r\n\r\n      <div class=\"list_carre_container\">\r\n        <div class=\"list_carre_article\">\r\n          <div class=\"image-carre\">\r\n            <img loading=\"lazy\" decoding=\"async\" src=\"\/wp-content\/themes\/ThemeAQTech2025-2\/_MediaTheme2025\/Image\/Autres\/AQTech\/T-Shirt Smart-Textile\" alt=\"AQ-Tech Syst\u00e8mes Textiles\" \/>\r\n          <\/div>\r\n          <h3>AQ-Tech Syst\u00e8mes Textiles<\/h3>\r\n          <div class=\"titre-underline\"><\/div>\r\n          <p>D\u00e9veloppement de solutions smart textiles et structures souples intelligentes.<\/p>\r\n          <div class=\"btn-orange liensection\">\r\n            <a href=\"\/fr\/poles\/smart-textile\/\">+ D\u00e9couvrir<\/a>\r\n          <\/div>\r\n        <\/div>\r\n\r\n        <div class=\"list_carre_article\">\r\n          <div class=\"image-carre\">\r\n            <img loading=\"lazy\" decoding=\"async\" src=\"\/wp-content\/themes\/ThemeAQTech2025-2\/_MediaTheme2025\/Image\/Autres\/AQTech\/Produit Gonflable.webp\" alt=\"AQ-Prod\" \/>\r\n          <\/div>\r\n          <h3>AQ-Prod<\/h3>\r\n          <div class=\"titre-underline\"><\/div>\r\n          <p>Unit\u00e9 de production interne pour les pr\u00e9-s\u00e9ries, tests et fabrications techniques.<\/p>\r\n          <div class=\"btn-orange liensection\">\r\n            <a href=\"\/fr\/poles\/systemes-gonflables\/\">+ En savoir plus<\/a>\r\n          <\/div>\r\n        <\/div>\r\n      <\/div>\r\n    <\/div>\r\n  <\/div>\r\n\r\n  <!-- CTA -->\r\n  <div id=\"BlocCTA\" class=\"ImageTexte TroisQuart\">\r\n    <div class=\"container relative\">\r\n      <img loading=\"lazy\" decoding=\"async\" class=\"absolute\" src=\"\/wp-content\/themes\/ThemeAQTech2025-2\/_MediaTheme2025\/Image\/All\/Fleche-Haut.webp\" \/>\t\r\n      <div class=\"ImageTexteBlocImgContainer\">\r\n        <img loading=\"lazy\" decoding=\"async\" src=\"\/wp-content\/themes\/ThemeAQTech2025-2\/_MediaTheme2025\/Image\/Contact\/LienContact.webp\" alt=\"Contact AQ-Tech\" \/>\r\n      <\/div>\r\n      <div id=\"Bloc2AccueilTextContainer\" class=\"ImageTexteBlocTextContainer animate-slide-right\">\r\n        <h2>Rencontrons-nous<\/h2>\r\n        <div class=\"titre-underline\"><\/div>\r\n        <p>\r\n          Que vous soyez une startup, une PME ou un grand groupe, AQ-Tech vous accompagne dans le d\u00e9veloppement complet de vos produits innovants.  \r\n          Parlons de vos id\u00e9es, et transformons-les ensemble en succ\u00e8s industriels.\r\n        <\/p>\r\n        <div class=\"btn-orange\">\r\n          <a href=\"\/fr\/contact\/\">+ Nous contacter<\/a>\r\n        <\/div>\r\n      <\/div>\r\n    <\/div>\r\n  <\/div>\r\n\r\n<\/div>","protected":false},"excerpt":{"rendered":"<p>AQ-Tech L\u2019ing\u00e9nierie au service de l\u2019innovation produit Un bureau d\u2019\u00e9tudes \u00e0 360\u00b0 AQ-Tech est un bureau d\u2019ing\u00e9nierie multidisciplinaire qui con\u00e7oit, d\u00e9veloppe et industrialise des produits innovants, en int\u00e9grant m\u00e9canique, \u00e9lectronique, textile et logiciel dans une m\u00eame d\u00e9marche coh\u00e9rente. Notre mission : transformer des id\u00e9es ambitieuses en produits concrets, performants et industrialisables \u2014 du concept jusqu\u2019\u00e0 [&hellip;]<\/p>\n","protected":false},"author":1,"featured_media":0,"parent":6525,"menu_order":0,"comment_status":"closed","ping_status":"closed","template":"","meta":{"footnotes":""},"class_list":["post-6527","page","type-page","status-publish","hentry"],"yoast_head":"<!-- This site is optimized with the Yoast SEO plugin v26.2 - https:\/\/yoast.com\/wordpress\/plugins\/seo\/ -->\n<title>AQ-Tech - AQ-Tech<\/title>\n<meta name=\"description\" content=\"AQ-Tech, bureau d\u2019ing\u00e9nierie multidisciplinaire en m\u00e9canique, \u00e9lectronique, logiciel et textile, accompagne startups, PME et grands groupes dans le d\u00e9veloppement, le prototypage et la fabrication de produits innovants.\" \/>\n<meta name=\"robots\" content=\"index, follow, max-snippet:-1, max-image-preview:large, max-video-preview:-1\" \/>\n<link rel=\"canonical\" href=\"https:\/\/www.aq-tech.fr\/fr\/autres\/aq-tech\/\" \/>\n<meta property=\"og:locale\" content=\"fr_FR\" \/>\n<meta property=\"og:type\" content=\"article\" \/>\n<meta property=\"og:title\" content=\"AQ-Tech - AQ-Tech\" \/>\n<meta property=\"og:description\" content=\"AQ-Tech, bureau d\u2019ing\u00e9nierie multidisciplinaire en m\u00e9canique, \u00e9lectronique, logiciel et textile, accompagne startups, PME et grands groupes dans le d\u00e9veloppement, le prototypage et la fabrication de produits innovants.\" \/>\n<meta property=\"og:url\" content=\"https:\/\/www.aq-tech.fr\/fr\/autres\/aq-tech\/\" \/>\n<meta property=\"og:site_name\" content=\"AQ-Tech\" \/>\n<meta property=\"article:modified_time\" content=\"2025-12-10T10:03:23+00:00\" \/>\n<meta name=\"twitter:card\" content=\"summary_large_image\" \/>\n<meta name=\"twitter:label1\" content=\"Dur\u00e9e de lecture estim\u00e9e\" \/>\n\t<meta name=\"twitter:data1\" content=\"5 minutes\" \/>\n<script type=\"application\/ld+json\" class=\"yoast-schema-graph\">{\"@context\":\"https:\/\/schema.org\",\"@graph\":[{\"@type\":\"WebPage\",\"@id\":\"https:\/\/www.aq-tech.fr\/fr\/autres\/aq-tech\/\",\"url\":\"https:\/\/www.aq-tech.fr\/fr\/autres\/aq-tech\/\",\"name\":\"AQ-Tech - AQ-Tech\",\"isPartOf\":{\"@id\":\"https:\/\/www.aq-tech.fr\/fr\/#website\"},\"datePublished\":\"2025-10-31T08:22:14+00:00\",\"dateModified\":\"2025-12-10T10:03:23+00:00\",\"description\":\"AQ-Tech, bureau d\u2019ing\u00e9nierie multidisciplinaire en m\u00e9canique, \u00e9lectronique, logiciel et textile, accompagne startups, PME et grands groupes dans le d\u00e9veloppement, le prototypage et la fabrication de produits innovants.\",\"breadcrumb\":{\"@id\":\"https:\/\/www.aq-tech.fr\/fr\/autres\/aq-tech\/#breadcrumb\"},\"inLanguage\":\"fr-FR\",\"potentialAction\":[{\"@type\":\"ReadAction\",\"target\":[\"https:\/\/www.aq-tech.fr\/fr\/autres\/aq-tech\/\"]}]},{\"@type\":\"BreadcrumbList\",\"@id\":\"https:\/\/www.aq-tech.fr\/fr\/autres\/aq-tech\/#breadcrumb\",\"itemListElement\":[{\"@type\":\"ListItem\",\"position\":1,\"name\":\"Accueil\",\"item\":\"https:\/\/www.aq-tech.fr\/fr\/\"},{\"@type\":\"ListItem\",\"position\":2,\"name\":\"Autres\",\"item\":\"https:\/\/www.aq-tech.fr\/fr\/autres\/\"},{\"@type\":\"ListItem\",\"position\":3,\"name\":\"AQ-Tech\"}]},{\"@type\":\"WebSite\",\"@id\":\"https:\/\/www.aq-tech.fr\/fr\/#website\",\"url\":\"https:\/\/www.aq-tech.fr\/fr\/\",\"name\":\"AQ-Tech\",\"description\":\"Bureau d&#039;Etude d&#039;Ing\u00e9nierie M\u00e9canique &amp; Electronique &amp; industrielle\",\"potentialAction\":[{\"@type\":\"SearchAction\",\"target\":{\"@type\":\"EntryPoint\",\"urlTemplate\":\"https:\/\/www.aq-tech.fr\/fr\/?s={search_term_string}\"},\"query-input\":{\"@type\":\"PropertyValueSpecification\",\"valueRequired\":true,\"valueName\":\"search_term_string\"}}],\"inLanguage\":\"fr-FR\"}]}<\/script>\n<!-- \/ Yoast SEO plugin. -->","yoast_head_json":{"title":"AQ-Tech - AQ-Tech","description":"AQ-Tech, bureau d\u2019ing\u00e9nierie multidisciplinaire en m\u00e9canique, \u00e9lectronique, logiciel et textile, accompagne startups, PME et grands groupes dans le d\u00e9veloppement, le prototypage et la fabrication de produits innovants.","robots":{"index":"index","follow":"follow","max-snippet":"max-snippet:-1","max-image-preview":"max-image-preview:large","max-video-preview":"max-video-preview:-1"},"canonical":"https:\/\/www.aq-tech.fr\/fr\/autres\/aq-tech\/","og_locale":"fr_FR","og_type":"article","og_title":"AQ-Tech - AQ-Tech","og_description":"AQ-Tech, bureau d\u2019ing\u00e9nierie multidisciplinaire en m\u00e9canique, \u00e9lectronique, logiciel et textile, accompagne startups, PME et grands groupes dans le d\u00e9veloppement, le prototypage et la fabrication de produits innovants.","og_url":"https:\/\/www.aq-tech.fr\/fr\/autres\/aq-tech\/","og_site_name":"AQ-Tech","article_modified_time":"2025-12-10T10:03:23+00:00","twitter_card":"summary_large_image","twitter_misc":{"Dur\u00e9e de lecture estim\u00e9e":"5 minutes"},"schema":{"@context":"https:\/\/schema.org","@graph":[{"@type":"WebPage","@id":"https:\/\/www.aq-tech.fr\/fr\/autres\/aq-tech\/","url":"https:\/\/www.aq-tech.fr\/fr\/autres\/aq-tech\/","name":"AQ-Tech - AQ-Tech","isPartOf":{"@id":"https:\/\/www.aq-tech.fr\/fr\/#website"},"datePublished":"2025-10-31T08:22:14+00:00","dateModified":"2025-12-10T10:03:23+00:00","description":"AQ-Tech, bureau d\u2019ing\u00e9nierie multidisciplinaire en m\u00e9canique, \u00e9lectronique, logiciel et textile, accompagne startups, PME et grands groupes dans le d\u00e9veloppement, le prototypage et la fabrication de produits innovants.","breadcrumb":{"@id":"https:\/\/www.aq-tech.fr\/fr\/autres\/aq-tech\/#breadcrumb"},"inLanguage":"fr-FR","potentialAction":[{"@type":"ReadAction","target":["https:\/\/www.aq-tech.fr\/fr\/autres\/aq-tech\/"]}]},{"@type":"BreadcrumbList","@id":"https:\/\/www.aq-tech.fr\/fr\/autres\/aq-tech\/#breadcrumb","itemListElement":[{"@type":"ListItem","position":1,"name":"Accueil","item":"https:\/\/www.aq-tech.fr\/fr\/"},{"@type":"ListItem","position":2,"name":"Autres","item":"https:\/\/www.aq-tech.fr\/fr\/autres\/"},{"@type":"ListItem","position":3,"name":"AQ-Tech"}]},{"@type":"WebSite","@id":"https:\/\/www.aq-tech.fr\/fr\/#website","url":"https:\/\/www.aq-tech.fr\/fr\/","name":"AQ-Tech","description":"Bureau d&#039;Etude d&#039;Ing\u00e9nierie M\u00e9canique &amp; Electronique &amp; industrielle","potentialAction":[{"@type":"SearchAction","target":{"@type":"EntryPoint","urlTemplate":"https:\/\/www.aq-tech.fr\/fr\/?s={search_term_string}"},"query-input":{"@type":"PropertyValueSpecification","valueRequired":true,"valueName":"search_term_string"}}],"inLanguage":"fr-FR"}]}},"_links":{"self":[{"href":"https:\/\/www.aq-tech.fr\/fr\/wp-json\/wp\/v2\/pages\/6527","targetHints":{"allow":["GET"]}}],"collection":[{"href":"https:\/\/www.aq-tech.fr\/fr\/wp-json\/wp\/v2\/pages"}],"about":[{"href":"https:\/\/www.aq-tech.fr\/fr\/wp-json\/wp\/v2\/types\/page"}],"author":[{"embeddable":true,"href":"https:\/\/www.aq-tech.fr\/fr\/wp-json\/wp\/v2\/users\/1"}],"replies":[{"embeddable":true,"href":"https:\/\/www.aq-tech.fr\/fr\/wp-json\/wp\/v2\/comments?post=6527"}],"version-history":[{"count":10,"href":"https:\/\/www.aq-tech.fr\/fr\/wp-json\/wp\/v2\/pages\/6527\/revisions"}],"predecessor-version":[{"id":6931,"href":"https:\/\/www.aq-tech.fr\/fr\/wp-json\/wp\/v2\/pages\/6527\/revisions\/6931"}],"up":[{"embeddable":true,"href":"https:\/\/www.aq-tech.fr\/fr\/wp-json\/wp\/v2\/pages\/6525"}],"wp:attachment":[{"href":"https:\/\/www.aq-tech.fr\/fr\/wp-json\/wp\/v2\/media?parent=6527"}],"curies":[{"name":"wp","href":"https:\/\/api.w.org\/{rel}","templated":true}]}}