{"id":6520,"date":"2025-10-31T09:17:38","date_gmt":"2025-10-31T08:17:38","guid":{"rendered":"https:\/\/www.aq-tech.fr\/fr\/?page_id=6520"},"modified":"2026-03-20T16:00:54","modified_gmt":"2026-03-20T15:00:54","slug":"realisations","status":"publish","type":"page","link":"https:\/\/www.aq-tech.fr\/fr\/realisations\/","title":{"rendered":"R\u00e9alisations"},"content":{"rendered":"<section id=\"Secteur\" class=\"Real sansBloc1Titre\">\r\n  \t<div class=\"TitreCentre container\">\r\n\t\t\t<h2>Nos r\u00e9alisations<\/h2>\r\n\t\t\t<div class=\"titre-underline\"><\/div>\r\n\t\t\t<p>Au c\u0153ur de nos missions : cr\u00e9ativit\u00e9 et ing\u00e9niosit\u00e9 !<\/p>\r\n\t\t<\/div>\r\n\r\n  <!-- \u25b8 BLOC R\u00c9ALISATIONS -------------------------------------------------- -->\r\n  <section id=\"BlocReal\">\r\n    <div class=\"relative\">\r\n      <!-- Grille 1 | 2 | 3 colonnes (flex) -->\r\n      <nav class=\"list-real\" aria-label=\"R\u00e9alisations AQ-Tech\">\r\n        <!-- \u2466 Clinatec -->\r\n        <a class=\"real-li\" href=\"\/fr\/realisations\/clinatec\/\">\r\n          <div class=\"real-img\">\r\n            <img loading=\"lazy\" decoding=\"async\"\r\n              src=\"\/wp-content\/themes\/ThemeAQTech2025-2\/_MediaTheme2025\/Image\/Realisations\/Clinatec\/clinatec-vignette.webp\"\r\n              alt=\"Clinatec \u2013 Bonnet de photobiomodulation transcr\u00e2nienne\">\r\n          <\/div>\r\n          <div class=\"bloc8-content-2024\">\r\n            <p class=\"bloc8-accueil-p-title\">Clinatec<\/p>\r\n            <p class=\"bloc8-accueil-p-content\">Bonnet de photobiomodulation transcr\u00e2nienne<\/p>\r\n          <\/div>\r\n        <\/a>\r\n\r\n        <!-- \u2463 Drilllight \u2013 Entrainement sportif -->\r\n        <a class=\"real-li\" href=\"\/fr\/realisations\/drilllight\/\">\r\n          <div class=\"real-img\">\r\n            <img loading=\"lazy\" decoding=\"async\"\r\n              src=\"\/wp-content\/themes\/ThemeAQTech2025-2\/_MediaTheme2025\/Image\/Realisations\/Drilllight\/Drilllight-Vignette.webp\"\r\n              alt=\"DRILLLIGHT - Entrainement connect\u00e9 pour sportifs.\">\r\n          <\/div>\r\n          <div class=\"bloc8-content-2024\">\r\n            <p class=\"bloc8-accueil-p-title\">DRILLLIGHT<\/p>\r\n            <p class=\"bloc8-accueil-p-content\">\r\n              Entrainement connect\u00e9 <br \/>pour sportifs.\r\n            <\/p>\r\n          <\/div>\r\n        <\/a>\r\n\r\n        <!-- \u2465 Van Ryzel \u2013 Vest Gonflable -->\r\n        <a class=\"real-li\" href=\"\/fr\/realisations\/van-rysel\/\">\r\n          <div class=\"real-img\">\r\n            <img loading=\"lazy\" decoding=\"async\"\r\n              src=\"\/wp-content\/themes\/ThemeAQTech2025-2\/_MediaTheme2025\/Image\/Realisations\/VanRysel\/VanRysel Vignette-2.webp\"\r\n              alt=\"Polimair \u2013 Chaise recycl\u00e9e et recyclable\">\r\n          <\/div>\r\n          <div class=\"bloc8-content-2024\">\r\n            <p class=\"bloc8-accueil-p-title\">VAN Rysel<\/p>\r\n            <p class=\"bloc8-accueil-p-content\">\r\n              Veste V\u00e9lo,<br>isolation int\u00e9lligente\r\n            <\/p>\r\n          <\/div>\r\n        <\/a>\r\n\r\n        <!-- \u2466 Fooysan -->\r\n        <a class=\"real-li\" href=\"\/fr\/realisations\/footysan\/\">\r\n          <div class=\"real-img\">\r\n            <img loading=\"lazy\" decoding=\"async\"\r\n              src=\"\/wp-content\/themes\/ThemeAQTech2025-2\/_MediaTheme2025\/Image\/Realisations\/Footysan\/Footysan - Vignette.webp\"\r\n              alt=\"Footysan \u2013 Nettoyeur pour pied\">\r\n          <\/div>\r\n          <div class=\"bloc8-content-2024\">\r\n            <p class=\"bloc8-accueil-p-title\">Footysan<\/p>\r\n            <p class=\"bloc8-accueil-p-content\">Nettoyeur pour pied<\/p>\r\n          <\/div>\r\n        <\/a>\r\n\r\n                <!-- \u2463 FREEJUMP \u2013 Gilet airbag -->\r\n        <a class=\"real-li\" href=\"\/fr\/realisations\/freejump\/\">\r\n          <div class=\"real-img\">\r\n            <img loading=\"lazy\" decoding=\"async\"\r\n              src=\"\/wp-content\/themes\/ThemeAQTech2025-2\/_MediaTheme2025\/Image\/Realisations\/Freejump\/Freejump Vignette-2.webp\"\r\n              alt=\"FREEJUMP \u2013 Gilet airbag pour cavaliers\">\r\n          <\/div>\r\n          <div class=\"bloc8-content-2024\">\r\n            <p class=\"bloc8-accueil-p-title\">FREEJUMP<\/p>\r\n            <p class=\"bloc8-accueil-p-content\">\r\n              Gilet airbag<br>pour cavaliers\r\n            <\/p>\r\n          <\/div>\r\n        <\/a>\r\n\r\n        <!-- \u2465 Optimergo \u2013 EMG pour sportif -->\r\n        <a class=\"real-li\" href=\"\/fr\/realisations\/optimergo\/\">\r\n          <div class=\"real-img\">\r\n            <img loading=\"lazy\" decoding=\"async\"\r\n              src=\"\/wp-content\/themes\/ThemeAQTech2025-2\/_MediaTheme2025\/Image\/Realisations\/Optimergo\/Optimergo-Vignette.webp\"\r\n              alt=\"Optimergo \u2013 EMG pour l'industrie et le sport\">\r\n          <\/div>\r\n          <div class=\"bloc8-content-2024\">\r\n            <p class=\"bloc8-accueil-p-title\">Optimergo<\/p>\r\n            <p class=\"bloc8-accueil-p-content\">\r\n              EMG pour l&rsquo;industrie <br \/> et le sport\r\n            <\/p>\r\n          <\/div>\r\n        <\/a>\r\n\r\n\r\n        <!-- \u2466 T-Shirt \u2013 Monitoring -->\r\n        <a class=\"real-li\" href=\"\/fr\/realisations\/t-shirt-monitoring\/\">\r\n          <div class=\"real-img\">\r\n            <img loading=\"lazy\" decoding=\"async\"\r\n              src=\"\/wp-content\/themes\/ThemeAQTech2025-2\/_MediaTheme2025\/Image\/Realisations\/T-Shirt\/T-Shirt Vignette.webp\"\r\n              alt=\"T-Shirt Monitoring \u2013 Suivi BioMarqueurs et mouvements\">\r\n          <\/div>\r\n          <div class=\"bloc8-content-2024\">\r\n            <p class=\"bloc8-accueil-p-title\">T-Shirt Monitoring<\/p>\r\n            <p class=\"bloc8-accueil-p-content\">Suivi BioMarqueurs et Mouvements<\/p>\r\n          <\/div>\r\n        <\/a>\r\n\r\n                <!-- \u2463 Polimair \u2013 Chaise Design Monomati\u00e8re -->\r\n        <a class=\"real-li\" href=\"\/fr\/realisations\/polimair\/\">\r\n          <div class=\"real-img\">\r\n            <img loading=\"lazy\" decoding=\"async\"\r\n              src=\"\/wp-content\/themes\/ThemeAQTech2025-2\/_MediaTheme2025\/Image\/Realisations\/Polimair\/Polimair-Vignette.webp\"\r\n              alt=\"FREEJUMP \u2013 Gilet airbag pour cavaliers\">\r\n          <\/div>\r\n          <div class=\"bloc8-content-2024\">\r\n            <p class=\"bloc8-accueil-p-title\">Polimair<\/p>\r\n            <p class=\"bloc8-accueil-p-content\">\r\n              Chaise Designe<br>100% monomati\u00e8re recycl\u00e9e.\r\n            <\/p>\r\n          <\/div>\r\n        <\/a>\r\n\r\n        <!-- \u2465 CX-Air \u2013 Pantalon Ariabg -->\r\n        <a class=\"real-li\" href=\"https:\/\/www.aq-tech.fr\/fr\/realisations\/cx-air-dynamics\/\">\r\n          <div class=\"real-img\">\r\n            <img loading=\"lazy\" decoding=\"async\"\r\n              src=\"\/wp-content\/themes\/ThemeAQTech2025-2\/_MediaTheme2025\/Image\/Realisations\/CX-Air\/CX-Air-Vignette.webp\"\r\n              alt=\"CX-Air \u2013 Pantalon Airbag Pour Motards\">\r\n          <\/div>\r\n          <div class=\"bloc8-content-2024\">\r\n            <p class=\"bloc8-accueil-p-title\">CX-Air<\/p>\r\n            <p class=\"bloc8-accueil-p-content\">\r\n              Pantalon Airbag <br \/>Pour Motards\r\n            <\/p>\r\n          <\/div>\r\n        <\/a>\r\n\r\n        <!-- \u2466 CLP \u2013 P\u00e9diluve connect\u00e9 -->\r\n        <a class=\"real-li\" href=\"\/fr\/realisations\/clp\/\">\r\n          <div class=\"real-img\">\r\n            <img loading=\"lazy\" decoding=\"async\"\r\n              src=\"\/wp-content\/themes\/ThemeAQTech2025-2\/_MediaTheme2025\/Image\/Realisations\/CLP\/CLP-Vignette.webp\"\r\n              alt=\"CLP \u2013 P\u00e9diluve connect\u00e9\">\r\n          <\/div>\r\n          <div class=\"bloc8-content-2024\">\r\n            <p class=\"bloc8-accueil-p-title\">CLP &#8211; Geyser<\/p>\r\n            <p class=\"bloc8-accueil-p-content\">P\u00e9diluve connect\u00e9<\/p>\r\n          <\/div>\r\n        <\/a>\r\n\r\n        <!-- \u2463 FreeCovery \u2013 Cryoth\u00e9rapie -->\r\n        <a class=\"real-li\" href=\"\/fr\/realisations\/freecovery\/\">\r\n          <div class=\"real-img\">\r\n            <img loading=\"lazy\" decoding=\"async\"\r\n              src=\"\/wp-content\/themes\/ThemeAQTech2025-2\/_MediaTheme2025\/Image\/Realisations\/Freecovery\/Freecovery-Vignette.webp\"\r\n              alt=\"FREEJUMP \u2013 Gilet airbag pour cavaliers\">\r\n          <\/div>\r\n          <div class=\"bloc8-content-2024\">\r\n            <p class=\"bloc8-accueil-p-title\">FREECOVERY<\/p>\r\n            <p class=\"bloc8-accueil-p-content\">\r\n              Cryoth\u00e9rapie portable <br \/> pour sportif\r\n            <\/p>\r\n          <\/div>\r\n        <\/a>\r\n\r\n        <!-- \u2466TaliConnected \u2013 Casque Lumineux connect\u00e9 -->\r\n        <a class=\"real-li\" href=\"\/fr\/realisations\/tali-connected\/\">\r\n          <div class=\"real-img\">\r\n            <img loading=\"lazy\" decoding=\"async\"\r\n              src=\"\/wp-content\/themes\/ThemeAQTech2025-2\/_MediaTheme2025\/Image\/Realisations\/TaliConnected\/TaliConnected-Vignette.webp\"\r\n              alt=\"TaliConnected \u2013 Casque Lumineux connect\u00e9 \">\r\n          <\/div>\r\n          <div class=\"bloc8-content-2024\">\r\n            <p class=\"bloc8-accueil-p-title\">Tali Connected<\/p>\r\n            <p class=\"bloc8-accueil-p-content\">Casque Lumineux <br\/> et connect\u00e9<\/p>\r\n          <\/div>\r\n        <\/a>\r\n\r\n        <!-- \u2466 SaugnacJauges \u2013 Capteur fissures connect\u00e9 -->\r\n        <a class=\"real-li\" href=\"#\">\r\n          <div class=\"real-img\">\r\n            <img loading=\"lazy\" decoding=\"async\"\r\n              src=\"\/wp-content\/themes\/ThemeAQTech2025-2\/_MediaTheme2025\/Image\/Realisations\/SaugnacJauges\/Saugnacjauges-Vignette.webp\"\r\n              alt=\"SaugnacJauges \u2013 Capteur fissures connect\u00e9 \">\r\n          <\/div>\r\n          <div class=\"bloc8-content-2024\">\r\n            <p class=\"bloc8-accueil-p-title\">Saugnac Jauges<\/p>\r\n            <p class=\"bloc8-accueil-p-content\">Jauge connect\u00e9e <br \/>pour suivi des fissures<\/p>\r\n          <\/div>\r\n        <\/a>\r\n\r\n        <!-- \u2466Wandercraft \u2013 Exosquellette -->\r\n        <a class=\"real-li\" href=\"#\">\r\n          <div class=\"real-img\">\r\n            <img loading=\"lazy\" decoding=\"async\"\r\n              src=\"\/wp-content\/themes\/ThemeAQTech2025-2\/_MediaTheme2025\/Image\/Realisations\/Wandercraft\/Wandercraft-Vignette.webp\"\r\n              alt=\"Wandercraft \u2013 Exosquellette \">\r\n          <\/div>\r\n          <div class=\"bloc8-content-2024\">\r\n            <p class=\"bloc8-accueil-p-title\">Wandercraft<\/p>\r\n            <p class=\"bloc8-accueil-p-content\">Exosquellette<\/p>\r\n          <\/div>\r\n        <\/a>\r\n\r\n        <!-- \u2465AuraLab - Scnanner p\u00e9llicule haute d\u00e9finition -->\r\n        <a class=\"real-li\" href=\"#\">\r\n          <div class=\"real-img\">\r\n            <img loading=\"lazy\" decoding=\"async\"\r\n              src=\"\/wp-content\/themes\/ThemeAQTech2025-2\/_MediaTheme2025\/Image\/Realisations\/Auralab\/Auralab-Vignette.webp\"\r\n              alt=\"Polimair \u2013 Chaise recycl\u00e9e et recyclable\">\r\n          <\/div>\r\n          <div class=\"bloc8-content-2024\">\r\n            <p class=\"bloc8-accueil-p-title\">AuraLab<\/p>\r\n            <p class=\"bloc8-accueil-p-content\">\r\n              Scanner p\u00e9llicule <br \/> haute d\u00e9finition\r\n            <\/p>\r\n          <\/div>\r\n        <\/a>\r\n\r\n      <\/nav>\r\n\r\n      <!-- Accroche finale -->\r\n      <p class=\"accorcheReal\">\r\n          \u2026et bien plus encore !\r\n      <\/p>\r\n      \r\n    <\/div><!-- \/.container -->\r\n    \r\n  <\/section><!-- \/#BlocReal -->\r\n\r\n\r\n  <div class=\"SliderLogoClient\"><\/div>\r\n\r\n\t<div id=\"BlocCTA\" class=\"ImageTexte TroisQuart BlocNoir20\">\r\n\t\t<div class=\"container relative\">\r\n\t\t\t      <img loading=\"lazy\" decoding=\"async\" class=\"absolute\" src=\"\/wp-content\/themes\/ThemeAQTech2025-2\/_MediaTheme2025\/Image\/All\/Fleche-Haut.webp\" \/>\t\r\n      <div class=\"ImageTexteBlocImgContainer\">\r\n        <img loading=\"lazy\" decoding=\"async\" src=\"\/wp-content\/themes\/ThemeAQTech2025-2\/_MediaTheme2025\/Image\/Contact\/LienContact.webp\" alt=\"Contact AQ-Tech\" \/>\r\n      <\/div>\r\n\t\t\t<div id=\"Bloc2AccueilTextContainer\" class=\"ImageTexteBlocTextContainer animate-slide-right\">\r\n\t\t\t\t\r\n\t\t\t\t\t<h2>Parlez nous de votre projet !<\/h2>\r\n\t\t\t\t\t<div class=\"titre-underline\"><\/div>\r\n\t\t\t\t\t<p>\r\n\t\t\t\t\t\tQuelques soit votre projet, quelques soient vos enjeux, n&rsquo;h\u00e9sitez pas \u00e0 venir discuter avec notre \u00e9quipe pr\u00eate \u00e0 vous accompagner dans tous vos d\u00e9fis.\r\n\t\t\t\t\t<\/p>\r\n\t\t\t\t\t<div class=\"btn-orange\">\r\n\t\t\t\t\t\t<a href=\"\/contact.php\">+ Nous contacter<\/a>\r\n\t\t\t\t\t<\/div>\r\n\t\t\t<\/div>\r\n\t\t<\/div>\r\n\t<\/div>\r\n\r\n\r\n<\/section><!-- \/#Secteur -->\r\n","protected":false},"excerpt":{"rendered":"<p>Nos r\u00e9alisations Au c\u0153ur de nos missions : cr\u00e9ativit\u00e9 et ing\u00e9niosit\u00e9 ! Clinatec Bonnet de photobiomodulation transcr\u00e2nienne DRILLLIGHT Entrainement connect\u00e9 pour sportifs. VAN Rysel Veste V\u00e9lo,isolation int\u00e9lligente Footysan Nettoyeur pour pied FREEJUMP Gilet airbagpour cavaliers Optimergo EMG pour l&rsquo;industrie et le sport T-Shirt Monitoring Suivi BioMarqueurs et Mouvements Polimair Chaise Designe100% monomati\u00e8re recycl\u00e9e. CX-Air Pantalon [&hellip;]<\/p>\n","protected":false},"author":1,"featured_media":0,"parent":0,"menu_order":0,"comment_status":"closed","ping_status":"closed","template":"","meta":{"footnotes":""},"class_list":["post-6520","page","type-page","status-publish","hentry"],"yoast_head":"<!-- This site is optimized with the Yoast SEO plugin v26.2 - https:\/\/yoast.com\/wordpress\/plugins\/seo\/ -->\n<title>R\u00e9alisations - AQ-Tech<\/title>\n<meta name=\"description\" content=\"Des innovations concr\u00e8tes sign\u00e9es AQ-Tech : objets connect\u00e9s, textiles intelligents, syst\u00e8mes gonflables et produits techniques. D\u00e9couvrez comment nous transformons les id\u00e9es en r\u00e9alisations performantes et industrialis\u00e9es.\" \/>\n<meta name=\"robots\" content=\"index, follow, max-snippet:-1, max-image-preview:large, max-video-preview:-1\" \/>\n<link rel=\"canonical\" href=\"https:\/\/www.aq-tech.fr\/fr\/realisations\/\" \/>\n<meta property=\"og:locale\" content=\"fr_FR\" \/>\n<meta property=\"og:type\" content=\"article\" \/>\n<meta property=\"og:title\" content=\"R\u00e9alisations - AQ-Tech\" \/>\n<meta property=\"og:description\" content=\"Des innovations concr\u00e8tes sign\u00e9es AQ-Tech : objets connect\u00e9s, textiles intelligents, syst\u00e8mes gonflables et produits techniques. D\u00e9couvrez comment nous transformons les id\u00e9es en r\u00e9alisations performantes et industrialis\u00e9es.\" \/>\n<meta property=\"og:url\" content=\"https:\/\/www.aq-tech.fr\/fr\/realisations\/\" \/>\n<meta property=\"og:site_name\" content=\"AQ-Tech\" \/>\n<meta property=\"article:modified_time\" content=\"2026-03-20T15:00:54+00:00\" \/>\n<meta name=\"twitter:card\" content=\"summary_large_image\" \/>\n<meta name=\"twitter:label1\" content=\"Dur\u00e9e de lecture estim\u00e9e\" \/>\n\t<meta name=\"twitter:data1\" content=\"5 minutes\" \/>\n<script type=\"application\/ld+json\" class=\"yoast-schema-graph\">{\"@context\":\"https:\/\/schema.org\",\"@graph\":[{\"@type\":\"WebPage\",\"@id\":\"https:\/\/www.aq-tech.fr\/fr\/realisations\/\",\"url\":\"https:\/\/www.aq-tech.fr\/fr\/realisations\/\",\"name\":\"R\u00e9alisations - AQ-Tech\",\"isPartOf\":{\"@id\":\"https:\/\/www.aq-tech.fr\/fr\/#website\"},\"datePublished\":\"2025-10-31T08:17:38+00:00\",\"dateModified\":\"2026-03-20T15:00:54+00:00\",\"description\":\"Des innovations concr\u00e8tes sign\u00e9es AQ-Tech : objets connect\u00e9s, textiles intelligents, syst\u00e8mes gonflables et produits techniques. D\u00e9couvrez comment nous transformons les id\u00e9es en r\u00e9alisations performantes et industrialis\u00e9es.\",\"breadcrumb\":{\"@id\":\"https:\/\/www.aq-tech.fr\/fr\/realisations\/#breadcrumb\"},\"inLanguage\":\"fr-FR\",\"potentialAction\":[{\"@type\":\"ReadAction\",\"target\":[\"https:\/\/www.aq-tech.fr\/fr\/realisations\/\"]}]},{\"@type\":\"BreadcrumbList\",\"@id\":\"https:\/\/www.aq-tech.fr\/fr\/realisations\/#breadcrumb\",\"itemListElement\":[{\"@type\":\"ListItem\",\"position\":1,\"name\":\"Accueil\",\"item\":\"https:\/\/www.aq-tech.fr\/fr\/\"},{\"@type\":\"ListItem\",\"position\":2,\"name\":\"R\u00e9alisations\"}]},{\"@type\":\"WebSite\",\"@id\":\"https:\/\/www.aq-tech.fr\/fr\/#website\",\"url\":\"https:\/\/www.aq-tech.fr\/fr\/\",\"name\":\"AQ-Tech\",\"description\":\"Bureau d&#039;Etude d&#039;Ing\u00e9nierie M\u00e9canique &amp; Electronique &amp; industrielle\",\"potentialAction\":[{\"@type\":\"SearchAction\",\"target\":{\"@type\":\"EntryPoint\",\"urlTemplate\":\"https:\/\/www.aq-tech.fr\/fr\/?s={search_term_string}\"},\"query-input\":{\"@type\":\"PropertyValueSpecification\",\"valueRequired\":true,\"valueName\":\"search_term_string\"}}],\"inLanguage\":\"fr-FR\"}]}<\/script>\n<!-- \/ Yoast SEO plugin. -->","yoast_head_json":{"title":"R\u00e9alisations - AQ-Tech","description":"Des innovations concr\u00e8tes sign\u00e9es AQ-Tech : objets connect\u00e9s, textiles intelligents, syst\u00e8mes gonflables et produits techniques. D\u00e9couvrez comment nous transformons les id\u00e9es en r\u00e9alisations performantes et industrialis\u00e9es.","robots":{"index":"index","follow":"follow","max-snippet":"max-snippet:-1","max-image-preview":"max-image-preview:large","max-video-preview":"max-video-preview:-1"},"canonical":"https:\/\/www.aq-tech.fr\/fr\/realisations\/","og_locale":"fr_FR","og_type":"article","og_title":"R\u00e9alisations - AQ-Tech","og_description":"Des innovations concr\u00e8tes sign\u00e9es AQ-Tech : objets connect\u00e9s, textiles intelligents, syst\u00e8mes gonflables et produits techniques. D\u00e9couvrez comment nous transformons les id\u00e9es en r\u00e9alisations performantes et industrialis\u00e9es.","og_url":"https:\/\/www.aq-tech.fr\/fr\/realisations\/","og_site_name":"AQ-Tech","article_modified_time":"2026-03-20T15:00:54+00:00","twitter_card":"summary_large_image","twitter_misc":{"Dur\u00e9e de lecture estim\u00e9e":"5 minutes"},"schema":{"@context":"https:\/\/schema.org","@graph":[{"@type":"WebPage","@id":"https:\/\/www.aq-tech.fr\/fr\/realisations\/","url":"https:\/\/www.aq-tech.fr\/fr\/realisations\/","name":"R\u00e9alisations - AQ-Tech","isPartOf":{"@id":"https:\/\/www.aq-tech.fr\/fr\/#website"},"datePublished":"2025-10-31T08:17:38+00:00","dateModified":"2026-03-20T15:00:54+00:00","description":"Des innovations concr\u00e8tes sign\u00e9es AQ-Tech : objets connect\u00e9s, textiles intelligents, syst\u00e8mes gonflables et produits techniques. D\u00e9couvrez comment nous transformons les id\u00e9es en r\u00e9alisations performantes et industrialis\u00e9es.","breadcrumb":{"@id":"https:\/\/www.aq-tech.fr\/fr\/realisations\/#breadcrumb"},"inLanguage":"fr-FR","potentialAction":[{"@type":"ReadAction","target":["https:\/\/www.aq-tech.fr\/fr\/realisations\/"]}]},{"@type":"BreadcrumbList","@id":"https:\/\/www.aq-tech.fr\/fr\/realisations\/#breadcrumb","itemListElement":[{"@type":"ListItem","position":1,"name":"Accueil","item":"https:\/\/www.aq-tech.fr\/fr\/"},{"@type":"ListItem","position":2,"name":"R\u00e9alisations"}]},{"@type":"WebSite","@id":"https:\/\/www.aq-tech.fr\/fr\/#website","url":"https:\/\/www.aq-tech.fr\/fr\/","name":"AQ-Tech","description":"Bureau d&#039;Etude d&#039;Ing\u00e9nierie M\u00e9canique &amp; Electronique &amp; industrielle","potentialAction":[{"@type":"SearchAction","target":{"@type":"EntryPoint","urlTemplate":"https:\/\/www.aq-tech.fr\/fr\/?s={search_term_string}"},"query-input":{"@type":"PropertyValueSpecification","valueRequired":true,"valueName":"search_term_string"}}],"inLanguage":"fr-FR"}]}},"_links":{"self":[{"href":"https:\/\/www.aq-tech.fr\/fr\/wp-json\/wp\/v2\/pages\/6520","targetHints":{"allow":["GET"]}}],"collection":[{"href":"https:\/\/www.aq-tech.fr\/fr\/wp-json\/wp\/v2\/pages"}],"about":[{"href":"https:\/\/www.aq-tech.fr\/fr\/wp-json\/wp\/v2\/types\/page"}],"author":[{"embeddable":true,"href":"https:\/\/www.aq-tech.fr\/fr\/wp-json\/wp\/v2\/users\/1"}],"replies":[{"embeddable":true,"href":"https:\/\/www.aq-tech.fr\/fr\/wp-json\/wp\/v2\/comments?post=6520"}],"version-history":[{"count":22,"href":"https:\/\/www.aq-tech.fr\/fr\/wp-json\/wp\/v2\/pages\/6520\/revisions"}],"predecessor-version":[{"id":6972,"href":"https:\/\/www.aq-tech.fr\/fr\/wp-json\/wp\/v2\/pages\/6520\/revisions\/6972"}],"wp:attachment":[{"href":"https:\/\/www.aq-tech.fr\/fr\/wp-json\/wp\/v2\/media?parent=6520"}],"curies":[{"name":"wp","href":"https:\/\/api.w.org\/{rel}","templated":true}]}}