{"id":6445,"date":"2025-10-31T08:42:30","date_gmt":"2025-10-31T07:42:30","guid":{"rendered":"https:\/\/www.aq-tech.fr\/fr\/?page_id=6445"},"modified":"2026-03-19T17:13:35","modified_gmt":"2026-03-19T16:13:35","slug":"accueil","status":"publish","type":"page","link":"https:\/\/www.aq-tech.fr\/fr\/","title":{"rendered":"Accueil"},"content":{"rendered":"<div id=\"Accueil\">\r\n\t<div id=\"Bloc1Titre\" class=\"Full\">\r\n\t\t<video autoplay muted loop playsinline preload=\"none\" poster=\"\/wp-content\/themes\/ThemeAQTech2025-2\/_MediaTheme2025\/Image\/Home\/Entete-video-min.webp\" id=\"videoBanner\">\r\n\t\t\t<source src=\"\/wp-content\/themes\/ThemeAQTech2025-2\/_MediaTheme2025\/videos\/2025 - Video Complete Sans texte V1.0 - SQ 720.mp4\" media=\"(max-width: 768px)\" type=\"video\/mp4\">\r\n\t\t\t<source src=\"\/wp-content\/themes\/ThemeAQTech2025-2\/_MediaTheme2025\/videos\/2025 - Video Complete Sans texte V1.0 - SQ 1080.mp4\" type=\"video\/mp4\">\r\n\t\t<\/video>\r\n\t\t<div class=\"video-overlay\"><\/div>\r\n\t\t<div id=\"Bloc1TitreContent\">\r\n\t\t\t<div class=\"container\">\r\n\t\t\t\t<img decoding=\"async\" class=\"animate-slide-up\" src=\"\/wp-content\/themes\/ThemeAQTech2025-2\/_MediaTheme2025\/Image\/All\/Fleche-Droite.webp\" alt=\"fleche\" \/>\r\n\t\t\t\t<h1>Conception, prototypage et production de produits techniques<\/h1> \r\n<h2 class=\"animate-slide-up\">M\u00e9canique, \u00e9lectronique, logiciel embarqu\u00e9 et textile technique r\u00e9unis pour vos innovations.<\/h2>\r\n<br \/>\r\n<div class=\"btn-orange hero-cta\">\r\n    <a href=\"\/fr\/contact\/\">Discuter de votre projet<\/a>\r\n<\/div>\r\n\t\t\t<\/div>\r\n\t\t<\/div>\r\n\t<\/div>\r\n\r\n\t<div id=\"Bloc2Intro\" class=\"ImageTexte TroisQuart\">\r\n\t\t<div class=\"container relative\">\r\n\t\t\t<img decoding=\"async\" class=\"absolute\" src=\"\/wp-content\/themes\/ThemeAQTech2025-2\/_MediaTheme2025\/Image\/All\/Fleche-Haut.webp\" \/>\r\n\t\t\t<div id=\"Bloc2AccueilImgContainer\" class=\"slider ImageTexteBlocImgContainer\">\r\n\t\t\t\t<div class=\"slides\">\r\n\t\t\t\t\t<img decoding=\"async\" src=\"\/wp-content\/themes\/ThemeAQTech2025-2\/_MediaTheme2025\/Image\/Home\/Van_Rysel.webp\" alt=\"Van Ryzel\" \/>\r\n\t\t\t\t\t<img decoding=\"async\" src=\"\/wp-content\/themes\/ThemeAQTech2025-2\/_MediaTheme2025\/Image\/Home\/Drilllight.webp\" alt=\"Entrainement sportif Drilllight\" \/>\r\n\t\t\t\t\t<img decoding=\"async\" src=\"\/wp-content\/themes\/ThemeAQTech2025-2\/_MediaTheme2025\/Image\/Home\/gilet-airbag-freejump.webp\" alt=\"Gilet Airbag FreeJump\" \/>\r\n\t\t\t\t\t<img decoding=\"async\" src=\"\/wp-content\/themes\/ThemeAQTech2025-2\/_MediaTheme2025\/Image\/Home\/wandercraft.webp\" alt=\"Cellule innovation Wandercraft\" \/>\r\n\t\t\t\t<\/div>\r\n\t\t\t\t<div class=\"dots\"><\/div>\r\n\t\t\t<\/div>\r\n\t\t\t<div id=\"Bloc2AccueilTextContainer\" class=\"ImageTexteBlocTextContainer animate-slide-right\">\r\n\t\t\t\t<h2>Une approche compl\u00e8te pour acc\u00e9l\u00e9rer et s\u00e9curiser vos d\u00e9veloppements.<\/h2>\r\n\t\t\t\t<div class=\"titre-underline\"><\/div>\r\n\t\t\t\t<p>\r\n\t\t\t\t\tAQ-Tech agit comme une extension de vos \u00e9quipes pour transformer une id\u00e9e en produit op\u00e9rationnel.  \r\n\t\t\t\t\tNous regroupons au m\u00eame endroit les expertises m\u00e9caniques, \u00e9lectroniques, logicielles et textiles n\u00e9cessaires pour d\u00e9velopper des produits fiables et industrialisables.\r\n\t\t\t\t<\/p>\r\n\t\t\t<\/div>\r\n\t\t<\/div>\r\n\t<\/div>\r\n\r\n<div id=\"Bloc4Accueil\" class=\"MultiCol TroisCol BlocNoir20 animate-slide-right\">\r\n\t<div class=\"container\">\r\n\t\t<div class=\"TitreCentre container\">\r\n\t\t\t<h2>Une expertise 360\u00b0<\/h2>\r\n\t\t\t<div class=\"titre-underline\"><\/div>\r\n\t\t\t<p>\r\n\t\t\t\tUne \u00e9quipe <span class=\"bold\">multidisciplinaire<\/span> en un <span class=\"bold\">lieu unique<\/span> pour concevoir des produits robustes, fiables et pr\u00eats pour la production.\r\n\t\t\t<\/p>\r\n\r\n\t\t\t<div class=\"btn-orange\">\r\n\t\t\t\t<a href=\"\/fr\/expertises\/\">+ Ing\u00e9nierie Multidisciplinaire<\/a>\r\n\t\t\t<\/div>\r\n\r\n\t\t<\/div>\r\n\r\n\t\t<div class=\"list_carre_container\">\r\n\r\n\t\t\t<div class=\"list_carre_article\">\r\n\t\t\t\t<div class=\"image-carre\"><img loading=\"lazy\" decoding=\"async\" src=\"\/wp-content\/themes\/ThemeAQTech2025-2\/_MediaTheme2025\/Image\/Home\/competence-mecanique.webp\" alt=\"BE Mecanique\" Title=\"ing\u00e9nierie m\u00e9canique\"\/><\/div>\r\n\t\t\t\t<h3>Conception m\u00e9canique<\/h3>\r\n\t\t\t\t<div class=\"titre-underline\"><\/div>\r\n\t\t\t\t<p>Architecture, simulations, choix mat\u00e9riaux, prototypage et optimisation m\u00e9canique.<\/p>\r\n\t\t\t\t<div class=\"btn-orange\"><a href=\"\/fr\/expertises\/mecanique\/\">+ M\u00e9canique<\/a><\/div>\r\n\t\t\t<\/div>\r\n\r\n\t\t\t<div class=\"list_carre_article\">\r\n\t\t\t\t<div class=\"image-carre\"><img loading=\"lazy\" decoding=\"async\" src=\"\/wp-content\/themes\/ThemeAQTech2025-2\/_MediaTheme2025\/Image\/Home\/electronique.webp\" alt=\"BE Electronique\"  Title=\"ing\u00e9nierie \u00e9lectronique\"\/><\/div>\r\n\t\t\t\t<h3>\u00c9lectronique &#038; logiciel<\/h3>\r\n\t\t\t\t<div class=\"titre-underline\"><\/div>\r\n\t\t\t\t<p>Conception de cartes, firmware, syst\u00e8mes embarqu\u00e9s, capteurs et connectivit\u00e9.<\/p>\r\n\t\t\t\t<div class=\"btn-orange\"><a href=\"\/fr\/expertises\/electronique-logiciel\/\">+ \u00c9lectronique<\/a><\/div>\r\n\t\t\t<\/div>\r\n\r\n\t\t\t<div class=\"list_carre_article\">\r\n\t\t\t\t<div class=\"image-carre\"><img loading=\"lazy\" decoding=\"async\" src=\"\/wp-content\/themes\/ThemeAQTech2025-2\/_MediaTheme2025\/Image\/Home\/competence-textile.webp\" alt=\"BE Textile\"  Title=\"ing\u00e9nierie textile\"\/><\/div>\r\n\t\t\t\t<h3>Textile technique<\/h3>\r\n\t\t\t\t<div class=\"titre-underline\"><\/div>\r\n\t\t\t\t<p>Tissus techniques, architecture textile, patronage, int\u00e9gration m\u00e9canique et \u00e9lectronique.<\/p>\r\n\t\t\t\t<div class=\"btn-orange\"><a href=\"\/fr\/expertises\/textile-technique\/\">+ Textile<\/a><\/div>\r\n\t\t\t<\/div>\r\n\r\n\t\t<\/div>\r\n\t<\/div>\r\n<\/div>\r\n\r\n<div id=\"Bloc4BisAccueil\" class=\"MultiCol DeuxCol animate-slide-right\">\r\n\t<div class=\"container\">\r\n\t\t<div class=\"TitreCentre container\">\r\n\t\t\t<h2>Des p\u00f4les d&rsquo;excellence<\/h2>\r\n\t\t\t<div class=\"titre-underline\"><\/div>\r\n\t\t\t<p>\r\n\t\t\t\tDeux expertises reconnues : <span class=\"bold\">Smart Textile<\/span> et <span class=\"bold\">Structures Gonflables Techniques<\/span>.\r\n\t\t\t<\/p>\r\n\t\t<\/div>\r\n\r\n\t\t<div class=\"list_carre_container\">\r\n\r\n\t\t\t<div class=\"list_carre_article\">\r\n\t\t\t\t<div class=\"image-carre\"><img loading=\"lazy\" decoding=\"async\" src=\"\/wp-content\/themes\/ThemeAQTech2025-2\/_MediaTheme2025\/Image\/Home\/Smart-Textile.webp\" alt=\"\" \/><\/div>\r\n\t\t\t\t<h3>Smart Textile<\/h3>\r\n\t\t\t\t<div class=\"titre-underline\"><\/div>\r\n\t\t\t\t<p>\r\n\t\t\t\t\tCapteurs biom\u00e9triques, IMU, c\u00e2blage textile, PCB souples, connectique, lavabilit\u00e9, tests et industrialisation.\r\n\t\t\t\t<\/p>\r\n\t\t\t\t<div class=\"btn-orange\"><a href=\"\/fr\/poles\/smart-textile\/\">+ Solutions Smart Textile<\/a><\/div>\r\n\t\t\t<\/div>\r\n\r\n\t\t\t<div class=\"list_carre_article\">\r\n\t\t\t\t<div class=\"image-carre\"><img loading=\"lazy\" decoding=\"async\" src=\"\/wp-content\/themes\/ThemeAQTech2025-2\/_MediaTheme2025\/Image\/Home\/Airbag.webp\" alt=\"\" \/><\/div>\r\n\t\t\t\t<h3>Structures gonflables techniques<\/h3>\r\n\t\t\t\t<div class=\"titre-underline\"><\/div>\r\n\t\t\t\t<p>\r\n\t\t\t\t\tAirbags, soft-robotique, dispositifs m\u00e9dicaux, TPU\/PA, soudure HF, \u00e9tanch\u00e9it\u00e9, tests de pression et durabilit\u00e9.\r\n\t\t\t\t<\/p>\r\n\t\t\t\t<div class=\"btn-orange\"><a href=\"\/fr\/poles\/systemes-gonflables\/\">+ Syst\u00e8mes gonflables<\/a><\/div>\r\n\t\t\t<\/div>\r\n\r\n\t\t<\/div>\r\n\t<\/div>\r\n<\/div>\r\n\r\n<div class=\"ImageTexte Demi BlocGris20\">\r\n\t<div class=\"container relative\">\r\n\t\t<img loading=\"lazy\" decoding=\"async\" class=\"absolute\" src=\"\/wp-content\/themes\/ThemeAQTech2025-2\/_MediaTheme2025\/Image\/All\/Fleche-Haut.webp\" \/>\r\n\t\t<div class=\"Image4Cartes\">\r\n\t\t\t<div class=\"icone-pilier\">\r\n\t\t\t\t<i class=\"fa-solid fa-diagram-project\"><\/i>\r\n\t\t\t\t<h4>D\u00e9veloppement produit complet<\/h4>\r\n\t\t\t\t<p>Conception, prototypage, validation, pr\u00e9-s\u00e9ries et industrialisation.<\/p>\r\n\t\t\t<\/div>\r\n\t\t\t<div class=\"icone-pilier\">\r\n\t\t\t\t<i class=\"fa-solid fa-puzzle-piece\"><\/i>\r\n\t\t\t\t<h4>Expertise multidisciplinaire<\/h4>\r\n\t\t\t\t<p>Int\u00e9gration m\u00e9canique, \u00e9lectronique, logiciel et textile.<\/p>\r\n\t\t\t<\/div>\r\n\t\t\t<div class=\"icone-pilier\">\r\n\t\t\t\t<i class=\"fa-solid fa-industry\"><\/i>\r\n\t\t\t\t<h4>Ma\u00eetrise industrielle<\/h4>\r\n\t\t\t\t<p>Proc\u00e9d\u00e9s, mat\u00e9riaux, assemblage et contr\u00f4les qualit\u00e9.<\/p>\r\n\t\t\t<\/div>\r\n\t\t\t<div class=\"icone-pilier\">\r\n\t\t\t\t<i class=\"fa-solid fa-lightbulb\"><\/i>\r\n\t\t\t\t<h4>Agilit\u00e9 &#038; innovation<\/h4>\r\n\t\t\t\t<p>D\u00e9cisions rapides, optimisation continue, d\u00e9risquage technique.<\/p>\r\n\t\t\t<\/div>\r\n\t\t<\/div>\r\n\r\n\t\t<div id=\"ImageTexteBlocTextContainer\" class=\"ImageTexteBlocTextContainer animate-slide-right\">\r\n\t\t\t<h2>Une approche int\u00e9gr\u00e9e pour aller plus vite et r\u00e9duire les risques<\/h2>\r\n\t\t\t<div class=\"titre-underline\"><\/div>\r\n\t\t\t<p>\r\n\t\t\t\tNous regroupons conception m\u00e9canique, \u00e9lectronique, logicielle, textile, prototypage et pr\u00e9-s\u00e9ries au m\u00eame endroit.  \r\n\t\t\t\tCette organisation garantit :\r\n\t\t\t<\/p>\r\n\t\t\t<ul>\r\n\t\t\t\t<li>des d\u00e9cisions techniques rapides<\/li>\r\n\t\t\t\t<li>une compatibilit\u00e9 imm\u00e9diate m\u00e9canique \/ \u00e9lectronique \/ textile<\/li>\r\n\t\t\t\t<li>un d\u00e9risquage fort d\u00e8s les premi\u00e8res \u00e9tapes<\/li>\r\n\t\t\t\t<li>un passage fluide du concept \u00e0 la production<\/li>\r\n\t\t\t\t<li>moins d\u2019interm\u00e9diaires, plus de ma\u00eetrise<\/li>\r\n\t\t\t<\/ul>\r\n\r\n<br \/>\r\n<div class=\"btn-orange\">\r\n    <a href=\"\/fr\/autres\/methodologie\/\"> + Notre m\u00e9thodologie<\/a>\r\n<\/div>\r\n\t\t<\/div>\r\n\t<\/div>\r\n<\/div>\r\n\r\n<div id=\"Bloc5Accueil\">\r\n\t<div class=\"TitreCentre container\">\r\n\t\t<h2>Nos services 100% personnalis\u00e9s<\/h2>\r\n\t\t<div class=\"titre-underline\"><\/div>\r\n\t\t<p class=\"black\">\r\n\t\t\tNous accompagnons start-up, PME, ETI, grands groupes et laboratoires du concept \u00e0 la production.\r\n\t\t<\/p>\r\n\t\t\t<div class=\"btn-orange\">\r\n\t\t\t\t<a href=\"\/fr\/services\/\">+ Tous nos services<\/a>\r\n\t\t\t<\/div>\r\n\t<\/div>\r\n\r\n\t<div class=\"container\">\r\n\t\t<div class=\"bloc_expertise expertise_debut animate-slide-left\">\r\n\t\t\t<img loading=\"lazy\" decoding=\"async\" src=\"\/wp-content\/themes\/ThemeAQTech2025-2\/_MediaTheme2025\/Image\/All\/Fleche-Droite.webp\" alt=\"\" class=\"expertise_fleche\" \/>\r\n\t\t\t<div class=\"bloc_expertise_img_container\">\r\n\t\t\t\t<img loading=\"lazy\" decoding=\"async\" src=\"\/wp-content\/themes\/ThemeAQTech2025-2\/_MediaTheme2025\/Image\/Home\/conception_mecanique.webp\" alt=\"\" \/>\r\n\t\t\t<\/div>\r\n\t\t\t<div class=\"bloc_expertise_text_container\">\r\n\t\t\t\t<h3>Conception<\/h3>\r\n\t\t\t\t<div class=\"titre-underline\"><\/div>\r\n\t\t\t\t<p class=\"bold black\">Transformez une id\u00e9e en architecture produit solide.<\/p>\r\n\t\t\t\t<ul class=\"black\">\r\n\t\t\t\t\t<li>+ Architecture produit<\/li>\r\n\t\t\t\t\t<li>+ Choix techniques et mat\u00e9riaux<\/li>\r\n\t\t\t\t\t<li>+ Pr\u00e9paration du prototypage<\/li>\r\n\t\t\t\t<\/ul>\r\n\t\t\t\t<div class=\"btn-orange\"><a href=\"\/fr\/services\/conception\/\">+ Conception technique<\/a><\/div>\r\n\t\t\t<\/div>\r\n\t\t<\/div>\r\n\r\n\t\t<div class=\"bloc_expertise expertise_gauche animate-slide-right\">\r\n\t\t\t<img loading=\"lazy\" decoding=\"async\" src=\"\/wp-content\/themes\/ThemeAQTech2025-2\/_MediaTheme2025\/Image\/All\/Fleche-Haut.webp\" alt=\"\" class=\"expertise_fleche\" \/>\r\n\t\t\t<div class=\"bloc_expertise_img_container\">\r\n\t\t\t\t<img loading=\"lazy\" decoding=\"async\" src=\"\/wp-content\/themes\/ThemeAQTech2025-2\/_MediaTheme2025\/Image\/Home\/prototypage_textile.webp\" alt=\"Prototypage Textile\" \/>\r\n\t\t\t<\/div>\r\n\t\t\t<div class=\"bloc_expertise_text_container\">\r\n\t\t\t\t<h3>Prototypage et tests<\/h3>\r\n\t\t\t\t<div class=\"titre-underline\"><\/div>\r\n\t\t\t\t<p class=\"bold black\">Validez rapidement vos concepts.<\/p>\r\n\t\t\t\t<ul class=\"black\">\r\n\t\t\t\t\t<li>+ Prototypes fonctionnels<\/li>\r\n\t\t\t\t\t<li>+ Tests de performance<\/li>\r\n\t\t\t\t\t<li>+ D\u00e9risquage technique<\/li>\r\n\t\t\t\t\t<li>+ Validation terrain<\/li>\r\n\t\t\t\t<\/ul>\r\n\t\t\t\t<div class=\"btn-orange\"><a href=\"\/fr\/services\/prototypage-et-tests\/\">+ Prototypage produit<\/a><\/div>\r\n\t\t\t<\/div>\r\n\t\t<\/div>\r\n\t\t<div class=\"bloc_expertise expertise_droite animate-slide-right\">\r\n\t\t\t<img loading=\"lazy\" decoding=\"async\" src=\"\/wp-content\/themes\/ThemeAQTech2025-2\/_MediaTheme2025\/Image\/All\/Fleche-Haut.webp\" alt=\"\" class=\"expertise_fleche\" \/>\r\n\t\t\t<div class=\"bloc_expertise_img_container\">\r\n\t\t\t\t<img loading=\"lazy\" decoding=\"async\" src=\"\/wp-content\/themes\/ThemeAQTech2025-2\/_MediaTheme2025\/Image\/Home\/prototypage_test.webp\" alt=\"Industrialisation machine\" \/>\r\n\t\t\t<\/div>\r\n\t\t\t<div class=\"bloc_expertise_text_container\">\r\n\t\t\t\t<h3 class=\"nowrap\">Industrialisation &#038; Certification<\/h3>\r\n\t\t\t\t<div class=\"titre-underline\"><\/div>\r\n\t\t\t\t<p class=\"bold black\">Passez de la validation au produit certifi\u00e9.<\/p>\r\n\t\t\t\t<ul class=\"black\">\r\n\t\t\t\t\t<li>+ Optimisation industrialisation<\/li>\r\n\t\t\t\t\t<li>+ Pr\u00e9paration large s\u00e9rie<\/li>\r\n\t\t\t\t\t<li>+ Certification CE \/ M\u00e9dical<\/li>\r\n\t\t\t\t\t<li>+ Dossiers techniques<\/li>\r\n\t\t\t\t<\/ul>\r\n\t\t\t\t<div class=\"btn-orange\"><a href=\"\/fr\/services\/industrialisation\/\">+ Industrialisation &#038; Certification<\/a><\/div>\r\n\t\t\t<\/div>\r\n\t\t<\/div>\r\n\r\n\t\t<div class=\"bloc_expertise expertise_gauche expertise_fin  animate-slide-left\">\r\n\t\t\t<img loading=\"lazy\" decoding=\"async\" src=\"\/wp-content\/themes\/ThemeAQTech2025-2\/_MediaTheme2025\/Image\/All\/Fleche-Haut.webp\" alt=\"\" class=\"expertise_fleche\" \/>\r\n\t\t\t<div class=\"bloc_expertise_img_container\">\r\n\t\t\t\t<img loading=\"lazy\" decoding=\"async\" src=\"\/wp-content\/themes\/ThemeAQTech2025-2\/_MediaTheme2025\/Image\/Home\/Fabrication_preserie.webp\" alt=\"Fabrication Pr\u00e9-S\u00e9rie\" \/>\r\n\t\t\t<\/div>\r\n\t\t\t<div class=\"bloc_expertise_text_container\">\r\n\t\t\t\t<h3>Pr\u00e9-s\u00e9ries &#038; Assemblage<\/h3>\r\n\t\t\t\t<div class=\"titre-underline\"><\/div>\r\n\t\t\t\t<p class=\"bold black nowrap\">Assemblez vos petites et moyennes s\u00e9ries.<\/p>\r\n\t\t\t\t<ul class=\"black\">\r\n\t\t\t\t\t<li>+ Production flexible<\/li>\r\n\t\t\t\t\t<li>+ Am\u00e9lioration continue<\/li>\r\n\t\t\t\t\t<li>+ Optimisation process<\/li>\r\n\t\t\t\t\t<li>+ Pr\u00e9paration grande s\u00e9rie<\/li>\r\n\t\t\t\t<\/ul>\r\n\t\t\t\t<div class=\"btn-orange\"><a href=\"\/fr\/services\/assemblage\/\">+ Assemblage<\/a><\/div>\r\n\t\t\t<\/div>\r\n\t\t<\/div>\r\n\r\n\t<\/div>\r\n<\/div>\r\n\r\n<div class=\"BlocGris20\">\r\n  <div class=\"container TitreCentre\">\r\n    <h2>Nos domaines d\u2019expertise<\/h2>\r\n    <div class=\"titre-underline\"><\/div>\r\n    <p class=\"intro\">\r\n      AQ-Tech intervient dans des secteurs exigeants o\u00f9 fiabilit\u00e9, performance et innovation sont essentielles.\r\n    <\/p>\r\n\r\n    <div class=\"grid-expertises\">\r\n\r\n      <div class=\"expertise-item large\">\r\n        <a href=\"\/fr\/secteurs\/medical\/\">\r\n          <div class=\"img-container\">\r\n            <img loading=\"lazy\" decoding=\"async\" src=\"\/wp-content\/themes\/ThemeAQTech2025-2\/_MediaTheme2025\/Image\/Home\/EMG-medical.webp\" alt=\"Application Medical\" \/>\r\n            <div class=\"overlay\"><h3>M\u00e9dical<\/h3><\/div>\r\n          <\/div>\r\n        <\/a>\r\n      <\/div>\r\n\r\n      <div class=\"small-grid\">\r\n\r\n        <div class=\"expertise-item\">\r\n          <a href=\"\/fr\/secteurs\/industrie\/\">\r\n            <div class=\"img-container\">\r\n              <img loading=\"lazy\" decoding=\"async\" src=\"\/wp-content\/themes\/ThemeAQTech2025-2\/_MediaTheme2025\/Image\/Home\/Industrie.webp\" alt=\"Application Industrie\" \/>\r\n              <div class=\"overlay\"><h3>Industrie<\/h3><\/div>\r\n            <\/div>\r\n          <\/a>\r\n        <\/div>\r\n\r\n        <div class=\"expertise-item\">\r\n          <a href=\"\/fr\/secteurs\/sports-loisirs\/\">\r\n            <div class=\"img-container\">\r\n              <img loading=\"lazy\" decoding=\"async\" src=\"\/wp-content\/themes\/ThemeAQTech2025-2\/_MediaTheme2025\/Image\/Home\/Cryotherapie_sport.webp\" alt=\"Cryotherapie Sport\" \/>\r\n              <div class=\"overlay\"><h3>Sport &#038; Loisirs<\/h3><\/div>\r\n            <\/div>\r\n          <\/a>\r\n        <\/div>\r\n\r\n        <div class=\"expertise-item\">\r\n          <a href=\"#\">\r\n            <div class=\"img-container\">\r\n              <img loading=\"lazy\" decoding=\"async\" src=\"\/wp-content\/themes\/ThemeAQTech2025-2\/_MediaTheme2025\/Image\/Home\/militaire.webp\" alt=\"Militaire\" \/>\r\n              <div class=\"overlay\"><h3>Militaire<\/h3><\/div>\r\n            <\/div>\r\n          <\/a>\r\n        <\/div>\r\n\r\n        <div class=\"expertise-item\">\r\n          <a href=\"\/fr\/secteurs\/grand-public\/\">\r\n            <div class=\"img-container\">\r\n              <img loading=\"lazy\" decoding=\"async\" src=\"\/wp-content\/themes\/ThemeAQTech2025-2\/_MediaTheme2025\/Image\/Home\/Nettoyeur pour pied.webp\" alt=\"Grand public\" \/>\r\n              <div class=\"overlay\"><h3>Grand Public<\/h3><\/div>\r\n            <\/div>\r\n          <\/a>\r\n        <\/div>\r\n\r\n      <\/div>\r\n    <\/div>\r\n  <\/div>\r\n\r\n<\/div>\r\n\r\n<!-- CTA -->\r\n<div id=\"BlocCTA\" class=\"ImageTexte TroisQuart\">\r\n  <div class=\"container relative\">\r\n    <img loading=\"lazy\" decoding=\"async\" class=\"absolute\" src=\"\/wp-content\/themes\/ThemeAQTech2025-2\/_MediaTheme2025\/Image\/All\/Fleche-Haut.webp\" \/>\t\r\n    \r\n    <div class=\"ImageTexteBlocImgContainer\">\r\n      <img loading=\"lazy\" decoding=\"async\" src=\"\/wp-content\/themes\/ThemeAQTech2025-2\/_MediaTheme2025\/Image\/Contact\/LienContact.webp\" alt=\"Contact AQ-Tech\" \/>\r\n    <\/div>\r\n\r\n    <div id=\"Bloc2AccueilTextContainer\" class=\"ImageTexteBlocTextContainer animate-slide-right\">\r\n      <h2>Parlons de votre projet<\/h2>\r\n      <div class=\"titre-underline\"><\/div>\r\n\r\n      <p>\r\n        Nous ma\u00eetrisons l\u2019ensemble du cycle de d\u00e9veloppement : conception, prototypage, tests, industrialisation et pr\u00e9-s\u00e9ries.  \r\n        Si vous souhaitez s\u00e9curiser votre prochaine innovation, rencontrons-nous.\r\n      <\/p>\r\n\r\n      <div class=\"btn-orange\">\r\n        <a href=\"\/fr\/contact\/\">+ Prendre contact<\/a>\r\n      <\/div>\r\n    <\/div>\r\n  <\/div>\r\n<\/div>\r\n\r\n<\/div>\r\n","protected":false},"excerpt":{"rendered":"<p>Conception, prototypage et production de produits techniques M\u00e9canique, \u00e9lectronique, logiciel embarqu\u00e9 et textile technique r\u00e9unis pour vos innovations. Discuter de votre projet Une approche compl\u00e8te pour acc\u00e9l\u00e9rer et s\u00e9curiser vos d\u00e9veloppements. AQ-Tech agit comme une extension de vos \u00e9quipes pour transformer une id\u00e9e en produit op\u00e9rationnel. Nous regroupons au m\u00eame endroit les expertises m\u00e9caniques, \u00e9lectroniques, [&hellip;]<\/p>\n","protected":false},"author":1,"featured_media":0,"parent":0,"menu_order":0,"comment_status":"closed","ping_status":"closed","template":"","meta":{"footnotes":""},"class_list":["post-6445","page","type-page","status-publish","hentry"],"yoast_head":"<!-- This site is optimized with the Yoast SEO plugin v26.2 - https:\/\/yoast.com\/wordpress\/plugins\/seo\/ -->\n<title>Ing\u00e9nierie &amp; Production | M\u00e9canique, \u00e9lectronique et textile | AQ-Tech<\/title>\n<meta name=\"description\" content=\"Bureau d\u2019ing\u00e9nierie m\u00e9canique, \u00e9lectronique, logiciel et textile technique. Conception, prototypage, tests, fabrication et industrialisation de produits innovants. AQ-Tech accompagne vos projets de l\u2019id\u00e9e \u00e0 la production.\" \/>\n<meta name=\"robots\" content=\"index, follow, max-snippet:-1, max-image-preview:large, max-video-preview:-1\" \/>\n<link rel=\"canonical\" href=\"https:\/\/www.aq-tech.fr\/fr\/\" \/>\n<meta property=\"og:locale\" content=\"fr_FR\" \/>\n<meta property=\"og:type\" content=\"article\" \/>\n<meta property=\"og:title\" content=\"Ing\u00e9nierie &amp; Production | M\u00e9canique, \u00e9lectronique et textile | AQ-Tech\" \/>\n<meta property=\"og:description\" content=\"Bureau d\u2019ing\u00e9nierie m\u00e9canique, \u00e9lectronique, logiciel et textile technique. Conception, prototypage, tests, fabrication et industrialisation de produits innovants. AQ-Tech accompagne vos projets de l\u2019id\u00e9e \u00e0 la production.\" \/>\n<meta property=\"og:url\" content=\"https:\/\/www.aq-tech.fr\/fr\/\" \/>\n<meta property=\"og:site_name\" content=\"AQ-Tech\" \/>\n<meta property=\"article:modified_time\" content=\"2026-03-19T16:13:35+00:00\" \/>\n<meta name=\"twitter:card\" content=\"summary_large_image\" \/>\n<meta name=\"twitter:label1\" content=\"Dur\u00e9e de lecture estim\u00e9e\" \/>\n\t<meta name=\"twitter:data1\" content=\"8 minutes\" \/>\n<script type=\"application\/ld+json\" class=\"yoast-schema-graph\">{\"@context\":\"https:\/\/schema.org\",\"@graph\":[{\"@type\":\"WebPage\",\"@id\":\"https:\/\/www.aq-tech.fr\/fr\/\",\"url\":\"https:\/\/www.aq-tech.fr\/fr\/\",\"name\":\"Ing\u00e9nierie & Production | M\u00e9canique, \u00e9lectronique et textile | AQ-Tech\",\"isPartOf\":{\"@id\":\"https:\/\/www.aq-tech.fr\/fr\/#website\"},\"datePublished\":\"2025-10-31T07:42:30+00:00\",\"dateModified\":\"2026-03-19T16:13:35+00:00\",\"description\":\"Bureau d\u2019ing\u00e9nierie m\u00e9canique, \u00e9lectronique, logiciel et textile technique. Conception, prototypage, tests, fabrication et industrialisation de produits innovants. AQ-Tech accompagne vos projets de l\u2019id\u00e9e \u00e0 la production.\",\"breadcrumb\":{\"@id\":\"https:\/\/www.aq-tech.fr\/fr\/#breadcrumb\"},\"inLanguage\":\"fr-FR\",\"potentialAction\":[{\"@type\":\"ReadAction\",\"target\":[\"https:\/\/www.aq-tech.fr\/fr\/\"]}]},{\"@type\":\"BreadcrumbList\",\"@id\":\"https:\/\/www.aq-tech.fr\/fr\/#breadcrumb\",\"itemListElement\":[{\"@type\":\"ListItem\",\"position\":1,\"name\":\"Accueil\",\"item\":\"https:\/\/www.aq-tech.fr\/fr\/\"},{\"@type\":\"ListItem\",\"position\":2,\"name\":\"Accueil\"}]},{\"@type\":\"WebSite\",\"@id\":\"https:\/\/www.aq-tech.fr\/fr\/#website\",\"url\":\"https:\/\/www.aq-tech.fr\/fr\/\",\"name\":\"AQ-Tech\",\"description\":\"Bureau d&#039;Etude d&#039;Ing\u00e9nierie M\u00e9canique &amp; Electronique &amp; industrielle\",\"potentialAction\":[{\"@type\":\"SearchAction\",\"target\":{\"@type\":\"EntryPoint\",\"urlTemplate\":\"https:\/\/www.aq-tech.fr\/fr\/?s={search_term_string}\"},\"query-input\":{\"@type\":\"PropertyValueSpecification\",\"valueRequired\":true,\"valueName\":\"search_term_string\"}}],\"inLanguage\":\"fr-FR\"}]}<\/script>\n<!-- \/ Yoast SEO plugin. -->","yoast_head_json":{"title":"Ing\u00e9nierie & Production | M\u00e9canique, \u00e9lectronique et textile | AQ-Tech","description":"Bureau d\u2019ing\u00e9nierie m\u00e9canique, \u00e9lectronique, logiciel et textile technique. Conception, prototypage, tests, fabrication et industrialisation de produits innovants. AQ-Tech accompagne vos projets de l\u2019id\u00e9e \u00e0 la production.","robots":{"index":"index","follow":"follow","max-snippet":"max-snippet:-1","max-image-preview":"max-image-preview:large","max-video-preview":"max-video-preview:-1"},"canonical":"https:\/\/www.aq-tech.fr\/fr\/","og_locale":"fr_FR","og_type":"article","og_title":"Ing\u00e9nierie & Production | M\u00e9canique, \u00e9lectronique et textile | AQ-Tech","og_description":"Bureau d\u2019ing\u00e9nierie m\u00e9canique, \u00e9lectronique, logiciel et textile technique. Conception, prototypage, tests, fabrication et industrialisation de produits innovants. AQ-Tech accompagne vos projets de l\u2019id\u00e9e \u00e0 la production.","og_url":"https:\/\/www.aq-tech.fr\/fr\/","og_site_name":"AQ-Tech","article_modified_time":"2026-03-19T16:13:35+00:00","twitter_card":"summary_large_image","twitter_misc":{"Dur\u00e9e de lecture estim\u00e9e":"8 minutes"},"schema":{"@context":"https:\/\/schema.org","@graph":[{"@type":"WebPage","@id":"https:\/\/www.aq-tech.fr\/fr\/","url":"https:\/\/www.aq-tech.fr\/fr\/","name":"Ing\u00e9nierie & Production | M\u00e9canique, \u00e9lectronique et textile | AQ-Tech","isPartOf":{"@id":"https:\/\/www.aq-tech.fr\/fr\/#website"},"datePublished":"2025-10-31T07:42:30+00:00","dateModified":"2026-03-19T16:13:35+00:00","description":"Bureau d\u2019ing\u00e9nierie m\u00e9canique, \u00e9lectronique, logiciel et textile technique. Conception, prototypage, tests, fabrication et industrialisation de produits innovants. AQ-Tech accompagne vos projets de l\u2019id\u00e9e \u00e0 la production.","breadcrumb":{"@id":"https:\/\/www.aq-tech.fr\/fr\/#breadcrumb"},"inLanguage":"fr-FR","potentialAction":[{"@type":"ReadAction","target":["https:\/\/www.aq-tech.fr\/fr\/"]}]},{"@type":"BreadcrumbList","@id":"https:\/\/www.aq-tech.fr\/fr\/#breadcrumb","itemListElement":[{"@type":"ListItem","position":1,"name":"Accueil","item":"https:\/\/www.aq-tech.fr\/fr\/"},{"@type":"ListItem","position":2,"name":"Accueil"}]},{"@type":"WebSite","@id":"https:\/\/www.aq-tech.fr\/fr\/#website","url":"https:\/\/www.aq-tech.fr\/fr\/","name":"AQ-Tech","description":"Bureau d&#039;Etude d&#039;Ing\u00e9nierie M\u00e9canique &amp; Electronique &amp; industrielle","potentialAction":[{"@type":"SearchAction","target":{"@type":"EntryPoint","urlTemplate":"https:\/\/www.aq-tech.fr\/fr\/?s={search_term_string}"},"query-input":{"@type":"PropertyValueSpecification","valueRequired":true,"valueName":"search_term_string"}}],"inLanguage":"fr-FR"}]}},"_links":{"self":[{"href":"https:\/\/www.aq-tech.fr\/fr\/wp-json\/wp\/v2\/pages\/6445","targetHints":{"allow":["GET"]}}],"collection":[{"href":"https:\/\/www.aq-tech.fr\/fr\/wp-json\/wp\/v2\/pages"}],"about":[{"href":"https:\/\/www.aq-tech.fr\/fr\/wp-json\/wp\/v2\/types\/page"}],"author":[{"embeddable":true,"href":"https:\/\/www.aq-tech.fr\/fr\/wp-json\/wp\/v2\/users\/1"}],"replies":[{"embeddable":true,"href":"https:\/\/www.aq-tech.fr\/fr\/wp-json\/wp\/v2\/comments?post=6445"}],"version-history":[{"count":29,"href":"https:\/\/www.aq-tech.fr\/fr\/wp-json\/wp\/v2\/pages\/6445\/revisions"}],"predecessor-version":[{"id":6963,"href":"https:\/\/www.aq-tech.fr\/fr\/wp-json\/wp\/v2\/pages\/6445\/revisions\/6963"}],"wp:attachment":[{"href":"https:\/\/www.aq-tech.fr\/fr\/wp-json\/wp\/v2\/media?parent=6445"}],"curies":[{"name":"wp","href":"https:\/\/api.w.org\/{rel}","templated":true}]}}