{"id":2556,"date":"2022-09-01T22:04:07","date_gmt":"2022-09-01T20:04:07","guid":{"rendered":"http:\/\/www.aq-tech.fr\/fr\/?page_id=2556"},"modified":"2025-11-04T09:19:28","modified_gmt":"2025-11-04T08:19:28","slug":"rgpd","status":"publish","type":"page","link":"https:\/\/www.aq-tech.fr\/fr\/autres\/rgpd\/","title":{"rendered":"RGPD"},"content":{"rendered":"<div id=\"legal\">\r\n<div class=\"container\" style=\"clear: both; color: black; background-color: #ccc; padding: 10px;\">\r\n<h1>Politique de confidentialit\u00e9<\/h1>\r\nVotre vie priv\u00e9e est importante pour AQ-Tech.fr. Cette Politique confidentialit\u00e9 a pour but de vous expliquer quelles sont les informations que nous recueillons et comment nous les utilisons, divulguons, transf\u00e9rons et conservons.\r\n\r\nNous vous recommandons de prendre connaissance de la pr\u00e9sente politique de protection des donn\u00e9es personnelles afin de bien comprendre nos engagements et vos droits concernant vos donn\u00e9es personnelles.\r\n\r\nPour toutes questions ou informations relatives \u00e0 la pr\u00e9sente politique de donn\u00e9es personnelles, n\u2019h\u00e9sitez pas \u00e0 nous contacter.\r\n<h2>RESPONSABLE DU TRAITEMENT<\/h2>\r\nLa soci\u00e9t\u00e9 AQ-Tech SASU (\u00ab AQ-Tech \u00bb), dont le si\u00e8ge social se trouve au 4 rue du bulloz, 74940 Annecy le Vieux (France), est le responsable du traitement de vos donn\u00e9es personnelles effectu\u00e9 sur le site Internet www.aq-tech.fr (\u00ab Le Site \u00bb).\r\n<h2>FINALIT\u00c9S DU TRAITEMENT<\/h2>\r\nTraitement r\u00e9alis\u00e9s via le Site www.aq-tech.fr\r\n\r\nVos donn\u00e9es personnelles pourront \u00eatre collect\u00e9es et trait\u00e9es par AQ-Tech au travers du Site \u00e0 des fins de :\r\n<ul style=\"margin-left: 30px;\">\r\n \t<li>Contact avec AQ-Tech, au travers du formulaire de contact mis \u00e0 disposition sur le Site. Les donn\u00e9es sont utilis\u00e9es pour r\u00e9pondre \u00e0 la demande de contact, de r\u00e9servation ou d\u2019informations.<\/li>\r\n \t<li>R\u00e9ception, \u00e0 votre initiative, aux newsletter sur le Site par AQ-Tech.<\/li>\r\n \t<li>Gestion des cookies. Pour plus d\u2019informations, voir la rubrique \u00abGestion des Cookies \u00bb.<\/li>\r\n \t<li>Traitement r\u00e9alis\u00e9s via les r\u00e9seaux sociaux<\/li>\r\n<\/ul>\r\n&nbsp;\r\n\r\nVous disposez de la possibilit\u00e9, lorsque vous naviguez sur le Site www.aq-tech.fr, de vous rendre sur les pages Linkedin AQ-Tech.\r\n\r\n&nbsp;\r\n\r\nDans ce cadre, vos donn\u00e9es personnelles pourront \u00eatre collect\u00e9es et trait\u00e9es par AQ-Tech aux fins suivantes :\r\n\r\n&nbsp;\r\n\r\nDans notre int\u00e9r\u00eat l\u00e9gitime pour :\r\n<ul style=\"margin-left: 30px;\">\r\n \t<li>Obtenir des donn\u00e9es statistiques anonymes concernant les visiteurs de nos Pages Linkedin ;<\/li>\r\n \t<li>R\u00e9pondre \u00e0 vos messages priv\u00e9s ;<\/li>\r\n<\/ul>\r\n&nbsp;\r\n\r\nAvec votre accord pour :\r\n<ul style=\"margin-left: 30px;\">\r\n \t<li>afficher de la publicit\u00e9 cibl\u00e9e.<\/li>\r\n<\/ul>\r\n&nbsp;\r\n\r\nAQ-Tech intervient conjointement avec les r\u00e9seaux sociaux Linkedin dans le traitement de donn\u00e9es visant \u00e0 \u00e9tablir des statistiques d\u2019audience \u00e9tablies sur les visites de nos pages et le partage de contenu et qui nous permettent de comprendre la fa\u00e7on dont les visiteurs interagissent avec nous.\r\n\r\n&nbsp;\r\n\r\nLes traitements de donn\u00e9es ainsi r\u00e9alis\u00e9s sont essentiellement effectu\u00e9s moyennant le placement, par Linkedin, sur l\u2019ordinateur ou sur tout autre appareil des personnes ayant visit\u00e9 nos pages et\/ou ayant partag\u00e9 du contenu du Site sur ses pages Linkedin, de cookies visant \u00e0 stocker des informations sur les navigateurs web.\r\n<h2>DUR\u00c9E DE CONSERVATION DES DONN\u00c9ES PERSONNELLES ET BASE L\u00c9GALE DU TRAITEMENT<\/h2>\r\n&nbsp;\r\n\r\nAQ-Tech conserve vos donn\u00e9es personnelles pour les dur\u00e9es strictement n\u00e9cessaires aux finalit\u00e9s poursuivies, telles que pr\u00e9cis\u00e9es ci-dessous :\r\n<ul style=\"margin-left: 30px;\">\r\n \t<li>Envoi d\u2019emails d&rsquo;information par AQ-Tech, avec votre accord, pour vous transmettre des informations et actualit\u00e9s sur les actualit\u00e9s AQ-tech<\/li>\r\n \t<li>Contact avec AQ-Tech, au travers du formulaire de contact mis \u00e0 disposition sur le Site. Les donn\u00e9es sont utilis\u00e9es pour r\u00e9pondre \u00e0 la demande de contact ou demande d\u2019informations.<\/li>\r\n \t<li>Gestion des cookies. Pour plus d\u2019informations, voir la rubrique \u00ab Gestion des Cookies<\/li>\r\n<\/ul>\r\n&nbsp;\r\n<table style=\"width: 75%; margin-left: 12.5%; border: 1px solid black;\">\r\n<thead>\r\n<tr>\r\n<th>Finalit\u00e9s<\/th>\r\n<th>Dur\u00e9e de conservation<\/th>\r\n<th>Base l\u00e9gale<\/th>\r\n<\/tr>\r\n<\/thead>\r\n<tbody>\r\n<tr>\r\n<td>Gestion des demandes de contact et\/ou d\u2019informations<\/td>\r\n<td>__3_ mois \u00e0 compter de la collecte des donn\u00e9es<\/td>\r\n<td>Int\u00e9r\u00eat l\u00e9gitime<\/td>\r\n<\/tr>\r\n<tr>\r\n<td>Gestion de la prospection commerciale (envoi de newsletters)<\/td>\r\n<td>3 ans \u00e0 compter du dernier contact de votre part, sauf manifestation d\u2019une opposition de votre part \u00e0 une telle utilisation<\/td>\r\n<td>Consentement<\/td>\r\n<\/tr>\r\n<tr>\r\n<td>Gestion analytique de l\u2019activit\u00e9 (mesure d\u2019audience, r\u00e9alisation de statistiques, d\u2019\u00e9tudes comparatives, de segmentations, etc.)<\/td>\r\n<td>13 mois \u00e0 compter du d\u00e9p\u00f4t du cookie.<\/td>\r\n<td>Consentement<\/td>\r\n<\/tr>\r\n<\/tbody>\r\n<\/table>\r\n&nbsp;\r\n\r\nNous pouvons \u00eatre amen\u00e9s \u00e0 conserv\u00e9s vos donn\u00e9es pour une dur\u00e9e sup\u00e9rieure \u00e0 celles pr\u00e9cis\u00e9es ci-dessus en application d\u2019une loi ou d\u2019un r\u00e8glement.\r\n<h2>COOKIES<\/h2>\r\nLe Site www.aq-tech.fr peut utiliser des cookies.\r\n\r\n&nbsp;\r\n\r\nUn cookie est un fichier texte que les sites Internet sauvegardent sur votre ordinateur ou appareil mobile lorsque vous les consultez. Les cookies permettent \u00e0 ces sites de reconnaitre l\u2019appareil que vous \u00eates en train d\u2019utiliser et de m\u00e9moriser vos actions et pr\u00e9f\u00e9rences pendant une certaine dur\u00e9e. Les cookies permettent ainsi de faciliter votre navigation sur le Site www.aq-tech.fr vous \u00e9vitant d\u2019indiquer \u00e0 nouveau ces informations \u00e0 chaque fois que vous consultez ce Site.\r\n\r\n&nbsp;\r\n\r\nLe Site www.aq-tech.fr int\u00e8gre une application vous permettant de g\u00e9rer votre consentement quant \u00e0 l\u2019utilisation et \u00e0 la d\u00e9sactivation de ces cookies.\r\n\r\n&nbsp;\r\n\r\nPour plus d\u2019informations sur la politique de gestion des cookies du Site www.aq-tech.fr.\r\n<h2>DESTINATAIRES DE VOS DONN\u00c9ES<\/h2>\r\nLes destinataires de vos donn\u00e9es personnelles sont :\r\n<ul style=\"margin-left: 30px;\">\r\n \t<li>Les personnes habilit\u00e9es au sein de AQ-Tech qui sont en charge du traitement de vos donn\u00e9es. Ces personnes n\u2019ont acc\u00e8s qu\u2019aux seules donn\u00e9es qui leur sont n\u00e9cessaires dans le cadre de leurs fonctions.<\/li>\r\n \t<li>Nos sous-traitants en charge de la gestion, pour le compte de AQ-Tech, de vos donn\u00e9es, notamment pour l\u2019h\u00e9bergement du Site, l\u2019envoi des newsletters et la maintenance applicative.<\/li>\r\n<\/ul>\r\n<h2>VOS DROITS ET RECOURS<\/h2>\r\n&nbsp;\r\n\r\nVous disposez d\u2019un droit d\u2019acc\u00e8s \u00e0 vos donn\u00e9es personnelles, de rectification et d\u2019effacement de vos donn\u00e9es personnelles. Vous b\u00e9n\u00e9ficiez \u00e9galement d\u2019un droit de limitation du traitement, d\u2019un droit \u00e0 la portabilit\u00e9 et d\u2019un droit d\u2019opposition conform\u00e9ment au R\u00e8glement g\u00e9n\u00e9ral relatif \u00e0 la protection des donn\u00e9es.\r\n\r\n&nbsp;\r\n\r\nVous disposez \u00e9galement du droit de d\u00e9finir vos directives relatives \u00e0 la conservation, \u00e0 l\u2019effacement et \u00e0 la communication de vos donn\u00e9es personnelles apr\u00e8s votre d\u00e9c\u00e8s conform\u00e9ment \u00e0 l\u2019article 85 de la Loi Informatique et Libert\u00e9s.\r\n\r\n&nbsp;\r\n\r\nPour exercer ces droits, et sous r\u00e9serve de justifier de votre identit\u00e9, vous pouvez nous contacter par email \u00e0 l\u2019adresse suivante : contact@aq-tech.fr.\r\n\r\n&nbsp;\r\n\r\nNous ferons le n\u00e9cessaire pour r\u00e9pondre de mani\u00e8re satisfaisante \u00e0 vos demandes. Si, pour quelle que raison que ce soit, vous consid\u00e9rez que notre r\u00e9ponse n\u2019est pas satisfaisante, nous vous informons que vous pouvez introduire une r\u00e9clamation aupr\u00e8s de la CNIL (Commission Nationale de l\u2019Informatique et des Libert\u00e9s).\r\n<h2>NOUS CONTACTER<\/h2>\r\nPour toutes questions et demandes d\u2019informations concernant la pr\u00e9sente politique de donn\u00e9es personnelles, ou pour exercer l\u2019un quelconque de vos droits mentionn\u00e9s ci-dessus, vous pouvez contacter le Data Protection Officer de AQ-Tech par mail \u00e0 contact@aq-tech.fr ou par courrier postal \u00e0 l\u2019adresse AQ-Tech, 180 route des pr\u00e9s rollier, 74330 Sillingy &#8211; France.\r\n\r\n<\/div>\r\n<\/div>","protected":false},"excerpt":{"rendered":"<p>Politique de confidentialit\u00e9 Votre vie priv\u00e9e est importante pour AQ-Tech.fr. Cette Politique confidentialit\u00e9 a pour but de vous expliquer quelles sont les informations que nous recueillons et comment nous les utilisons, divulguons, transf\u00e9rons et conservons. Nous vous recommandons de prendre connaissance de la pr\u00e9sente politique de protection des donn\u00e9es personnelles afin de bien comprendre nos [&hellip;]<\/p>\n","protected":false},"author":1,"featured_media":0,"parent":6525,"menu_order":0,"comment_status":"closed","ping_status":"closed","template":"","meta":{"footnotes":""},"class_list":["post-2556","page","type-page","status-publish","hentry"],"yoast_head":"<!-- This site is optimized with the Yoast SEO plugin v26.2 - https:\/\/yoast.com\/wordpress\/plugins\/seo\/ -->\n<title>RGPD - AQ-Tech<\/title>\n<meta name=\"robots\" content=\"index, follow, max-snippet:-1, max-image-preview:large, max-video-preview:-1\" \/>\n<link rel=\"canonical\" href=\"https:\/\/www.aq-tech.fr\/fr\/autres\/rgpd\/\" \/>\n<meta property=\"og:locale\" content=\"fr_FR\" \/>\n<meta property=\"og:type\" content=\"article\" \/>\n<meta property=\"og:title\" content=\"RGPD - AQ-Tech\" \/>\n<meta property=\"og:description\" content=\"Politique de confidentialit\u00e9 Votre vie priv\u00e9e est importante pour AQ-Tech.fr. Cette Politique confidentialit\u00e9 a pour but de vous expliquer quelles sont les informations que nous recueillons et comment nous les utilisons, divulguons, transf\u00e9rons et conservons. Nous vous recommandons de prendre connaissance de la pr\u00e9sente politique de protection des donn\u00e9es personnelles afin de bien comprendre nos [&hellip;]\" \/>\n<meta property=\"og:url\" content=\"https:\/\/www.aq-tech.fr\/fr\/autres\/rgpd\/\" \/>\n<meta property=\"og:site_name\" content=\"AQ-Tech\" \/>\n<meta property=\"article:modified_time\" content=\"2025-11-04T08:19:28+00:00\" \/>\n<meta name=\"twitter:card\" content=\"summary_large_image\" \/>\n<meta name=\"twitter:label1\" content=\"Dur\u00e9e de lecture estim\u00e9e\" \/>\n\t<meta name=\"twitter:data1\" content=\"5 minutes\" \/>\n<script type=\"application\/ld+json\" class=\"yoast-schema-graph\">{\"@context\":\"https:\/\/schema.org\",\"@graph\":[{\"@type\":\"WebPage\",\"@id\":\"https:\/\/www.aq-tech.fr\/fr\/autres\/rgpd\/\",\"url\":\"https:\/\/www.aq-tech.fr\/fr\/autres\/rgpd\/\",\"name\":\"RGPD - AQ-Tech\",\"isPartOf\":{\"@id\":\"https:\/\/www.aq-tech.fr\/fr\/#website\"},\"datePublished\":\"2022-09-01T20:04:07+00:00\",\"dateModified\":\"2025-11-04T08:19:28+00:00\",\"breadcrumb\":{\"@id\":\"https:\/\/www.aq-tech.fr\/fr\/autres\/rgpd\/#breadcrumb\"},\"inLanguage\":\"fr-FR\",\"potentialAction\":[{\"@type\":\"ReadAction\",\"target\":[\"https:\/\/www.aq-tech.fr\/fr\/autres\/rgpd\/\"]}]},{\"@type\":\"BreadcrumbList\",\"@id\":\"https:\/\/www.aq-tech.fr\/fr\/autres\/rgpd\/#breadcrumb\",\"itemListElement\":[{\"@type\":\"ListItem\",\"position\":1,\"name\":\"Accueil\",\"item\":\"https:\/\/www.aq-tech.fr\/fr\/\"},{\"@type\":\"ListItem\",\"position\":2,\"name\":\"Autres\",\"item\":\"https:\/\/www.aq-tech.fr\/fr\/autres\/\"},{\"@type\":\"ListItem\",\"position\":3,\"name\":\"RGPD\"}]},{\"@type\":\"WebSite\",\"@id\":\"https:\/\/www.aq-tech.fr\/fr\/#website\",\"url\":\"https:\/\/www.aq-tech.fr\/fr\/\",\"name\":\"AQ-Tech\",\"description\":\"Bureau d&#039;Etude d&#039;Ing\u00e9nierie M\u00e9canique &amp; Electronique &amp; industrielle\",\"potentialAction\":[{\"@type\":\"SearchAction\",\"target\":{\"@type\":\"EntryPoint\",\"urlTemplate\":\"https:\/\/www.aq-tech.fr\/fr\/?s={search_term_string}\"},\"query-input\":{\"@type\":\"PropertyValueSpecification\",\"valueRequired\":true,\"valueName\":\"search_term_string\"}}],\"inLanguage\":\"fr-FR\"}]}<\/script>\n<!-- \/ Yoast SEO plugin. -->","yoast_head_json":{"title":"RGPD - AQ-Tech","robots":{"index":"index","follow":"follow","max-snippet":"max-snippet:-1","max-image-preview":"max-image-preview:large","max-video-preview":"max-video-preview:-1"},"canonical":"https:\/\/www.aq-tech.fr\/fr\/autres\/rgpd\/","og_locale":"fr_FR","og_type":"article","og_title":"RGPD - AQ-Tech","og_description":"Politique de confidentialit\u00e9 Votre vie priv\u00e9e est importante pour AQ-Tech.fr. Cette Politique confidentialit\u00e9 a pour but de vous expliquer quelles sont les informations que nous recueillons et comment nous les utilisons, divulguons, transf\u00e9rons et conservons. Nous vous recommandons de prendre connaissance de la pr\u00e9sente politique de protection des donn\u00e9es personnelles afin de bien comprendre nos [&hellip;]","og_url":"https:\/\/www.aq-tech.fr\/fr\/autres\/rgpd\/","og_site_name":"AQ-Tech","article_modified_time":"2025-11-04T08:19:28+00:00","twitter_card":"summary_large_image","twitter_misc":{"Dur\u00e9e de lecture estim\u00e9e":"5 minutes"},"schema":{"@context":"https:\/\/schema.org","@graph":[{"@type":"WebPage","@id":"https:\/\/www.aq-tech.fr\/fr\/autres\/rgpd\/","url":"https:\/\/www.aq-tech.fr\/fr\/autres\/rgpd\/","name":"RGPD - AQ-Tech","isPartOf":{"@id":"https:\/\/www.aq-tech.fr\/fr\/#website"},"datePublished":"2022-09-01T20:04:07+00:00","dateModified":"2025-11-04T08:19:28+00:00","breadcrumb":{"@id":"https:\/\/www.aq-tech.fr\/fr\/autres\/rgpd\/#breadcrumb"},"inLanguage":"fr-FR","potentialAction":[{"@type":"ReadAction","target":["https:\/\/www.aq-tech.fr\/fr\/autres\/rgpd\/"]}]},{"@type":"BreadcrumbList","@id":"https:\/\/www.aq-tech.fr\/fr\/autres\/rgpd\/#breadcrumb","itemListElement":[{"@type":"ListItem","position":1,"name":"Accueil","item":"https:\/\/www.aq-tech.fr\/fr\/"},{"@type":"ListItem","position":2,"name":"Autres","item":"https:\/\/www.aq-tech.fr\/fr\/autres\/"},{"@type":"ListItem","position":3,"name":"RGPD"}]},{"@type":"WebSite","@id":"https:\/\/www.aq-tech.fr\/fr\/#website","url":"https:\/\/www.aq-tech.fr\/fr\/","name":"AQ-Tech","description":"Bureau d&#039;Etude d&#039;Ing\u00e9nierie M\u00e9canique &amp; Electronique &amp; industrielle","potentialAction":[{"@type":"SearchAction","target":{"@type":"EntryPoint","urlTemplate":"https:\/\/www.aq-tech.fr\/fr\/?s={search_term_string}"},"query-input":{"@type":"PropertyValueSpecification","valueRequired":true,"valueName":"search_term_string"}}],"inLanguage":"fr-FR"}]}},"_links":{"self":[{"href":"https:\/\/www.aq-tech.fr\/fr\/wp-json\/wp\/v2\/pages\/2556","targetHints":{"allow":["GET"]}}],"collection":[{"href":"https:\/\/www.aq-tech.fr\/fr\/wp-json\/wp\/v2\/pages"}],"about":[{"href":"https:\/\/www.aq-tech.fr\/fr\/wp-json\/wp\/v2\/types\/page"}],"author":[{"embeddable":true,"href":"https:\/\/www.aq-tech.fr\/fr\/wp-json\/wp\/v2\/users\/1"}],"replies":[{"embeddable":true,"href":"https:\/\/www.aq-tech.fr\/fr\/wp-json\/wp\/v2\/comments?post=2556"}],"version-history":[{"count":17,"href":"https:\/\/www.aq-tech.fr\/fr\/wp-json\/wp\/v2\/pages\/2556\/revisions"}],"predecessor-version":[{"id":6635,"href":"https:\/\/www.aq-tech.fr\/fr\/wp-json\/wp\/v2\/pages\/2556\/revisions\/6635"}],"up":[{"embeddable":true,"href":"https:\/\/www.aq-tech.fr\/fr\/wp-json\/wp\/v2\/pages\/6525"}],"wp:attachment":[{"href":"https:\/\/www.aq-tech.fr\/fr\/wp-json\/wp\/v2\/media?parent=2556"}],"curies":[{"name":"wp","href":"https:\/\/api.w.org\/{rel}","templated":true}]}}